{"id":4379,"date":"2025-08-06T03:25:17","date_gmt":"2025-08-05T18:25:17","guid":{"rendered":"https:\/\/worldwatch.tokyo\/?page_id=4379"},"modified":"2025-08-27T23:23:21","modified_gmt":"2025-08-27T14:23:21","slug":"kontakt","status":"publish","type":"page","link":"https:\/\/worldwatch.tokyo\/de\/kontakt\/","title":{"rendered":"KONTAKT"},"content":{"rendered":"\n\n<div class=\"wp-block-image\">\n<figure class=\"aligncenter size-full\"><img decoding=\"async\" width=\"900\" height=\"600\" src=\"https:\/\/worldwatch.tokyo\/wp-content\/uploads\/2025\/08\/KONTAKT-dn.jpg\" alt=\"KONTAKT--dn\" class=\"wp-image-4380\" srcset=\"https:\/\/worldwatch.tokyo\/wp-content\/uploads\/2025\/08\/KONTAKT-dn.jpg 900w, https:\/\/worldwatch.tokyo\/wp-content\/uploads\/2025\/08\/KONTAKT-dn-400x267.jpg 400w, https:\/\/worldwatch.tokyo\/wp-content\/uploads\/2025\/08\/KONTAKT-dn-768x512.jpg 768w\" sizes=\"(max-width: 900px) 100vw, 900px\" \/><figcaption class=\"wp-element-caption\">KONTAKT&#8211;dn<\/figcaption><\/figure>\n<\/div>\n\n\n<div class=\"contact-lang-switch\" aria-label=\"Language switch for contact page\">\n  <!-- \u65e5\u672c\u8a9e\uff08\u78ba\u5b9a\uff09 -->\n  <a href=\"https:\/\/worldwatch.tokyo\/contact-jp\/\" lang=\"ja\" title=\"\u65e5\u672c\u8a9e\u306e\u304a\u554f\u3044\u5408\u308f\u305b\u30da\u30fc\u30b8\">\u65e5\u672c\u8a9e<\/a>\n\n  <!-- \u4f8b: \u82f1\u8a9e\/\u30c8\u30eb\u30b3\u8a9e\/\u30c9\u30a4\u30c4\u8a9e\uff08\u5b9fURL\u306b\u7f6e\u304d\u63db\u3048\u3066OK\uff09 -->\n  <a href=\"https:\/\/worldwatch.tokyo\/contact\/\"  lang=\"en\" title=\"Contact page in English\">English<\/a>\n  <a href=\"https:\/\/worldwatch.tokyo\/iletisim\/\" lang=\"tr\" title=\"\u0130leti\u015fim sayfas\u0131 (T\u00fcrk\u00e7e)\">T\u00fcrk\u00e7e<\/a>\n  <a href=\"https:\/\/worldwatch.tokyo\/kontakt\/\"  lang=\"de\" title=\"Kontaktseite auf Deutsch\">Deutsch<\/a>\n<\/div>\n\n\n\n<h2>Kontaktformular<\/h2>\n\n\n\n\n\n<p><span style=\"font-size: 20px;\">Vielen Dank f\u00fcr Ihren Besuch auf unserem Blog <em data-start=\"117\" data-end=\"138\">\u201e<strong data-start=\"284\" data-end=\"305\">Noah\u2019s Walk in Turkey<\/strong>\u201c<\/em>.<br data-start=\"139\" data-end=\"142\">Bei Fragen, Anregungen oder Kooperationsvorschl\u00e4gen k\u00f6nnen Sie uns jederzeit gerne kontaktieren.<br data-start=\"238\" data-end=\"241\">\u203bFragen zu Reisetipps, Leben und Kultur in der T\u00fcrkei sind ebenfalls herzlich willkommen.<\/span><\/p>\n\n\n\n\n<div class=\"wpcf7 no-js\" id=\"wpcf7-f6891-o1\" lang=\"de-DE\" dir=\"ltr\" data-wpcf7-id=\"6891\">\n<div class=\"screen-reader-response\"><p role=\"status\" aria-live=\"polite\" aria-atomic=\"true\"><\/p> <ul><\/ul><\/div>\n<form action=\"\/de\/wp-json\/wp\/v2\/pages\/4379#wpcf7-f6891-o1\" method=\"post\" class=\"wpcf7-form init\" aria-label=\"Kontaktformular\" novalidate=\"novalidate\" data-status=\"init\">\n<fieldset class=\"hidden-fields-container\"><input type=\"hidden\" name=\"_wpcf7\" value=\"6891\" \/><input type=\"hidden\" name=\"_wpcf7_version\" value=\"6.1.5\" \/><input type=\"hidden\" name=\"_wpcf7_locale\" value=\"de_DE\" \/><input type=\"hidden\" name=\"_wpcf7_unit_tag\" value=\"wpcf7-f6891-o1\" \/><input type=\"hidden\" name=\"_wpcf7_container_post\" value=\"0\" \/><input type=\"hidden\" name=\"_wpcf7_posted_data_hash\" value=\"\" \/><input type=\"hidden\" name=\"_wpcf7_recaptcha_response\" value=\"\" \/>\n<\/fieldset>\n<p><label>Ihr Name (erforderlich)<br \/>\n<span class=\"wpcf7-form-control-wrap\" data-name=\"your-name\"><input size=\"40\" maxlength=\"400\" class=\"wpcf7-form-control wpcf7-text wpcf7-validates-as-required\" autocomplete=\"name\" aria-required=\"true\" aria-invalid=\"false\" placeholder=\"Max Mustermann\" value=\"\" type=\"text\" name=\"your-name\" \/><\/span><br \/>\n<\/label>\n<\/p>\n<p><label>Ihre E-Mail (erforderlich)<br \/>\n<span class=\"wpcf7-form-control-wrap\" data-name=\"your-email\"><input size=\"40\" maxlength=\"400\" class=\"wpcf7-form-control wpcf7-email wpcf7-validates-as-required wpcf7-text wpcf7-validates-as-email\" autocomplete=\"email\" aria-required=\"true\" aria-invalid=\"false\" placeholder=\"max@example.com\" value=\"\" type=\"email\" name=\"your-email\" \/><\/span><br \/>\n<\/label>\n<\/p>\n<p><label>Betreff (erforderlich)<br \/>\n<span class=\"wpcf7-form-control-wrap\" data-name=\"your-subject\"><input size=\"40\" maxlength=\"400\" class=\"wpcf7-form-control wpcf7-text wpcf7-validates-as-required\" aria-required=\"true\" aria-invalid=\"false\" placeholder=\"Anfrage zu ...\" value=\"\" type=\"text\" name=\"your-subject\" \/><\/span><br \/>\n<\/label>\n<\/p>\n<p><label>Ihre Nachricht (optional)<br \/>\n<span class=\"wpcf7-form-control-wrap\" data-name=\"your-message\"><textarea cols=\"40\" rows=\"10\" maxlength=\"2000\" class=\"wpcf7-form-control wpcf7-textarea\" aria-invalid=\"false\" placeholder=\"Bitte beschreiben Sie Ihr Anliegen\" name=\"your-message\"><\/textarea><\/span><br \/>\n<\/label>\n<\/p>\n<p class=\"cf7-privacy-note\"><br \/>\nMit dem Absenden dieses Formulars erkl\u00e4ren Sie sich mit unserer<br \/>\n<a target=\"_blank\" rel=\"nofollow noopener\" href=\"\/datenschutzerklaerung\/\">Datenschutzerkl\u00e4rung<\/a> einverstanden.\n<\/p>\n<p><input class=\"wpcf7-form-control wpcf7-submit has-spinner\" type=\"submit\" value=\"Senden\" \/>\n<\/p>\n<div class=\"cf7-akismet-note\">\n\t<p>Diese Website verwendet Akismet, um Spam zu reduzieren.<br \/>\n<a target=\"_blank\" rel=\"nofollow noopener\" href=\"https:\/\/akismet.com\/privacy\/\">Erfahren Sie, wie Ihre Daten verarbeitet werden<\/a>.\n\t<\/p>\n<\/div><p style=\"display: none !important;\" class=\"akismet-fields-container\" data-prefix=\"_wpcf7_ak_\"><label>&#916;<textarea name=\"_wpcf7_ak_hp_textarea\" cols=\"45\" rows=\"8\" maxlength=\"100\"><\/textarea><\/label><input type=\"hidden\" id=\"ak_js_1\" name=\"_wpcf7_ak_js\" value=\"91\"\/><script>document.getElementById( \"ak_js_1\" ).setAttribute( \"value\", ( new Date() ).getTime() );<\/script><\/p><div class=\"wpcf7-response-output\" aria-hidden=\"true\"><\/div>\n<\/form>\n<\/div>\n\n<hr data-start=\"699\" data-end=\"702\" \/>\n<p data-start=\"704\" data-end=\"720\"><strong data-start=\"704\" data-end=\"718\">\u3010Hinweise\u3011<\/strong><\/p>\n<ul data-start=\"721\" data-end=\"980\">\n<li data-start=\"721\" data-end=\"785\">\n<p data-start=\"723\" data-end=\"785\">Auf Spam oder b\u00f6swillige Nachrichten wird nicht geantwortet.<\/p>\n<\/li>\n<li data-start=\"786\" data-end=\"857\">\n<p data-start=\"788\" data-end=\"857\">Wir k\u00f6nnen auf Japanisch, Englisch, T\u00fcrkisch und Deutsch antworten.<\/p>\n<\/li>\n<li data-start=\"858\" data-end=\"924\">\n<p data-start=\"860\" data-end=\"924\">Bitte beachten Sie, dass eine Antwort einige Tage dauern kann.<\/p>\n<\/li>\n<li data-start=\"925\" data-end=\"980\">\n<p data-start=\"927\" data-end=\"980\">Zum Schutz vor Spam verwenden wir Google reCAPTCHA.<\/p>\n<\/li>\n<\/ul>\n\n","protected":false},"excerpt":{"rendered":"<p>\u65e5\u672c\u8a9e English T\u00fcrk\u00e7e Deutsch<\/p>\n","protected":false},"author":1,"featured_media":4380,"parent":0,"menu_order":0,"comment_status":"closed","ping_status":"closed","template":"","meta":{"swell_btn_cv_data":"","footnotes":""},"class_list":["post-4379","page","type-page","status-publish","has-post-thumbnail","hentry"],"_links":{"self":[{"href":"https:\/\/worldwatch.tokyo\/de\/wp-json\/wp\/v2\/pages\/4379","targetHints":{"allow":["GET"]}}],"collection":[{"href":"https:\/\/worldwatch.tokyo\/de\/wp-json\/wp\/v2\/pages"}],"about":[{"href":"https:\/\/worldwatch.tokyo\/de\/wp-json\/wp\/v2\/types\/page"}],"author":[{"embeddable":true,"href":"https:\/\/worldwatch.tokyo\/de\/wp-json\/wp\/v2\/users\/1"}],"replies":[{"embeddable":true,"href":"https:\/\/worldwatch.tokyo\/de\/wp-json\/wp\/v2\/comments?post=4379"}],"version-history":[{"count":8,"href":"https:\/\/worldwatch.tokyo\/de\/wp-json\/wp\/v2\/pages\/4379\/revisions"}],"predecessor-version":[{"id":6909,"href":"https:\/\/worldwatch.tokyo\/de\/wp-json\/wp\/v2\/pages\/4379\/revisions\/6909"}],"wp:featuredmedia":[{"embeddable":true,"href":"https:\/\/worldwatch.tokyo\/de\/wp-json\/wp\/v2\/media\/4380"}],"wp:attachment":[{"href":"https:\/\/worldwatch.tokyo\/de\/wp-json\/wp\/v2\/media?parent=4379"}],"curies":[{"name":"wp","href":"https:\/\/api.w.org\/{rel}","templated":true}]}}