{"id":4432,"date":"2025-08-14T18:03:55","date_gmt":"2025-08-14T09:03:55","guid":{"rendered":"https:\/\/worldwatch.tokyo\/?page_id=4432"},"modified":"2025-08-26T03:28:57","modified_gmt":"2025-08-25T18:28:57","slug":"main-page-dn","status":"publish","type":"page","link":"https:\/\/worldwatch.tokyo\/de\/","title":{"rendered":"Hauptseite"},"content":{"rendered":"\n\n\n<!-- Language CTA (Custom HTML block) -->\n<div class=\"lang-cta\" aria-label=\"Select your language\">\n  <p class=\"lang-cta__title\">Select your language<\/p>\n  <nav class=\"lang-cta__grid\" aria-label=\"Language selector\">\n\n    <!-- \u65e5\u672c\u8a9e -->\n    <a class=\"lang-cta__btn\" href=\"\/ja\/\" hreflang=\"ja\" aria-label=\"Switch to Japanese site\">\n      <span class=\"lang-cta__flag\" aria-hidden=\"true\">\n        <svg viewBox=\"0 0 3 2\" xmlns=\"http:\/\/www.w3.org\/2000\/svg\">\n          <rect width=\"3\" height=\"2\" fill=\"#fff\"\/>\n          <circle cx=\"1.5\" cy=\"1\" r=\"0.6\" fill=\"#bc002d\"\/>\n        <\/svg>\n      <\/span>\n      <span class=\"lang-cta__label\" lang=\"ja\">\u65e5\u672c\u8a9e<\/span>\n    <\/a>\n\n    <!-- English\uff08\u82f1\u8a9e\u304c\u65e2\u5b9a\u8a00\u8a9e\u306e\u305f\u3081 \/ \u3067OK\u3002\u5c06\u6765 \/en\/ \u904b\u7528\u306a\u3089 href \u3092 \/en\/ \u306b\u5909\u66f4\uff09-->\n    <a class=\"lang-cta__btn\" href=\"\/\" hreflang=\"en\" aria-label=\"Switch to English site\">\n      <span class=\"lang-cta__flag\" aria-hidden=\"true\">\n        <!-- Union Jack\uff08\u7c21\u6613\uff09 -->\n        <svg viewBox=\"0 0 60 30\" xmlns=\"http:\/\/www.w3.org\/2000\/svg\">\n          <rect width=\"60\" height=\"30\" fill=\"#012169\"\/>\n          <path d=\"M0,0 L60,30 M60,0 L0,30\" stroke=\"#fff\" stroke-width=\"6\"\/>\n          <rect x=\"0\" y=\"12\" width=\"60\" height=\"6\" fill=\"#fff\"\/>\n          <rect x=\"27\" y=\"0\" width=\"6\" height=\"30\" fill=\"#fff\"\/>\n          <path d=\"M0,0 L60,30 M60,0 L0,30\" stroke=\"#C8102E\" stroke-width=\"4\"\/>\n          <rect x=\"0\" y=\"13\" width=\"60\" height=\"4\" fill=\"#C8102E\"\/>\n          <rect x=\"28\" y=\"0\" width=\"4\" height=\"30\" fill=\"#C8102E\"\/>\n        <\/svg>\n      <\/span>\n      <span class=\"lang-cta__label\" lang=\"en\">English<\/span>\n    <\/a>\n\n    <!-- T\u00fcrk\u00e7e -->\n    <a class=\"lang-cta__btn\" href=\"\/tr\/\" hreflang=\"tr\" aria-label=\"Switch to Turkish site\">\n      <span class=\"lang-cta__flag\" aria-hidden=\"true\">\n        <svg viewBox=\"0 0 3 2\" xmlns=\"http:\/\/www.w3.org\/2000\/svg\">\n          <rect width=\"3\" height=\"2\" fill=\"#e30a17\"\/>\n          <circle cx=\"1.2\" cy=\"1\" r=\"0.50\" fill=\"#fff\"\/>\n          <circle cx=\"1.35\" cy=\"1\" r=\"0.40\" fill=\"#e30a17\"\/>\n          <polygon points=\"2.0,1 2.18,1.06 2.09,0.89 2.22,0.77 2.04,0.77 2.0,0.60 1.96,0.77 1.78,0.77 1.91,0.89 1.82,1.06\" fill=\"#fff\"\/>\n        <\/svg>\n      <\/span>\n      <span class=\"lang-cta__label\" lang=\"tr\">T\u00fcrk\u00e7e<\/span>\n    <\/a>\n\n    <!-- Deutsch -->\n    <a class=\"lang-cta__btn\" href=\"\/de\/\" hreflang=\"de\" aria-label=\"Switch to German site\">\n      <span class=\"lang-cta__flag\" aria-hidden=\"true\">\n        <svg viewBox=\"0 0 5 3\" xmlns=\"http:\/\/www.w3.org\/2000\/svg\">\n          <rect width=\"5\" height=\"3\" fill=\"#ffce00\"\/>\n          <rect width=\"5\" height=\"2\" y=\"0\" fill=\"#000\"\/>\n          <rect width=\"5\" height=\"1\" y=\"1\" fill=\"#dd0000\"\/>\n        <\/svg>\n      <\/span>\n      <span class=\"lang-cta__label\" lang=\"de\">Deutsch<\/span>\n    <\/a>\n\n  <\/nav>\n<\/div>\n\n\n\n\n<div class=\"wp-block-image\">\n<figure class=\"aligncenter size-large\"><img decoding=\"async\" width=\"1024\" height=\"682\" src=\"https:\/\/worldwatch.tokyo\/wp-content\/uploads\/2025\/08\/Main-1024x682.jpg\" alt=\"Das Mausoleum von Atat\u00fcrk (An\u0131tkabir)\" class=\"wp-image-4707\" srcset=\"https:\/\/worldwatch.tokyo\/wp-content\/uploads\/2025\/08\/Main-1024x682.jpg 1024w, https:\/\/worldwatch.tokyo\/wp-content\/uploads\/2025\/08\/Main-400x267.jpg 400w, https:\/\/worldwatch.tokyo\/wp-content\/uploads\/2025\/08\/Main-768x512.jpg 768w, https:\/\/worldwatch.tokyo\/wp-content\/uploads\/2025\/08\/Main-1536x1024.jpg 1536w, https:\/\/worldwatch.tokyo\/wp-content\/uploads\/2025\/08\/Main.jpg 2000w\" sizes=\"(max-width: 1024px) 100vw, 1024px\" \/><figcaption class=\"wp-element-caption\">Main<\/figcaption><\/figure>\n<\/div>\n\n<div id=\"ez-toc-container\" class=\"ez-toc-v2_0_82_2 counter-hierarchy ez-toc-counter ez-toc-grey ez-toc-container-direction\">\n<div class=\"ez-toc-title-container\">\n<p class=\"ez-toc-title\" style=\"cursor:inherit\">Table of Contents<\/p>\n<span class=\"ez-toc-title-toggle\"><a href=\"#\" class=\"ez-toc-pull-right ez-toc-btn ez-toc-btn-xs ez-toc-btn-default ez-toc-toggle\" aria-label=\"Toggle Table of Content\"><span class=\"ez-toc-js-icon-con\"><span class=\"\"><span class=\"eztoc-hide\" style=\"display:none;\">Toggle<\/span><span class=\"ez-toc-icon-toggle-span\"><svg style=\"fill: #999;color:#999\" xmlns=\"http:\/\/www.w3.org\/2000\/svg\" class=\"list-377408\" width=\"20px\" height=\"20px\" viewBox=\"0 0 24 24\" fill=\"none\"><path d=\"M6 6H4v2h2V6zm14 0H8v2h12V6zM4 11h2v2H4v-2zm16 0H8v2h12v-2zM4 16h2v2H4v-2zm16 0H8v2h12v-2z\" fill=\"currentColor\"><\/path><\/svg><svg style=\"fill: #999;color:#999\" class=\"arrow-unsorted-368013\" xmlns=\"http:\/\/www.w3.org\/2000\/svg\" width=\"10px\" height=\"10px\" viewBox=\"0 0 24 24\" version=\"1.2\" baseProfile=\"tiny\"><path d=\"M18.2 9.3l-6.2-6.3-6.2 6.3c-.2.2-.3.4-.3.7s.1.5.3.7c.2.2.4.3.7.3h11c.3 0 .5-.1.7-.3.2-.2.3-.5.3-.7s-.1-.5-.3-.7zM5.8 14.7l6.2 6.3 6.2-6.3c.2-.2.3-.5.3-.7s-.1-.5-.3-.7c-.2-.2-.4-.3-.7-.3h-11c-.3 0-.5.1-.7.3-.2.2-.3.5-.3.7s.1.5.3.7z\"\/><\/svg><\/span><\/span><\/span><\/a><\/span><\/div>\n<nav><ul class='ez-toc-list ez-toc-list-level-1 ' ><li class='ez-toc-page-1 ez-toc-heading-level-2'><a class=\"ez-toc-link ez-toc-heading-1\" href=\"https:\/\/worldwatch.tokyo\/de\/#Reise_durch_die_Tuerkei_in_Bildern_und_Videos\" >Reise durch die T\u00fcrkei in Bildern und Videos<\/a><\/li><li class='ez-toc-page-1 ez-toc-heading-level-2'><a class=\"ez-toc-link ez-toc-heading-2\" href=\"https:\/\/worldwatch.tokyo\/de\/#Warum_die_Tuerkei_so_besonders_ist\" >Warum die T\u00fcrkei so besonders ist<\/a><ul class='ez-toc-list-level-3' ><li class='ez-toc-heading-level-3'><a class=\"ez-toc-link ez-toc-heading-3\" href=\"https:\/\/worldwatch.tokyo\/de\/#Istanbul%EF%BD%9CStadt_zwischen_Geschichte_und_Moderne\" >Istanbul\uff5cStadt zwischen Geschichte und Moderne<\/a><\/li><li class='ez-toc-page-1 ez-toc-heading-level-3'><a class=\"ez-toc-link ez-toc-heading-4\" href=\"https:\/\/worldwatch.tokyo\/de\/#Aegaeis-Kueste%EF%BD%9CRuinen_und_das_blaue_Mittelmeer\" >\u00c4g\u00e4is-K\u00fcste\uff5cRuinen und das blaue Mittelmeer<\/a><\/li><li class='ez-toc-page-1 ez-toc-heading-level-3'><a class=\"ez-toc-link ez-toc-heading-5\" href=\"https:\/\/worldwatch.tokyo\/de\/#Kappadokien%EF%BD%9CHeissluftballons_Felsenwunder\" >Kappadokien\uff5cHei\u00dfluftballons &amp; Felsenwunder<\/a><\/li><li class='ez-toc-page-1 ez-toc-heading-level-3'><a class=\"ez-toc-link ez-toc-heading-6\" href=\"https:\/\/worldwatch.tokyo\/de\/#Ostanatolien_Suedosten%EF%BD%9CWiege_der_Zivilisation_Kulinarik\" >Ostanatolien &amp; S\u00fcdosten\uff5cWiege der Zivilisation &amp; Kulinarik<\/a><\/li><\/ul><\/li><li class='ez-toc-page-1 ez-toc-heading-level-2'><a class=\"ez-toc-link ez-toc-heading-7\" href=\"https:\/\/worldwatch.tokyo\/de\/#Reisen_erleben_mit_Fotos_Videos\" >Reisen erleben mit Fotos &amp; Videos<\/a><\/li><li class='ez-toc-page-1 ez-toc-heading-level-2'><a class=\"ez-toc-link ez-toc-heading-8\" href=\"https:\/\/worldwatch.tokyo\/de\/#Mit_Google_Maps_immer_den_Ueberblick_behalten\" >Mit Google Maps immer den \u00dcberblick behalten<\/a><\/li><li class='ez-toc-page-1 ez-toc-heading-level-2'><a class=\"ez-toc-link ez-toc-heading-9\" href=\"https:\/\/worldwatch.tokyo\/de\/#Unser_Publikationsstil%EF%BD%9CQualitaet_vor_Quantitaet\" >Unser Publikationsstil\uff5cQualit\u00e4t vor Quantit\u00e4t<\/a><\/li><li class='ez-toc-page-1 ez-toc-heading-level-2'><a class=\"ez-toc-link ez-toc-heading-10\" href=\"https:\/\/worldwatch.tokyo\/de\/#Mehrsprachig_fuer_die_Welt\" >Mehrsprachig f\u00fcr die Welt<\/a><\/li><li class='ez-toc-page-1 ez-toc-heading-level-2'><a class=\"ez-toc-link ez-toc-heading-11\" href=\"https:\/\/worldwatch.tokyo\/de\/#Was_du_erwarten_kannst\" >Was du erwarten kannst<\/a><\/li><li class='ez-toc-page-1 ez-toc-heading-level-2'><a class=\"ez-toc-link ez-toc-heading-12\" href=\"https:\/\/worldwatch.tokyo\/de\/#Unsere_Botschaft_an_dich\" >Unsere Botschaft an dich<\/a><\/li><\/ul><\/nav><\/div>\n<h2 data-start=\"217\" data-end=\"231\"><span class=\"ez-toc-section\" id=\"Reise_durch_die_Tuerkei_in_Bildern_und_Videos\"><\/span>Reise durch die T\u00fcrkei in Bildern und Videos<span class=\"ez-toc-section-end\"><\/span><\/h2>\n<p data-start=\"214\" data-end=\"252\">Dein n\u00e4chstes Reiseziel wartet hier.<\/p>\n<p data-start=\"254\" data-end=\"408\"><strong data-start=\"284\" data-end=\"305\">Noah&#8217;s Walk in Turkey<\/strong> ist ein mehrsprachiges Online-Magazin, das die Faszination von Kultur, Geschichte und Reisen in der T\u00fcrkei und weltweit vorstellt.<\/p>\n<p data-start=\"410\" data-end=\"559\">Mit eigenen <strong data-start=\"422\" data-end=\"463\">Fotos, YouTube-Videos und Google Maps<\/strong> vermitteln wir dir das Gef\u00fchl, direkt vor Ort zu sein \u2013 authentisch, lebendig und informativ.<\/p>\n<p data-start=\"561\" data-end=\"814\">Unsere Artikel erscheinen <strong data-start=\"587\" data-end=\"645\">nicht w\u00f6chentlich, sondern in unregelm\u00e4\u00dfigen Abst\u00e4nden<\/strong> \u2013 daf\u00fcr mit dem Anspruch, echte <strong data-start=\"678\" data-end=\"697\">\u201eSammlerst\u00fccke\u201c<\/strong> zu sein.<br data-start=\"706\" data-end=\"709\" \/>Wir setzen auf Qualit\u00e4t statt Quantit\u00e4t, damit jede R\u00fcckkehr auf unsere Seite neue Entdeckungen bietet.<\/p>\n<hr data-start=\"450\" data-end=\"453\" \/>\n<h2 data-start=\"455\" data-end=\"469\"><span class=\"ez-toc-section\" id=\"Warum_die_Tuerkei_so_besonders_ist\"><\/span>Warum die T\u00fcrkei so besonders ist<span class=\"ez-toc-section-end\"><\/span><\/h2>\n<p><img decoding=\"async\" src=\"https:\/\/worldwatch.tokyo\/wp-content\/uploads\/2025\/08\/Main-Tureky.jpg\" alt=\"\" width=\"690\" height=\"460\" class=\"aligncenter\" \/><\/p>\n<h3 data-start=\"471\" data-end=\"497\"><span class=\"ez-toc-section\" id=\"Istanbul%EF%BD%9CStadt_zwischen_Geschichte_und_Moderne\"><\/span>Istanbul\uff5cStadt zwischen Geschichte und Moderne<span class=\"ez-toc-section-end\"><\/span><\/h3>\n<p data-start=\"498\" data-end=\"558\">Die Sch\u00f6nheit der Moscheen am Bosporus, das bunte Treiben der Basare \u2013 hier sp\u00fcrt man die Tiefe einer Kultur, in der sich Orient und Okzident begegnen.<\/p>\n<h3 data-start=\"560\" data-end=\"582\"><span class=\"ez-toc-section\" id=\"Aegaeis-Kueste%EF%BD%9CRuinen_und_das_blaue_Mittelmeer\"><\/span>\u00c4g\u00e4is-K\u00fcste\uff5cRuinen und das blaue Mittelmeer<span class=\"ez-toc-section-end\"><\/span><\/h3>\n<p data-start=\"583\" data-end=\"644\">Antike St\u00e4tten aus der griechisch-r\u00f6mischen Epoche und mediterrane Lebensfreude.<br data-start=\"1199\" data-end=\"1202\" \/>Geschichte und Urlaubsparadies in perfekter Harmonie.<\/p>\n<h3 data-start=\"646\" data-end=\"669\"><span class=\"ez-toc-section\" id=\"Kappadokien%EF%BD%9CHeissluftballons_Felsenwunder\"><\/span>Kappadokien\uff5cHei\u00dfluftballons &amp; Felsenwunder<span class=\"ez-toc-section-end\"><\/span><\/h3>\n<p data-start=\"670\" data-end=\"712\">Einzigartige Tuffsteinformationen und bunte Hei\u00dfluftballons im Sonnenaufgang \u2013 ein Weltwunder, das man einmal im Leben gesehen haben muss.<\/p>\n<h3 data-start=\"714\" data-end=\"740\"><span class=\"ez-toc-section\" id=\"Ostanatolien_Suedosten%EF%BD%9CWiege_der_Zivilisation_Kulinarik\"><\/span>Ostanatolien &amp; S\u00fcdosten\uff5cWiege der Zivilisation &amp; Kulinarik<span class=\"ez-toc-section-end\"><\/span><\/h3>\n<p data-start=\"741\" data-end=\"780\">Historische St\u00e4dte mit dem Erbe Mesopotamiens und regionale Spezialit\u00e4ten, die jede Reise zu einer Entdeckungsreise machen.<\/p>\n<hr data-start=\"782\" data-end=\"785\" \/>\n<h2 data-start=\"787\" data-end=\"804\"><span class=\"ez-toc-section\" id=\"Reisen_erleben_mit_Fotos_Videos\"><\/span>Reisen erleben mit Fotos &amp; Videos<span class=\"ez-toc-section-end\"><\/span><\/h2>\n<p data-start=\"806\" data-end=\"845\"><img decoding=\"async\" src=\"https:\/\/worldwatch.tokyo\/wp-content\/uploads\/2025\/08\/Main-Youtube.jpg\" alt=\"\" width=\"438\" height=\"246\" class=\"aligncenter\" \/><\/p>\n<ul data-start=\"847\" data-end=\"910\">\n<li data-start=\"847\" data-end=\"870\">\n<p data-start=\"849\" data-end=\"870\">&#x1f4f8; <strong data-start=\"1690\" data-end=\"1699\">Fotos<\/strong> \u2013 zeigen dir die sch\u00f6nsten Momente in h\u00f6chster Qualit\u00e4t.<\/p>\n<\/li>\n<li data-start=\"871\" data-end=\"910\">\n<p data-start=\"873\" data-end=\"910\">&#x1f3a5; <span style=\"color: #33cccc;\"><a href=\"https:\/\/www.youtube.com\/@Noahswalk-zb8fh\" target=\"_blank\" style=\"color: #33cccc;\" rel=\"noopener\"><strong data-start=\"1762\" data-end=\"1780\">YouTube-Videos<\/strong><\/a><\/span> \u2013 lassen dich die Ger\u00e4usche des Windes, Stimmen der Menschen und Atmosph\u00e4re der St\u00e4dte miterleben.<\/p>\n<\/li>\n<\/ul>\n<p data-start=\"912\" data-end=\"935\">Beispiel: Beim Artikel \u00fcber die <strong data-start=\"1915\" data-end=\"1934\">Ortak\u00f6y-Moschee<\/strong> siehst du:<\/p>\n<ul>\n<li data-start=\"1951\" data-end=\"1989\">die wei\u00dfe Moschee direkt am Bosporus<\/li>\n<li data-start=\"1992\" data-end=\"2029\">die imposante Br\u00fccke im Hintergrund<\/li>\n<li data-start=\"2032\" data-end=\"2052\">Caf\u00e9s voller Leben<\/li>\n<\/ul>\n<p><img decoding=\"async\" src=\"https:\/\/worldwatch.tokyo\/wp-content\/uploads\/2025\/08\/\u30a4\u30b9\u30bf\u30f3\u30d6\u30fc\u30eb.png\" width=\"626\" height=\"470\" alt=\"\" class=\"aligncenter\" \/><\/p>\n<hr data-start=\"990\" data-end=\"993\" \/>\n<h2 data-start=\"995\" data-end=\"1018\"><span class=\"ez-toc-section\" id=\"Mit_Google_Maps_immer_den_Ueberblick_behalten\"><\/span>Mit Google Maps immer den \u00dcberblick behalten<span class=\"ez-toc-section-end\"><\/span><\/h2>\n<p><img decoding=\"async\" src=\"https:\/\/worldwatch.tokyo\/wp-content\/uploads\/2025\/08\/Main-map.jpg\" alt=\"\" width=\"398\" height=\"265\" class=\"aligncenter\" \/><\/p>\n<p data-start=\"2110\" data-end=\"2235\">Viele Reiseblogs nennen nur den Ort.<br data-start=\"2146\" data-end=\"2149\" \/>Wir gehen weiter: <strong data-start=\"2167\" data-end=\"2210\">Jeder Artikel enth\u00e4lt Google-Maps-Links<\/strong> \u2013 f\u00fcr pr\u00e4zise Planung.<\/p>\n<ul data-start=\"2237\" data-end=\"2342\">\n<li data-start=\"2237\" data-end=\"2257\">\n<p data-start=\"2239\" data-end=\"2257\">Exakte Standorte<\/p>\n<\/li>\n<li data-start=\"2258\" data-end=\"2297\">\n<p data-start=\"2260\" data-end=\"2297\">N\u00e4chste Metro- oder Bushaltestellen<\/p>\n<\/li>\n<li data-start=\"2298\" data-end=\"2342\">\n<p data-start=\"2300\" data-end=\"2342\">Tipps f\u00fcr Sehensw\u00fcrdigkeiten in der N\u00e4he<\/p>\n<\/li>\n<\/ul>\n<p data-start=\"1115\" data-end=\"1181\">&#x1f449; Foto weckt dein Interesse \u2192 &#x1f449; Video vermittelt Stimmung \u2192 &#x1f449; Karte erleichtert Planung.<\/p>\n<hr data-start=\"1183\" data-end=\"1186\" \/>\n<h2 data-start=\"1188\" data-end=\"1208\"><span class=\"ez-toc-section\" id=\"Unser_Publikationsstil%EF%BD%9CQualitaet_vor_Quantitaet\"><\/span>Unser Publikationsstil\uff5cQualit\u00e4t vor Quantit\u00e4t<span class=\"ez-toc-section-end\"><\/span><\/h2>\n<p data-start=\"2528\" data-end=\"2614\">Wir ver\u00f6ffentlichen nicht w\u00f6chentlich \u2013 daf\u00fcr liefern wir Inhalte mit <strong data-start=\"2598\" data-end=\"2611\">Dauerwert<\/strong>.<\/p>\n<p data-start=\"2616\" data-end=\"2779\">Jeder Artikel ist eine <strong data-start=\"2639\" data-end=\"2669\">tiefergehende Reiselekt\u00fcre<\/strong>, die Fotos, Videos und Karten kombiniert.<br data-start=\"2711\" data-end=\"2714\" \/>So kannst du nicht nur lesen, sondern mit allen Sinnen erleben.<\/p>\n<hr data-start=\"1336\" data-end=\"1339\" \/>\n<h2 data-start=\"1341\" data-end=\"1355\"><span class=\"ez-toc-section\" id=\"Mehrsprachig_fuer_die_Welt\"><\/span>Mehrsprachig f\u00fcr die Welt<span class=\"ez-toc-section-end\"><\/span><\/h2>\n<p data-start=\"2817\" data-end=\"2901\"><strong data-start=\"284\" data-end=\"305\">Noah&#8217;s Walk in Turkey<\/strong> erscheint auf <strong data-start=\"2853\" data-end=\"2898\">Japanisch, Englisch, T\u00fcrkisch und Deutsch<\/strong>.<\/p>\n<p data-start=\"2903\" data-end=\"3074\">Damit verbinden wir Leser aus aller Welt \u2013 jeder in seiner Sprache, aber mit denselben Fotos &amp; Videos.<br data-start=\"3005\" data-end=\"3008\" \/>So entsteht eine globale Plattform, die Reisende zusammenbringt.<\/p>\n<p data-start=\"1453\" data-end=\"1495\"><img decoding=\"async\" src=\"https:\/\/worldwatch.tokyo\/wp-content\/uploads\/2025\/08\/Main-Language.jpg\" alt=\"Language\" width=\"677\" height=\"451\" class=\"aligncenter\" \/><\/p>\n<h2 data-start=\"1502\" data-end=\"1520\"><span class=\"ez-toc-section\" id=\"Was_du_erwarten_kannst\"><\/span>Was du erwarten kannst<span class=\"ez-toc-section-end\"><\/span><\/h2>\n<ol data-start=\"1522\" data-end=\"1702\">\n<li data-start=\"1522\" data-end=\"1563\">\n<p data-start=\"1525\" data-end=\"1563\">\u00a0<strong data-start=\"3113\" data-end=\"3138\">Authentisches Erleben<\/strong> \u2013 Reise mit allen Sinnen.<\/p>\n<\/li>\n<li data-start=\"1565\" data-end=\"1612\">\n<p data-start=\"1568\" data-end=\"1612\"><strong data-start=\"3170\" data-end=\"3200\">Zuverl\u00e4ssige Informationen<\/strong> \u2013 durch Google-Maps-Verkn\u00fcpfung.<\/p>\n<\/li>\n<li data-start=\"1614\" data-end=\"1657\">\n<p data-start=\"1617\" data-end=\"1657\"><strong data-start=\"3238\" data-end=\"3262\">Qualit\u00e4t statt Masse<\/strong> \u2013 jeder Artikel als \u201eSammlerst\u00fcck\u201c.<\/p>\n<\/li>\n<li data-start=\"1659\" data-end=\"1702\">\n<p data-start=\"1662\" data-end=\"1702\"><strong data-start=\"3304\" data-end=\"3333\">Internationale Reichweite<\/strong> \u2013 eine Community von Weltenbummlern.<\/p>\n<\/li>\n<\/ol>\n<hr data-start=\"1704\" data-end=\"1707\" \/>\n<h2 data-start=\"1709\" data-end=\"1723\"><span class=\"ez-toc-section\" id=\"Unsere_Botschaft_an_dich\"><\/span>Unsere Botschaft an dich<span class=\"ez-toc-section-end\"><\/span><\/h2>\n<p data-start=\"3410\" data-end=\"3486\"><strong data-start=\"284\" data-end=\"305\">Noah&#8217;s Walk in Turkey<\/strong> m\u00f6chte <strong data-start=\"3439\" data-end=\"3478\">dein erster Schritt zu neuen Reisen<\/strong> sein.<\/p>\n<p data-start=\"3488\" data-end=\"3580\">\u201eWelche Landschaft wird wohl als N\u00e4chstes vorgestellt?\u201c<br data-start=\"3543\" data-end=\"3546\" \/>\u201eDort m\u00f6chte ich unbedingt hin!\u201c<\/p>\n<p data-start=\"3582\" data-end=\"3723\">Genau diese Gef\u00fchle wollen wir wecken.<br data-start=\"3620\" data-end=\"3623\" \/>Ein Ort, an den du immer wieder zur\u00fcckkehrst \u2013 um Inspiration, Sehnsucht und Reisetipps zu finden.<\/p>\n<p data-start=\"3725\" data-end=\"3781\">\u00a0Beginne hier deine Reise, die in Erinnerung bleibt.<br \/><br \/><br \/><br \/><\/p>","protected":false},"excerpt":{"rendered":"<p>Select your language \u65e5\u672c\u8a9e English T\u00fcrk\u00e7e Deutsch Reise durch die T\u00fcrkei in Bildern und Videos Dein n\u00e4chstes Reiseziel wartet hier. Noah&#8217;s Walk in Turkey ist ein mehrsprachiges Online-Magazin, das die Faszination von Kultur, Geschichte und Reisen in der T\u00fcrkei und weltweit vorstellt. Mit eigenen Fotos, YouTube-Videos und Google Maps vermitteln wir dir das Gef\u00fchl, direkt [&hellip;]<\/p>\n","protected":false},"author":1,"featured_media":4707,"parent":0,"menu_order":0,"comment_status":"closed","ping_status":"closed","template":"","meta":{"swell_btn_cv_data":"","footnotes":""},"class_list":["post-4432","page","type-page","status-publish","has-post-thumbnail","hentry"],"_links":{"self":[{"href":"https:\/\/worldwatch.tokyo\/de\/wp-json\/wp\/v2\/pages\/4432","targetHints":{"allow":["GET"]}}],"collection":[{"href":"https:\/\/worldwatch.tokyo\/de\/wp-json\/wp\/v2\/pages"}],"about":[{"href":"https:\/\/worldwatch.tokyo\/de\/wp-json\/wp\/v2\/types\/page"}],"author":[{"embeddable":true,"href":"https:\/\/worldwatch.tokyo\/de\/wp-json\/wp\/v2\/users\/1"}],"replies":[{"embeddable":true,"href":"https:\/\/worldwatch.tokyo\/de\/wp-json\/wp\/v2\/comments?post=4432"}],"version-history":[{"count":13,"href":"https:\/\/worldwatch.tokyo\/de\/wp-json\/wp\/v2\/pages\/4432\/revisions"}],"predecessor-version":[{"id":8066,"href":"https:\/\/worldwatch.tokyo\/de\/wp-json\/wp\/v2\/pages\/4432\/revisions\/8066"}],"wp:featuredmedia":[{"embeddable":true,"href":"https:\/\/worldwatch.tokyo\/de\/wp-json\/wp\/v2\/media\/4707"}],"wp:attachment":[{"href":"https:\/\/worldwatch.tokyo\/de\/wp-json\/wp\/v2\/media?parent=4432"}],"curies":[{"name":"wp","href":"https:\/\/api.w.org\/{rel}","templated":true}]}}