{"id":4492,"date":"2025-08-15T22:49:19","date_gmt":"2025-08-15T13:49:19","guid":{"rendered":"https:\/\/worldwatch.tokyo\/?page_id=4492"},"modified":"2025-08-28T01:04:09","modified_gmt":"2025-08-27T16:04:09","slug":"legal-4","status":"publish","type":"page","link":"https:\/\/worldwatch.tokyo\/de\/legal-4\/","title":{"rendered":"Nutzungsbedingungen &amp; Haftungsausschluss"},"content":{"rendered":"\n<figure class=\"wp-block-image size-full\"><img decoding=\"async\" width=\"900\" height=\"600\" src=\"https:\/\/worldwatch.tokyo\/wp-content\/uploads\/2025\/08\/Terms-of-Service-Disclaimer.jpg\" alt=\"Terms-of-Service-&amp;-Disclaimer\" class=\"wp-image-4479\" srcset=\"https:\/\/worldwatch.tokyo\/wp-content\/uploads\/2025\/08\/Terms-of-Service-Disclaimer.jpg 900w, https:\/\/worldwatch.tokyo\/wp-content\/uploads\/2025\/08\/Terms-of-Service-Disclaimer-400x267.jpg 400w, https:\/\/worldwatch.tokyo\/wp-content\/uploads\/2025\/08\/Terms-of-Service-Disclaimer-768x512.jpg 768w\" sizes=\"(max-width: 900px) 100vw, 900px\" \/><figcaption class=\"wp-element-caption\">Terms-of-Service-&#038;-Disclaimer<\/figcaption><\/figure>\n\n\n\n<div id=\"ez-toc-container\" class=\"ez-toc-v2_0_82_2 counter-hierarchy ez-toc-counter ez-toc-grey ez-toc-container-direction\">\n<div class=\"ez-toc-title-container\">\n<p class=\"ez-toc-title\" style=\"cursor:inherit\">Table of Contents<\/p>\n<span class=\"ez-toc-title-toggle\"><a href=\"#\" class=\"ez-toc-pull-right ez-toc-btn ez-toc-btn-xs ez-toc-btn-default ez-toc-toggle\" aria-label=\"Toggle Table of Content\"><span class=\"ez-toc-js-icon-con\"><span class=\"\"><span class=\"eztoc-hide\" style=\"display:none;\">Toggle<\/span><span class=\"ez-toc-icon-toggle-span\"><svg style=\"fill: #999;color:#999\" xmlns=\"http:\/\/www.w3.org\/2000\/svg\" class=\"list-377408\" width=\"20px\" height=\"20px\" viewBox=\"0 0 24 24\" fill=\"none\"><path d=\"M6 6H4v2h2V6zm14 0H8v2h12V6zM4 11h2v2H4v-2zm16 0H8v2h12v-2zM4 16h2v2H4v-2zm16 0H8v2h12v-2z\" fill=\"currentColor\"><\/path><\/svg><svg style=\"fill: #999;color:#999\" class=\"arrow-unsorted-368013\" xmlns=\"http:\/\/www.w3.org\/2000\/svg\" width=\"10px\" height=\"10px\" viewBox=\"0 0 24 24\" version=\"1.2\" baseProfile=\"tiny\"><path d=\"M18.2 9.3l-6.2-6.3-6.2 6.3c-.2.2-.3.4-.3.7s.1.5.3.7c.2.2.4.3.7.3h11c.3 0 .5-.1.7-.3.2-.2.3-.5.3-.7s-.1-.5-.3-.7zM5.8 14.7l6.2 6.3 6.2-6.3c.2-.2.3-.5.3-.7s-.1-.5-.3-.7c-.2-.2-.4-.3-.7-.3h-11c-.3 0-.5.1-.7.3-.2.2-.3.5-.3.7s.1.5.3.7z\"\/><\/svg><\/span><\/span><\/span><\/a><\/span><\/div>\n<nav><ul class='ez-toc-list ez-toc-list-level-1 ' ><li class='ez-toc-page-1 ez-toc-heading-level-2'><a class=\"ez-toc-link ez-toc-heading-1\" href=\"https:\/\/worldwatch.tokyo\/de\/legal-4\/#Nutzungsbedingungen_Haftungsausschluss\" >Nutzungsbedingungen &amp; Haftungsausschluss<\/a><ul class='ez-toc-list-level-3' ><li class='ez-toc-heading-level-3'><a class=\"ez-toc-link ez-toc-heading-2\" href=\"https:\/\/worldwatch.tokyo\/de\/legal-4\/#Kapitel_1_Nutzungsbedingungen\" >Kapitel 1: Nutzungsbedingungen<\/a><\/li><li class='ez-toc-page-1 ez-toc-heading-level-3'><a class=\"ez-toc-link ez-toc-heading-3\" href=\"https:\/\/worldwatch.tokyo\/de\/legal-4\/#Kapitel_2_Haftungsausschluss\" >Kapitel 2: Haftungsausschluss<\/a><\/li><\/ul><\/li><\/ul><\/nav><\/div>\n<h2 data-start=\"110\" data-end=\"159\"><span class=\"ez-toc-section\" id=\"Nutzungsbedingungen_Haftungsausschluss\"><\/span><strong data-start=\"113\" data-end=\"157\">Nutzungsbedingungen &amp; Haftungsausschluss<\/strong><span class=\"ez-toc-section-end\"><\/span><\/h2>\n<p data-start=\"160\" data-end=\"179\"><strong data-start=\"160\" data-end=\"169\">Slug:<\/strong> <code data-start=\"170\" data-end=\"177\">terms<\/code><\/p>\n<h3 data-start=\"181\" data-end=\"219\"><span class=\"ez-toc-section\" id=\"Kapitel_1_Nutzungsbedingungen\"><\/span><strong data-start=\"185\" data-end=\"219\">Kapitel 1: Nutzungsbedingungen<\/strong><span class=\"ez-toc-section-end\"><\/span><\/h3>\n<ol data-start=\"221\" data-end=\"1199\">\n<li data-start=\"221\" data-end=\"482\">\n<p data-start=\"224\" data-end=\"482\"><strong data-start=\"224\" data-end=\"243\">Geltungsbereich<\/strong><br data-start=\"243\" data-end=\"246\" \/>Diese Nutzungsbedingungen legen die Bedingungen f\u00fcr die Nutzung der Website \u201eHello from Turkey\u201c (nachfolgend \u201ediese Website\u201c genannt) fest.<br data-start=\"388\" data-end=\"391\" \/>Durch die Nutzung dieser Website erkl\u00e4ren Sie sich mit diesen Bedingungen einverstanden.<\/p>\n<\/li>\n<li data-start=\"484\" data-end=\"779\">\n<p data-start=\"487\" data-end=\"779\"><strong data-start=\"487\" data-end=\"526\">Urheberrecht und geistiges Eigentum<\/strong><br data-start=\"526\" data-end=\"529\" \/>Sofern nicht anders angegeben, liegen alle Texte, Bilder, Videos, Designs und sonstigen Inhalte auf dieser Website im Eigentum des Betreibers.<br data-start=\"674\" data-end=\"677\" \/>Eine Vervielf\u00e4ltigung, Weitergabe, Ver\u00e4nderung oder Wiederverwendung ohne Genehmigung ist verboten.<\/p>\n<\/li>\n<li data-start=\"781\" data-end=\"994\">\n<p data-start=\"784\" data-end=\"838\"><strong data-start=\"784\" data-end=\"808\">Verbotene Handlungen<\/strong><br data-start=\"808\" data-end=\"811\" \/>Benutzer d\u00fcrfen nicht:<\/p>\n<ul data-start=\"842\" data-end=\"994\">\n<li data-start=\"842\" data-end=\"899\">\n<p data-start=\"844\" data-end=\"899\">gegen geltendes Recht oder die guten Sitten versto\u00dfen<\/p>\n<\/li>\n<li data-start=\"903\" data-end=\"955\">\n<p data-start=\"905\" data-end=\"955\">die Rechte dieser Website oder Dritter verletzen<\/p>\n<\/li>\n<li data-start=\"959\" data-end=\"994\">\n<p data-start=\"961\" data-end=\"994\">den Betrieb dieser Website st\u00f6ren<\/p>\n<\/li>\n<\/ul>\n<\/li>\n<li data-start=\"996\" data-end=\"1199\">\n<p data-start=\"999\" data-end=\"1199\"><strong data-start=\"999\" data-end=\"1026\">Links zu dieser Website<\/strong><br data-start=\"1026\" data-end=\"1029\" \/>Das Verlinken auf diese Website ist grunds\u00e4tzlich erlaubt; Links von Websites mit illegalen, verleumderischen oder unangemessenen Inhalten sind jedoch nicht gestattet.<\/p>\n<\/li>\n<\/ol>\n<hr data-start=\"1201\" data-end=\"1204\" \/>\n<h3 data-start=\"1206\" data-end=\"1243\"><span class=\"ez-toc-section\" id=\"Kapitel_2_Haftungsausschluss\"><\/span><strong data-start=\"1210\" data-end=\"1243\">Kapitel 2: Haftungsausschluss<\/strong><span class=\"ez-toc-section-end\"><\/span><\/h3>\n<ol data-start=\"1245\" data-end=\"2007\">\n<li data-start=\"1245\" data-end=\"1435\">\n<p data-start=\"1248\" data-end=\"1435\"><strong data-start=\"1248\" data-end=\"1281\">Genauigkeit der Informationen<\/strong><br data-start=\"1281\" data-end=\"1284\" \/>Wir sind bem\u00fcht, genaue und aktuelle Informationen bereitzustellen, \u00fcbernehmen jedoch keine Gew\u00e4hr f\u00fcr Vollst\u00e4ndigkeit, Richtigkeit oder Aktualit\u00e4t.<\/p>\n<\/li>\n<li data-start=\"1437\" data-end=\"1642\">\n<p data-start=\"1440\" data-end=\"1642\"><strong data-start=\"1440\" data-end=\"1457\">Externe Links<\/strong><br data-start=\"1457\" data-end=\"1460\" \/>Diese Website kann Links oder Banner zu Websites Dritter enthalten.<br data-start=\"1530\" data-end=\"1533\" \/>F\u00fcr Inhalte, Dienstleistungen oder Informationen auf externen Websites \u00fcbernehmen wir keine Verantwortung.<\/p>\n<\/li>\n<li data-start=\"1644\" data-end=\"1884\">\n<p data-start=\"1647\" data-end=\"1884\"><strong data-start=\"1647\" data-end=\"1658\">Haftung<\/strong><br data-start=\"1658\" data-end=\"1661\" \/>Der Betreiber dieser Website \u00fcbernimmt keine Verantwortung f\u00fcr Verluste, Sch\u00e4den oder Streitigkeiten, die sich aus der Nutzung dieser Website ergeben.<br data-start=\"1814\" data-end=\"1817\" \/>Alle Reisen und Aktivit\u00e4ten vor Ort erfolgen auf eigenes Risiko.<\/p>\n<\/li>\n<li data-start=\"1886\" data-end=\"2007\">\n<p data-start=\"1889\" data-end=\"2007\"><strong data-start=\"1889\" data-end=\"1903\">\u00c4nderungen<\/strong><br data-start=\"1903\" data-end=\"1906\" \/>Diese Bedingungen und dieser Haftungsausschluss k\u00f6nnen ohne vorherige Ank\u00fcndigung ge\u00e4ndert werden.<\/p>\n<\/li>\n<\/ol>\n\n\n\n\n","protected":false},"excerpt":{"rendered":"","protected":false},"author":1,"featured_media":4479,"parent":0,"menu_order":0,"comment_status":"closed","ping_status":"closed","template":"","meta":{"swell_btn_cv_data":"","footnotes":""},"class_list":["post-4492","page","type-page","status-publish","has-post-thumbnail","hentry"],"_links":{"self":[{"href":"https:\/\/worldwatch.tokyo\/de\/wp-json\/wp\/v2\/pages\/4492","targetHints":{"allow":["GET"]}}],"collection":[{"href":"https:\/\/worldwatch.tokyo\/de\/wp-json\/wp\/v2\/pages"}],"about":[{"href":"https:\/\/worldwatch.tokyo\/de\/wp-json\/wp\/v2\/types\/page"}],"author":[{"embeddable":true,"href":"https:\/\/worldwatch.tokyo\/de\/wp-json\/wp\/v2\/users\/1"}],"replies":[{"embeddable":true,"href":"https:\/\/worldwatch.tokyo\/de\/wp-json\/wp\/v2\/comments?post=4492"}],"version-history":[{"count":5,"href":"https:\/\/worldwatch.tokyo\/de\/wp-json\/wp\/v2\/pages\/4492\/revisions"}],"predecessor-version":[{"id":6732,"href":"https:\/\/worldwatch.tokyo\/de\/wp-json\/wp\/v2\/pages\/4492\/revisions\/6732"}],"wp:featuredmedia":[{"embeddable":true,"href":"https:\/\/worldwatch.tokyo\/de\/wp-json\/wp\/v2\/media\/4479"}],"wp:attachment":[{"href":"https:\/\/worldwatch.tokyo\/de\/wp-json\/wp\/v2\/media?parent=4492"}],"curies":[{"name":"wp","href":"https:\/\/api.w.org\/{rel}","templated":true}]}}