{"id":4527,"date":"2025-08-16T00:04:20","date_gmt":"2025-08-15T15:04:20","guid":{"rendered":"https:\/\/worldwatch.tokyo\/?page_id=4527"},"modified":"2025-08-28T00:53:34","modified_gmt":"2025-08-27T15:53:34","slug":"uber-uns","status":"publish","type":"page","link":"https:\/\/worldwatch.tokyo\/de\/uber-uns\/","title":{"rendered":"\u00dcber uns"},"content":{"rendered":"\n<figure class=\"wp-block-image size-full\"><img decoding=\"async\" width=\"900\" height=\"600\" src=\"https:\/\/worldwatch.tokyo\/wp-content\/uploads\/2025\/08\/Site-Overview.jpg\" alt=\"Site-Overview\" class=\"wp-image-4502\" srcset=\"https:\/\/worldwatch.tokyo\/wp-content\/uploads\/2025\/08\/Site-Overview.jpg 900w, https:\/\/worldwatch.tokyo\/wp-content\/uploads\/2025\/08\/Site-Overview-400x267.jpg 400w, https:\/\/worldwatch.tokyo\/wp-content\/uploads\/2025\/08\/Site-Overview-768x512.jpg 768w\" sizes=\"(max-width: 900px) 100vw, 900px\" \/><figcaption class=\"wp-element-caption\">Site-Overview<\/figcaption><\/figure>\n\n\n\n\n\n<p data-start=\"2785\" data-end=\"3071\">World Watch Tokyo ist ein mehrsprachiger Blog, der den Charme der T\u00fcrkei \u2013 eines Landes voller Geschichte und Kultur \u2013 mit der Welt teilt.<br data-start=\"2923\" data-end=\"2926\" \/>Betrieben von <strong data-start=\"2940\" data-end=\"2952\">Sheepdog<\/strong>, bietet die Seite hilfreiche Artikel f\u00fcr Reisende und Kulturliebhaber, basierend auf pers\u00f6nlichen Erfahrungen vor Ort.<\/p>\n<div id=\"ez-toc-container\" class=\"ez-toc-v2_0_82_2 counter-hierarchy ez-toc-counter ez-toc-grey ez-toc-container-direction\">\n<div class=\"ez-toc-title-container\">\n<p class=\"ez-toc-title\" style=\"cursor:inherit\">Table of Contents<\/p>\n<span class=\"ez-toc-title-toggle\"><a href=\"#\" class=\"ez-toc-pull-right ez-toc-btn ez-toc-btn-xs ez-toc-btn-default ez-toc-toggle\" aria-label=\"Toggle Table of Content\"><span class=\"ez-toc-js-icon-con\"><span class=\"\"><span class=\"eztoc-hide\" style=\"display:none;\">Toggle<\/span><span class=\"ez-toc-icon-toggle-span\"><svg style=\"fill: #999;color:#999\" xmlns=\"http:\/\/www.w3.org\/2000\/svg\" class=\"list-377408\" width=\"20px\" height=\"20px\" viewBox=\"0 0 24 24\" fill=\"none\"><path d=\"M6 6H4v2h2V6zm14 0H8v2h12V6zM4 11h2v2H4v-2zm16 0H8v2h12v-2zM4 16h2v2H4v-2zm16 0H8v2h12v-2z\" fill=\"currentColor\"><\/path><\/svg><svg style=\"fill: #999;color:#999\" class=\"arrow-unsorted-368013\" xmlns=\"http:\/\/www.w3.org\/2000\/svg\" width=\"10px\" height=\"10px\" viewBox=\"0 0 24 24\" version=\"1.2\" baseProfile=\"tiny\"><path d=\"M18.2 9.3l-6.2-6.3-6.2 6.3c-.2.2-.3.4-.3.7s.1.5.3.7c.2.2.4.3.7.3h11c.3 0 .5-.1.7-.3.2-.2.3-.5.3-.7s-.1-.5-.3-.7zM5.8 14.7l6.2 6.3 6.2-6.3c.2-.2.3-.5.3-.7s-.1-.5-.3-.7c-.2-.2-.4-.3-.7-.3h-11c-.3 0-.5.1-.7.3-.2.2-.3.5-.3.7s.1.5.3.7z\"\/><\/svg><\/span><\/span><\/span><\/a><\/span><\/div>\n<nav><ul class='ez-toc-list ez-toc-list-level-1 ' ><li class='ez-toc-page-1 ez-toc-heading-level-2'><a class=\"ez-toc-link ez-toc-heading-1\" href=\"https:\/\/worldwatch.tokyo\/de\/uber-uns\/#Auf_unserer_Seite_finden_Sie\" >Auf unserer Seite finden Sie:<\/a><\/li><li class='ez-toc-page-1 ez-toc-heading-level-2'><a class=\"ez-toc-link ez-toc-heading-2\" href=\"https:\/\/worldwatch.tokyo\/de\/uber-uns\/#Zielgruppe\" >Zielgruppe:<\/a><\/li><li class='ez-toc-page-1 ez-toc-heading-level-2'><a class=\"ez-toc-link ez-toc-heading-3\" href=\"https:\/\/worldwatch.tokyo\/de\/uber-uns\/#Unsere_Mission\" >Unsere Mission:<\/a><\/li><li class='ez-toc-page-1 ez-toc-heading-level-2'><a class=\"ez-toc-link ez-toc-heading-4\" href=\"https:\/\/worldwatch.tokyo\/de\/uber-uns\/#Kontakt\" >Kontakt:<\/a><\/li><\/ul><\/nav><\/div>\n<h2 data-start=\"3073\" data-end=\"3104\"><span class=\"ez-toc-section\" id=\"Auf_unserer_Seite_finden_Sie\"><\/span>Auf unserer Seite finden Sie:<span class=\"ez-toc-section-end\"><\/span><\/h2>\n<ul data-start=\"3105\" data-end=\"3330\">\n<li data-start=\"3105\" data-end=\"3180\">\n<p data-start=\"3107\" data-end=\"3180\">Die Sch\u00f6nheit ber\u00fchmter Reiseziele wie Istanbul, Ankara und Kappadokien<\/p>\n<\/li>\n<li data-start=\"3181\" data-end=\"3236\">\n<p data-start=\"3183\" data-end=\"3236\">Das historische Erbe und die Architektur der T\u00fcrkei<\/p>\n<\/li>\n<li data-start=\"3237\" data-end=\"3276\">\n<p data-start=\"3239\" data-end=\"3276\">Lokale K\u00fcche und Alltagstraditionen<\/p>\n<\/li>\n<li data-start=\"3277\" data-end=\"3330\">\n<p data-start=\"3279\" data-end=\"3330\">Verborgene Geheimtipps abseits der Touristenpfade<\/p>\n<\/li>\n<\/ul>\n<p data-start=\"3332\" data-end=\"3388\">Wir teilen diese Eindr\u00fccke mit Fotos und YouTube-Videos.<\/p>\n<h2 data-start=\"3390\" data-end=\"3601\"><span class=\"ez-toc-section\" id=\"Zielgruppe\"><\/span><strong data-start=\"3390\" data-end=\"3405\">Zielgruppe:<\/strong><span class=\"ez-toc-section-end\"><\/span><\/h2>\n<p data-start=\"3390\" data-end=\"3601\"><br data-start=\"3405\" data-end=\"3408\" \/>Alle, die sich f\u00fcr die T\u00fcrkei interessieren und Japanisch, Englisch, T\u00fcrkisch oder Deutsch lesen k\u00f6nnen. Ideal f\u00fcr Reisende in der Planungsphase und alle, die andere Kulturen entdecken m\u00f6chten.<\/p>\n<h2 data-start=\"3603\" data-end=\"3736\"><span class=\"ez-toc-section\" id=\"Unsere_Mission\"><\/span><strong data-start=\"3603\" data-end=\"3622\">Unsere Mission:<\/strong><span class=\"ez-toc-section-end\"><\/span><\/h2>\n<p data-start=\"3603\" data-end=\"3736\"><br data-start=\"3622\" data-end=\"3625\" \/>\u201eMenschen auf der ganzen Welt dazu inspirieren, die Geschichte, Kultur und Herzlichkeit der T\u00fcrkei zu erleben.\u201c<\/p>\n<h2 data-start=\"3738\" data-end=\"3813\"><span class=\"ez-toc-section\" id=\"Kontakt\"><\/span><strong data-start=\"3738\" data-end=\"3750\">Kontakt:<\/strong><span class=\"ez-toc-section-end\"><\/span><\/h2>\n<p data-start=\"3738\" data-end=\"3813\"><br data-start=\"3750\" data-end=\"3753\" \/>Kontaktieren Sie uns \u00fcber unser <a href=\"https:\/\/worldwatch.tokyo\/de\/kontakt\/\" target=\"_blank\" rel=\"noopener\">Kontaktformular.<\/a><\/p>\n\n\n","protected":false},"excerpt":{"rendered":"","protected":false},"author":1,"featured_media":4502,"parent":0,"menu_order":0,"comment_status":"closed","ping_status":"closed","template":"","meta":{"swell_btn_cv_data":"","footnotes":""},"class_list":["post-4527","page","type-page","status-publish","has-post-thumbnail","hentry"],"_links":{"self":[{"href":"https:\/\/worldwatch.tokyo\/de\/wp-json\/wp\/v2\/pages\/4527","targetHints":{"allow":["GET"]}}],"collection":[{"href":"https:\/\/worldwatch.tokyo\/de\/wp-json\/wp\/v2\/pages"}],"about":[{"href":"https:\/\/worldwatch.tokyo\/de\/wp-json\/wp\/v2\/types\/page"}],"author":[{"embeddable":true,"href":"https:\/\/worldwatch.tokyo\/de\/wp-json\/wp\/v2\/users\/1"}],"replies":[{"embeddable":true,"href":"https:\/\/worldwatch.tokyo\/de\/wp-json\/wp\/v2\/comments?post=4527"}],"version-history":[{"count":4,"href":"https:\/\/worldwatch.tokyo\/de\/wp-json\/wp\/v2\/pages\/4527\/revisions"}],"predecessor-version":[{"id":6914,"href":"https:\/\/worldwatch.tokyo\/de\/wp-json\/wp\/v2\/pages\/4527\/revisions\/6914"}],"wp:featuredmedia":[{"embeddable":true,"href":"https:\/\/worldwatch.tokyo\/de\/wp-json\/wp\/v2\/media\/4502"}],"wp:attachment":[{"href":"https:\/\/worldwatch.tokyo\/de\/wp-json\/wp\/v2\/media?parent=4527"}],"curies":[{"name":"wp","href":"https:\/\/api.w.org\/{rel}","templated":true}]}}