{"id":4557,"date":"2025-08-16T01:01:57","date_gmt":"2025-08-15T16:01:57","guid":{"rendered":"https:\/\/worldwatch.tokyo\/?page_id=4557"},"modified":"2025-08-28T01:08:15","modified_gmt":"2025-08-27T16:08:15","slug":"rechtliche-informationen","status":"publish","type":"page","link":"https:\/\/worldwatch.tokyo\/de\/rechtliche-informationen\/","title":{"rendered":"Rechtliche Informationen &amp; Richtlinien"},"content":{"rendered":"\n<figure class=\"wp-block-image size-full\"><img decoding=\"async\" width=\"900\" height=\"600\" src=\"https:\/\/worldwatch.tokyo\/wp-content\/uploads\/2025\/08\/Terms-And-Conditions.jpg\" alt=\"Terms-And-Conditions\" class=\"wp-image-4535\" srcset=\"https:\/\/worldwatch.tokyo\/wp-content\/uploads\/2025\/08\/Terms-And-Conditions.jpg 900w, https:\/\/worldwatch.tokyo\/wp-content\/uploads\/2025\/08\/Terms-And-Conditions-400x267.jpg 400w, https:\/\/worldwatch.tokyo\/wp-content\/uploads\/2025\/08\/Terms-And-Conditions-768x512.jpg 768w\" sizes=\"(max-width: 900px) 100vw, 900px\" \/><figcaption class=\"wp-element-caption\">Terms-And-Conditions<\/figcaption><\/figure>\n\n\n\n<p data-start=\"206\" data-end=\"521\">Diese Seite bietet einen \u00dcberblick \u00fcber unsere rechtlichen Informationen und Richtlinien.<br data-start=\"295\" data-end=\"298\" \/>Bitte lesen Sie vor der Nutzung unserer Website die Nutzungsbedingungen, Datenschutzrichtlinie, Cookie-Richtlinie und den Haftungsausschluss sorgf\u00e4ltig durch.<br data-start=\"456\" data-end=\"459\" \/>Die vollst\u00e4ndigen Inhalte finden Sie \u00fcber die folgenden Links.<\/p>\n<hr data-start=\"523\" data-end=\"526\" \/>\n<div id=\"ez-toc-container\" class=\"ez-toc-v2_0_82_2 counter-hierarchy ez-toc-counter ez-toc-grey ez-toc-container-direction\">\n<div class=\"ez-toc-title-container\">\n<p class=\"ez-toc-title\" style=\"cursor:inherit\">Table of Contents<\/p>\n<span class=\"ez-toc-title-toggle\"><a href=\"#\" class=\"ez-toc-pull-right ez-toc-btn ez-toc-btn-xs ez-toc-btn-default ez-toc-toggle\" aria-label=\"Toggle Table of Content\"><span class=\"ez-toc-js-icon-con\"><span class=\"\"><span class=\"eztoc-hide\" style=\"display:none;\">Toggle<\/span><span class=\"ez-toc-icon-toggle-span\"><svg style=\"fill: #999;color:#999\" xmlns=\"http:\/\/www.w3.org\/2000\/svg\" class=\"list-377408\" width=\"20px\" height=\"20px\" viewBox=\"0 0 24 24\" fill=\"none\"><path d=\"M6 6H4v2h2V6zm14 0H8v2h12V6zM4 11h2v2H4v-2zm16 0H8v2h12v-2zM4 16h2v2H4v-2zm16 0H8v2h12v-2z\" fill=\"currentColor\"><\/path><\/svg><svg style=\"fill: #999;color:#999\" class=\"arrow-unsorted-368013\" xmlns=\"http:\/\/www.w3.org\/2000\/svg\" width=\"10px\" height=\"10px\" viewBox=\"0 0 24 24\" version=\"1.2\" baseProfile=\"tiny\"><path d=\"M18.2 9.3l-6.2-6.3-6.2 6.3c-.2.2-.3.4-.3.7s.1.5.3.7c.2.2.4.3.7.3h11c.3 0 .5-.1.7-.3.2-.2.3-.5.3-.7s-.1-.5-.3-.7zM5.8 14.7l6.2 6.3 6.2-6.3c.2-.2.3-.5.3-.7s-.1-.5-.3-.7c-.2-.2-.4-.3-.7-.3h-11c-.3 0-.5.1-.7.3-.2.2-.3.5-.3.7s.1.5.3.7z\"\/><\/svg><\/span><\/span><\/span><\/a><\/span><\/div>\n<nav><ul class='ez-toc-list ez-toc-list-level-1 ' ><li class='ez-toc-page-1 ez-toc-heading-level-2'><a class=\"ez-toc-link ez-toc-heading-1\" href=\"https:\/\/worldwatch.tokyo\/de\/rechtliche-informationen\/#1_Nutzungsbedingungen\" >1. Nutzungsbedingungen<\/a><\/li><li class='ez-toc-page-1 ez-toc-heading-level-2'><a class=\"ez-toc-link ez-toc-heading-2\" href=\"https:\/\/worldwatch.tokyo\/de\/rechtliche-informationen\/#2_Datenschutzrichtlinie\" >2. Datenschutzrichtlinie<\/a><\/li><li class='ez-toc-page-1 ez-toc-heading-level-2'><a class=\"ez-toc-link ez-toc-heading-3\" href=\"https:\/\/worldwatch.tokyo\/de\/rechtliche-informationen\/#3_Cookie-Richtlinie\" >3. Cookie-Richtlinie<\/a><\/li><li class='ez-toc-page-1 ez-toc-heading-level-2'><a class=\"ez-toc-link ez-toc-heading-4\" href=\"https:\/\/worldwatch.tokyo\/de\/rechtliche-informationen\/#4_Haftungsausschluss\" >4. Haftungsausschluss<\/a><\/li><li class='ez-toc-page-1 ez-toc-heading-level-2'><a class=\"ez-toc-link ez-toc-heading-5\" href=\"https:\/\/worldwatch.tokyo\/de\/rechtliche-informationen\/#5_Urheberrechtshinweis\" >5. Urheberrechtshinweis<\/a><\/li><li class='ez-toc-page-1 ez-toc-heading-level-2'><a class=\"ez-toc-link ez-toc-heading-6\" href=\"https:\/\/worldwatch.tokyo\/de\/rechtliche-informationen\/#6_Aktualisierungen\" >6. Aktualisierungen<\/a><\/li><\/ul><\/nav><\/div>\n<h2 data-start=\"528\" data-end=\"554\"><span class=\"ez-toc-section\" id=\"1_Nutzungsbedingungen\"><\/span>1. Nutzungsbedingungen<span class=\"ez-toc-section-end\"><\/span><\/h2>\n<p data-start=\"555\" data-end=\"796\">Enth\u00e4lt die Nutzungsbedingungen f\u00fcr diese Website, einschlie\u00dflich verbotener Aktivit\u00e4ten, Urheberrechte und Link-Richtlinien.<br data-start=\"680\" data-end=\"683\" \/>Bitte lesen Sie diese, bevor Sie unsere Reise- und Kulturinhalte nutzen.<br data-start=\"755\" data-end=\"758\" \/>&#x27a1; <strong data-start=\"760\" data-end=\"796\"><a href=\"https:\/\/worldwatch.tokyo\/de\/legal-4\/\" target=\"_blank\" rel=\"noopener\">Nutzungsbedingungen lesen<\/a><\/strong><\/p>\n<hr data-start=\"798\" data-end=\"801\" \/>\n<h2 data-start=\"803\" data-end=\"831\"><span class=\"ez-toc-section\" id=\"2_Datenschutzrichtlinie\"><\/span>2. Datenschutzrichtlinie<span class=\"ez-toc-section-end\"><\/span><\/h2>\n<p data-start=\"832\" data-end=\"1097\">Erl\u00e4utert, wie wir personenbezogene Daten erheben, verwenden und sch\u00fctzen, einschlie\u00dflich der Verwendung von Cookies und Diensten Dritter.<br data-start=\"970\" data-end=\"973\" \/>Entspricht internationalen Vorschriften wie der EU-DSGVO und dem t\u00fcrkischen KVKK.<br data-start=\"1054\" data-end=\"1057\" \/>&#x27a1; <strong data-start=\"1059\" data-end=\"1097\"><a data-start=\"1061\" data-end=\"1095\" class=\"\" rel=\"noopener\" href=\"https:\/\/worldwatch.tokyo\/de\/datenschutzerklaerung\/\" target=\"_blank\">Datenschutzrichtlinie lesen<\/a><\/strong><\/p>\n<hr data-start=\"1099\" data-end=\"1102\" \/>\n<h2 data-start=\"1104\" data-end=\"1128\"><span class=\"ez-toc-section\" id=\"3_Cookie-Richtlinie\"><\/span>3. Cookie-Richtlinie<span class=\"ez-toc-section-end\"><\/span><\/h2>\n<p data-start=\"1129\" data-end=\"1390\">Wir verwenden Cookies f\u00fcr Analysen (Google Analytics) und Werbung (Google AdSense).<br data-start=\"1212\" data-end=\"1215\" \/>Cookies k\u00f6nnen in den Browsereinstellungen deaktiviert werden, jedoch funktionieren einige Funktionen der Website dann m\u00f6glicherweise nicht richtig.<br data-start=\"1363\" data-end=\"1366\" \/>Weitere Informationen:<\/p>\n<ul data-start=\"1391\" data-end=\"1564\">\n<li data-start=\"1391\" data-end=\"1471\">\n<p data-start=\"1393\" data-end=\"1471\"><a data-start=\"1393\" data-end=\"1469\" class=\"cursor-pointer\" rel=\"noopener\" target=\"_blank\" href=\"https:\/\/marketingplatform.google.com\/about\/analytics\/terms\/de\/\">Google-Werberichtlinie<\/a><\/p>\n<\/li>\n<li data-start=\"1472\" data-end=\"1564\">\n<p data-start=\"1474\" data-end=\"1564\"><a data-start=\"1474\" data-end=\"1564\" class=\"cursor-pointer\" rel=\"noopener\" target=\"_blank\" href=\"https:\/\/marketingplatform.google.com\/about\/analytics\/terms\/de\/\">Wie Google Daten verwendet<\/a><\/p>\n<\/li>\n<\/ul>\n<hr data-start=\"1566\" data-end=\"1569\" \/>\n<h2 data-start=\"1571\" data-end=\"1596\"><span class=\"ez-toc-section\" id=\"4_Haftungsausschluss\"><\/span>4. Haftungsausschluss<span class=\"ez-toc-section-end\"><\/span><\/h2>\n<p data-start=\"1597\" data-end=\"1902\">Wir bem\u00fchen uns, genaue und aktuelle Informationen bereitzustellen, jedoch k\u00f6nnen sich Reisebedingungen und Dienstleistungen ohne vorherige Ank\u00fcndigung \u00e4ndern.<br data-start=\"1756\" data-end=\"1759\" \/>Wir \u00fcbernehmen keine Haftung f\u00fcr Verluste oder Probleme, die aus der Nutzung unserer Inhalte entstehen.<br data-start=\"1862\" data-end=\"1865\" \/>&#x27a1; <strong data-start=\"1867\" data-end=\"1902\"><a data-start=\"1869\" data-end=\"1900\" class=\"\" rel=\"noopener\" href=\"https:\/\/worldwatch.tokyo\/de\/legal-4\/\" target=\"_blank\">Haftungsausschluss lesen<\/a><\/strong><\/p>\n<hr data-start=\"1904\" data-end=\"1907\" \/>\n<h2 data-start=\"1909\" data-end=\"1936\"><span class=\"ez-toc-section\" id=\"5_Urheberrechtshinweis\"><\/span>5. Urheberrechtshinweis<span class=\"ez-toc-section-end\"><\/span><\/h2>\n<p data-start=\"1937\" data-end=\"2185\">Alle Texte, Bilder und Videos auf dieser Website sind urheberrechtlich gesch\u00fctzt und geh\u00f6ren dem Betreiber oder den rechtm\u00e4\u00dfigen Inhabern.<br data-start=\"2075\" data-end=\"2078\" \/>Eine unautorisierte Vervielf\u00e4ltigung oder Nutzung ist verboten. Bei Zitaten ist stets die Quelle anzugeben.<\/p>\n<hr data-start=\"2187\" data-end=\"2190\" \/>\n<h2 data-start=\"2192\" data-end=\"2215\"><span class=\"ez-toc-section\" id=\"6_Aktualisierungen\"><\/span>6. Aktualisierungen<span class=\"ez-toc-section-end\"><\/span><\/h2>\n<p data-start=\"2216\" data-end=\"2330\">Diese Seite kann gelegentlich aktualisiert werden, um \u00c4nderungen der Gesetze oder unserer Dienste widerzuspiegeln.<\/p>\n","protected":false},"excerpt":{"rendered":"","protected":false},"author":1,"featured_media":4535,"parent":0,"menu_order":0,"comment_status":"closed","ping_status":"closed","template":"","meta":{"swell_btn_cv_data":"","footnotes":""},"class_list":["post-4557","page","type-page","status-publish","has-post-thumbnail","hentry"],"_links":{"self":[{"href":"https:\/\/worldwatch.tokyo\/de\/wp-json\/wp\/v2\/pages\/4557","targetHints":{"allow":["GET"]}}],"collection":[{"href":"https:\/\/worldwatch.tokyo\/de\/wp-json\/wp\/v2\/pages"}],"about":[{"href":"https:\/\/worldwatch.tokyo\/de\/wp-json\/wp\/v2\/types\/page"}],"author":[{"embeddable":true,"href":"https:\/\/worldwatch.tokyo\/de\/wp-json\/wp\/v2\/users\/1"}],"replies":[{"embeddable":true,"href":"https:\/\/worldwatch.tokyo\/de\/wp-json\/wp\/v2\/comments?post=4557"}],"version-history":[{"count":9,"href":"https:\/\/worldwatch.tokyo\/de\/wp-json\/wp\/v2\/pages\/4557\/revisions"}],"predecessor-version":[{"id":6673,"href":"https:\/\/worldwatch.tokyo\/de\/wp-json\/wp\/v2\/pages\/4557\/revisions\/6673"}],"wp:featuredmedia":[{"embeddable":true,"href":"https:\/\/worldwatch.tokyo\/de\/wp-json\/wp\/v2\/media\/4535"}],"wp:attachment":[{"href":"https:\/\/worldwatch.tokyo\/de\/wp-json\/wp\/v2\/media?parent=4557"}],"curies":[{"name":"wp","href":"https:\/\/api.w.org\/{rel}","templated":true}]}}