{"id":4606,"date":"2025-08-16T03:53:35","date_gmt":"2025-08-15T18:53:35","guid":{"rendered":"https:\/\/worldwatch.tokyo\/?page_id=4606"},"modified":"2025-08-27T23:13:34","modified_gmt":"2025-08-27T14:13:34","slug":"cookie-richtlinie","status":"publish","type":"page","link":"https:\/\/worldwatch.tokyo\/de\/cookie-richtlinie\/","title":{"rendered":"Cookie-Richtlinie"},"content":{"rendered":"\n<figure class=\"wp-block-image size-full\"><img decoding=\"async\" width=\"900\" height=\"600\" src=\"https:\/\/worldwatch.tokyo\/wp-content\/uploads\/2025\/08\/Cookie-Policy.jpg\" alt=\"Cookie-Policy\" class=\"wp-image-4594\" srcset=\"https:\/\/worldwatch.tokyo\/wp-content\/uploads\/2025\/08\/Cookie-Policy.jpg 900w, https:\/\/worldwatch.tokyo\/wp-content\/uploads\/2025\/08\/Cookie-Policy-400x267.jpg 400w, https:\/\/worldwatch.tokyo\/wp-content\/uploads\/2025\/08\/Cookie-Policy-768x512.jpg 768w\" sizes=\"(max-width: 900px) 100vw, 900px\" \/><figcaption class=\"wp-element-caption\">Cookie-Policy<\/figcaption><\/figure>\n\n\n\n<div id=\"ez-toc-container\" class=\"ez-toc-v2_0_82_2 counter-hierarchy ez-toc-counter ez-toc-grey ez-toc-container-direction\">\n<div class=\"ez-toc-title-container\">\n<p class=\"ez-toc-title\" style=\"cursor:inherit\">Table of Contents<\/p>\n<span class=\"ez-toc-title-toggle\"><a href=\"#\" class=\"ez-toc-pull-right ez-toc-btn ez-toc-btn-xs ez-toc-btn-default ez-toc-toggle\" aria-label=\"Toggle Table of Content\"><span class=\"ez-toc-js-icon-con\"><span class=\"\"><span class=\"eztoc-hide\" style=\"display:none;\">Toggle<\/span><span class=\"ez-toc-icon-toggle-span\"><svg style=\"fill: #999;color:#999\" xmlns=\"http:\/\/www.w3.org\/2000\/svg\" class=\"list-377408\" width=\"20px\" height=\"20px\" viewBox=\"0 0 24 24\" fill=\"none\"><path d=\"M6 6H4v2h2V6zm14 0H8v2h12V6zM4 11h2v2H4v-2zm16 0H8v2h12v-2zM4 16h2v2H4v-2zm16 0H8v2h12v-2z\" fill=\"currentColor\"><\/path><\/svg><svg style=\"fill: #999;color:#999\" class=\"arrow-unsorted-368013\" xmlns=\"http:\/\/www.w3.org\/2000\/svg\" width=\"10px\" height=\"10px\" viewBox=\"0 0 24 24\" version=\"1.2\" baseProfile=\"tiny\"><path d=\"M18.2 9.3l-6.2-6.3-6.2 6.3c-.2.2-.3.4-.3.7s.1.5.3.7c.2.2.4.3.7.3h11c.3 0 .5-.1.7-.3.2-.2.3-.5.3-.7s-.1-.5-.3-.7zM5.8 14.7l6.2 6.3 6.2-6.3c.2-.2.3-.5.3-.7s-.1-.5-.3-.7c-.2-.2-.4-.3-.7-.3h-11c-.3 0-.5.1-.7.3-.2.2-.3.5-.3.7s.1.5.3.7z\"\/><\/svg><\/span><\/span><\/span><\/a><\/span><\/div>\n<nav><ul class='ez-toc-list ez-toc-list-level-1 ' ><li class='ez-toc-page-1 ez-toc-heading-level-2'><a class=\"ez-toc-link ez-toc-heading-1\" href=\"https:\/\/worldwatch.tokyo\/de\/cookie-richtlinie\/#Cookie-Richtlinie\" >Cookie-Richtlinie<\/a><\/li><li class='ez-toc-page-1 ez-toc-heading-level-2'><a class=\"ez-toc-link ez-toc-heading-2\" href=\"https:\/\/worldwatch.tokyo\/de\/cookie-richtlinie\/#1_Was_sind_Cookies\" >1. Was sind Cookies<\/a><\/li><li class='ez-toc-page-1 ez-toc-heading-level-2'><a class=\"ez-toc-link ez-toc-heading-3\" href=\"https:\/\/worldwatch.tokyo\/de\/cookie-richtlinie\/#2_Zweck_der_Verwendung_von_Cookies\" >2. Zweck der Verwendung von Cookies<\/a><\/li><li class='ez-toc-page-1 ez-toc-heading-level-2'><a class=\"ez-toc-link ez-toc-heading-4\" href=\"https:\/\/worldwatch.tokyo\/de\/cookie-richtlinie\/#3_Verwendung_von_Cookies_durch_Dritte\" >3. Verwendung von Cookies durch Dritte<\/a><\/li><li class='ez-toc-page-1 ez-toc-heading-level-2'><a class=\"ez-toc-link ez-toc-heading-5\" href=\"https:\/\/worldwatch.tokyo\/de\/cookie-richtlinie\/#4_Verwaltung_von_Cookies\" >4. Verwaltung von Cookies<\/a><\/li><li class='ez-toc-page-1 ez-toc-heading-level-2'><a class=\"ez-toc-link ez-toc-heading-6\" href=\"https:\/\/worldwatch.tokyo\/de\/cookie-richtlinie\/#5_Schutz_der_Privatsphaere\" >5. Schutz der Privatsph\u00e4re<\/a><\/li><li class='ez-toc-page-1 ez-toc-heading-level-2'><a class=\"ez-toc-link ez-toc-heading-7\" href=\"https:\/\/worldwatch.tokyo\/de\/cookie-richtlinie\/#6_Aenderungen_dieser_Richtlinie\" >6. \u00c4nderungen dieser Richtlinie<\/a><\/li><\/ul><\/nav><\/div>\n<h2 data-start=\"3348\" data-end=\"3377\"><span class=\"ez-toc-section\" id=\"Cookie-Richtlinie\"><\/span><strong data-start=\"3356\" data-end=\"3377\">Cookie-Richtlinie<\/strong><span class=\"ez-toc-section-end\"><\/span><\/h2>\n<p data-start=\"3379\" data-end=\"3648\">Diese Website (\u201edie Seite\u201c) verwendet Cookies, um die Benutzerfreundlichkeit zu verbessern, die Nutzung der Website zu analysieren und relevante Werbung bereitzustellen. Diese Richtlinie erkl\u00e4rt, was Cookies sind, wie wir sie verwenden und wie Sie sie verwalten k\u00f6nnen.<\/p>\n<h2 data-start=\"3650\" data-end=\"3907\"><span class=\"ez-toc-section\" id=\"1_Was_sind_Cookies\"><\/span><strong data-start=\"3650\" data-end=\"3673\">1. Was sind Cookies<\/strong><span class=\"ez-toc-section-end\"><\/span><\/h2>\n<p data-start=\"3650\" data-end=\"3907\"><br data-start=\"3673\" data-end=\"3676\" \/>Cookies sind kleine Datendateien, die zwischen einer Website und dem Browser eines Nutzers \u00fcbertragen und auf dem Ger\u00e4t des Nutzers gespeichert werden. Sie helfen, wiederkehrende Besucher zu erkennen und Einstellungen zu speichern.<\/p>\n<h2 data-start=\"3909\" data-end=\"3950\"><span class=\"ez-toc-section\" id=\"2_Zweck_der_Verwendung_von_Cookies\"><\/span><strong data-start=\"3909\" data-end=\"3948\">2. Zweck der Verwendung von Cookies<\/strong><span class=\"ez-toc-section-end\"><\/span><\/h2>\n<ul data-start=\"3951\" data-end=\"4161\">\n<li data-start=\"3951\" data-end=\"4012\">\n<p data-start=\"3953\" data-end=\"4012\">Aufrechterhaltung und Verbesserung der Website-Funktionen<\/p>\n<\/li>\n<li data-start=\"4013\" data-end=\"4061\">\n<p data-start=\"4015\" data-end=\"4061\">Analyse der Nutzung (z. B. Google Analytics)<\/p>\n<\/li>\n<li data-start=\"4062\" data-end=\"4122\">\n<p data-start=\"4064\" data-end=\"4122\">Bereitstellung relevanter Werbung (z. B. Google AdSense)<\/p>\n<\/li>\n<li data-start=\"4123\" data-end=\"4161\">\n<p data-start=\"4125\" data-end=\"4161\">Verbesserung der Benutzererfahrung<\/p>\n<\/li>\n<\/ul>\n<h2 data-start=\"4163\" data-end=\"4295\"><span class=\"ez-toc-section\" id=\"3_Verwendung_von_Cookies_durch_Dritte\"><\/span><strong data-start=\"4163\" data-end=\"4205\">3. Verwendung von Cookies durch Dritte<\/strong><span class=\"ez-toc-section-end\"><\/span><\/h2>\n<p data-start=\"4163\" data-end=\"4295\"><br data-start=\"4205\" data-end=\"4208\" \/>Dritte, wie Google, k\u00f6nnen Cookies verwenden, um interessenbasierte Werbung anzuzeigen.<\/p>\n<h2 data-start=\"4297\" data-end=\"4515\"><span class=\"ez-toc-section\" id=\"4_Verwaltung_von_Cookies\"><\/span><strong data-start=\"4297\" data-end=\"4326\">4. Verwaltung von Cookies<\/strong><span class=\"ez-toc-section-end\"><\/span><\/h2>\n<p data-start=\"4297\" data-end=\"4515\"><br data-start=\"4326\" data-end=\"4329\" \/>Sie k\u00f6nnen Cookies in den Einstellungen Ihres Browsers deaktivieren oder l\u00f6schen. Einige Funktionen der Website funktionieren m\u00f6glicherweise nicht richtig, wenn Cookies deaktiviert sind.<\/p>\n<h2 data-start=\"4517\" data-end=\"4672\"><span class=\"ez-toc-section\" id=\"5_Schutz_der_Privatsphaere\"><\/span><strong data-start=\"4517\" data-end=\"4547\">5. Schutz der Privatsph\u00e4re<\/strong><span class=\"ez-toc-section-end\"><\/span><\/h2>\n<p data-start=\"4517\" data-end=\"4672\"><br data-start=\"4547\" data-end=\"4550\" \/>Cookies erfassen keine personenbezogenen Daten. Wir verwalten Informationen in \u00dcbereinstimmung mit den geltenden Gesetzen.<\/p>\n<h2 data-start=\"4674\" data-end=\"4816\"><span class=\"ez-toc-section\" id=\"6_Aenderungen_dieser_Richtlinie\"><\/span><strong data-start=\"4674\" data-end=\"4709\">6. \u00c4nderungen dieser Richtlinie<\/strong><span class=\"ez-toc-section-end\"><\/span><\/h2>\n<p data-start=\"4674\" data-end=\"4816\"><br data-start=\"4709\" data-end=\"4712\" \/>Wir k\u00f6nnen diese Richtlinie bei Bedarf aktualisieren. \u00c4nderungen werden auf dieser Seite ver\u00f6ffentlicht.<\/p>\n<p data-start=\"4818\" data-end=\"4858\"><em data-start=\"4818\" data-end=\"4858\">Letzte Aktualisierung: 16. August 2025<\/em><\/p>\n","protected":false},"excerpt":{"rendered":"","protected":false},"author":1,"featured_media":4594,"parent":0,"menu_order":0,"comment_status":"closed","ping_status":"closed","template":"","meta":{"swell_btn_cv_data":"","footnotes":""},"class_list":["post-4606","page","type-page","status-publish","has-post-thumbnail","hentry"],"_links":{"self":[{"href":"https:\/\/worldwatch.tokyo\/de\/wp-json\/wp\/v2\/pages\/4606","targetHints":{"allow":["GET"]}}],"collection":[{"href":"https:\/\/worldwatch.tokyo\/de\/wp-json\/wp\/v2\/pages"}],"about":[{"href":"https:\/\/worldwatch.tokyo\/de\/wp-json\/wp\/v2\/types\/page"}],"author":[{"embeddable":true,"href":"https:\/\/worldwatch.tokyo\/de\/wp-json\/wp\/v2\/users\/1"}],"replies":[{"embeddable":true,"href":"https:\/\/worldwatch.tokyo\/de\/wp-json\/wp\/v2\/comments?post=4606"}],"version-history":[{"count":6,"href":"https:\/\/worldwatch.tokyo\/de\/wp-json\/wp\/v2\/pages\/4606\/revisions"}],"predecessor-version":[{"id":6679,"href":"https:\/\/worldwatch.tokyo\/de\/wp-json\/wp\/v2\/pages\/4606\/revisions\/6679"}],"wp:featuredmedia":[{"embeddable":true,"href":"https:\/\/worldwatch.tokyo\/de\/wp-json\/wp\/v2\/media\/4594"}],"wp:attachment":[{"href":"https:\/\/worldwatch.tokyo\/de\/wp-json\/wp\/v2\/media?parent=4606"}],"curies":[{"name":"wp","href":"https:\/\/api.w.org\/{rel}","templated":true}]}}