{"id":4279,"date":"2025-08-06T03:25:17","date_gmt":"2025-08-05T18:25:17","guid":{"rendered":"https:\/\/worldwatch.tokyo\/?page_id=4279"},"modified":"2025-08-27T23:21:32","modified_gmt":"2025-08-27T14:21:32","slug":"contact-jp","status":"publish","type":"page","link":"https:\/\/worldwatch.tokyo\/ja\/contact-jp\/","title":{"rendered":"\u304a\u554f\u3044\u5408\u308f\u305b"},"content":{"rendered":"\n\n<div class=\"wp-block-image\">\n<figure class=\"aligncenter size-large\"><img decoding=\"async\" width=\"1024\" height=\"683\" src=\"https:\/\/worldwatch.tokyo\/wp-content\/uploads\/2025\/08\/\u304a\u554f\u3044\u5408\u308f\u305b\u30d5\u30a9\u30fc\u30e0-\u65e5\u672c\u8a9e-1024x683.jpg\" alt=\"\" class=\"wp-image-4303\" srcset=\"https:\/\/worldwatch.tokyo\/wp-content\/uploads\/2025\/08\/\u304a\u554f\u3044\u5408\u308f\u305b\u30d5\u30a9\u30fc\u30e0-\u65e5\u672c\u8a9e-1024x683.jpg 1024w, https:\/\/worldwatch.tokyo\/wp-content\/uploads\/2025\/08\/\u304a\u554f\u3044\u5408\u308f\u305b\u30d5\u30a9\u30fc\u30e0-\u65e5\u672c\u8a9e-400x267.jpg 400w, https:\/\/worldwatch.tokyo\/wp-content\/uploads\/2025\/08\/\u304a\u554f\u3044\u5408\u308f\u305b\u30d5\u30a9\u30fc\u30e0-\u65e5\u672c\u8a9e-768x512.jpg 768w, https:\/\/worldwatch.tokyo\/wp-content\/uploads\/2025\/08\/\u304a\u554f\u3044\u5408\u308f\u305b\u30d5\u30a9\u30fc\u30e0-\u65e5\u672c\u8a9e.jpg 1200w\" sizes=\"(max-width: 1024px) 100vw, 1024px\" \/><\/figure>\n<\/div>\n\n\n\n\n<div class=\"contact-lang-switch\" aria-label=\"Language switch for contact page\">\n  <!-- \u65e5\u672c\u8a9e\uff08\u78ba\u5b9a\uff09 -->\n  <a href=\"https:\/\/worldwatch.tokyo\/contact-jp\/\" lang=\"ja\" title=\"\u65e5\u672c\u8a9e\u306e\u304a\u554f\u3044\u5408\u308f\u305b\u30da\u30fc\u30b8\">\u65e5\u672c\u8a9e<\/a>\n\n  <!-- \u4f8b: \u82f1\u8a9e\/\u30c8\u30eb\u30b3\u8a9e\/\u30c9\u30a4\u30c4\u8a9e\uff08\u5b9fURL\u306b\u7f6e\u304d\u63db\u3048\u3066OK\uff09 -->\n  <a href=\"https:\/\/worldwatch.tokyo\/contact\/\"  lang=\"en\" title=\"Contact page in English\">English<\/a>\n  <a href=\"https:\/\/worldwatch.tokyo\/iletisim\/\" lang=\"tr\" title=\"\u0130leti\u015fim sayfas\u0131 (T\u00fcrk\u00e7e)\">T\u00fcrk\u00e7e<\/a>\n  <a href=\"https:\/\/worldwatch.tokyo\/kontakt\/\"  lang=\"de\" title=\"Kontaktseite auf Deutsch\">Deutsch<\/a>\n<\/div>\n\n\n\n<h2>\u304a\u554f\u3044\u5408\u308f\u305b\u30d5\u30a9\u30fc\u30e0<\/h2>\n<p><span style=\"font-size: 20px;\">\u30d6\u30ed\u30b0\u300c<strong data-start=\"284\" data-end=\"305\">Noah\u2019s Walk in Turkey<\/strong>\u300d\u3078\u306e\u3054\u8a2a\u554f\u3042\u308a\u304c\u3068\u3046\u3054\u3056\u3044\u307e\u3059\u3002 <\/span><br \/><span style=\"font-size: 20px;\">\u3054\u8cea\u554f\u30fb\u3054\u610f\u898b\u30fb\u30b3\u30e9\u30dc\u306e\u3054\u63d0\u6848\u306a\u3069\u3001\u304a\u6c17\u8efd\u306b\u3054\u9023\u7d61\u304f\u3060\u3055\u3044\u3002 <\/span><br \/><span style=\"font-size: 20px;\">\u203b\u30c8\u30eb\u30b3\u306b\u95a2\u3059\u308b\u65c5\u884c\u60c5\u5831\u30fb\u751f\u6d3b\u30fb\u6587\u5316\u306a\u3069\u3078\u306e\u3054\u8cea\u554f\u3082\u6b53\u8fce\u3067\u3059\u3002<br \/><br \/>\n<div class=\"wpcf7 no-js\" id=\"wpcf7-f6890-o1\" lang=\"ja\" dir=\"ltr\" data-wpcf7-id=\"6890\">\n<div class=\"screen-reader-response\"><p role=\"status\" aria-live=\"polite\" aria-atomic=\"true\"><\/p> <ul><\/ul><\/div>\n<form action=\"\/ja\/wp-json\/wp\/v2\/pages\/4279#wpcf7-f6890-o1\" method=\"post\" class=\"wpcf7-form init\" aria-label=\"\u30b3\u30f3\u30bf\u30af\u30c8\u30d5\u30a9\u30fc\u30e0\" novalidate=\"novalidate\" data-status=\"init\">\n<fieldset class=\"hidden-fields-container\"><input type=\"hidden\" name=\"_wpcf7\" value=\"6890\" \/><input type=\"hidden\" name=\"_wpcf7_version\" value=\"6.1.5\" \/><input type=\"hidden\" name=\"_wpcf7_locale\" value=\"ja\" \/><input type=\"hidden\" name=\"_wpcf7_unit_tag\" value=\"wpcf7-f6890-o1\" \/><input type=\"hidden\" name=\"_wpcf7_container_post\" value=\"0\" \/><input type=\"hidden\" name=\"_wpcf7_posted_data_hash\" value=\"\" \/><input type=\"hidden\" name=\"_wpcf7_recaptcha_response\" value=\"\" \/>\n<\/fieldset>\n<p><label>\u304a\u540d\u524d\uff08\u5fc5\u9808\uff09<br \/>\n<span class=\"wpcf7-form-control-wrap\" data-name=\"your-name\"><input size=\"40\" maxlength=\"400\" class=\"wpcf7-form-control wpcf7-text wpcf7-validates-as-required\" autocomplete=\"name\" aria-required=\"true\" aria-invalid=\"false\" placeholder=\"\u5c71\u7530 \u592a\u90ce\" value=\"\" type=\"text\" name=\"your-name\" \/><\/span><br \/>\n<\/label>\n<\/p>\n<p><label>\u30e1\u30fc\u30eb\u30a2\u30c9\u30ec\u30b9\uff08\u5fc5\u9808\uff09<br \/>\n<span class=\"wpcf7-form-control-wrap\" data-name=\"your-email\"><input size=\"40\" maxlength=\"400\" class=\"wpcf7-form-control wpcf7-email wpcf7-validates-as-required wpcf7-text wpcf7-validates-as-email\" autocomplete=\"email\" aria-required=\"true\" aria-invalid=\"false\" placeholder=\"taro@example.com\" value=\"\" type=\"email\" name=\"your-email\" \/><\/span><br \/>\n<\/label>\n<\/p>\n<p><label>\u4ef6\u540d\uff08\u5fc5\u9808\uff09<br \/>\n<span class=\"wpcf7-form-control-wrap\" data-name=\"your-subject\"><input size=\"40\" maxlength=\"400\" class=\"wpcf7-form-control wpcf7-text wpcf7-validates-as-required\" aria-required=\"true\" aria-invalid=\"false\" placeholder=\"\u304a\u554f\u3044\u5408\u308f\u305b\u306b\u3064\u3044\u3066\" value=\"\" type=\"text\" name=\"your-subject\" \/><\/span><br \/>\n<\/label>\n<\/p>\n<p><label>\u304a\u554f\u3044\u5408\u308f\u305b\u5185\u5bb9\uff08\u4efb\u610f\uff09<br \/>\n<span class=\"wpcf7-form-control-wrap\" data-name=\"your-message\"><textarea cols=\"40\" rows=\"10\" maxlength=\"2000\" class=\"wpcf7-form-control wpcf7-textarea\" aria-invalid=\"false\" placeholder=\"\u3054\u7528\u4ef6\u3092\u3054\u8a18\u5165\u304f\u3060\u3055\u3044\" name=\"your-message\"><\/textarea><\/span><br \/>\n<\/label>\n<\/p>\n<p class=\"cf7-privacy-note\"><br \/>\n\u3053\u306e\u30d5\u30a9\u30fc\u30e0\u3092\u9001\u4fe1\u3059\u308b\u3053\u3068\u3067\u3001<br \/>\n<a target=\"_blank\" rel=\"nofollow noopener\" href=\"\/privacy-policy-ja\/\">\u30d7\u30e9\u30a4\u30d0\u30b7\u30fc\u30dd\u30ea\u30b7\u30fc<\/a> \u306b\u540c\u610f\u3057\u305f\u3082\u306e\u3068\u307f\u306a\u3057\u307e\u3059\u3002\n<\/p>\n<p><input class=\"wpcf7-form-control wpcf7-submit has-spinner\" type=\"submit\" value=\"\u9001\u4fe1\" \/>\n<\/p>\n<div class=\"cf7-akismet-note\">\n\t<p>\u3053\u306e\u30d5\u30a9\u30fc\u30e0\u306f\u30b9\u30d1\u30e0\u3092\u4f4e\u6e1b\u3059\u308b\u305f\u3081\u306b Akismet \u3092\u4f7f\u7528\u3057\u3066\u3044\u307e\u3059\u3002<br \/>\n<a target=\"_blank\" rel=\"nofollow noopener\" href=\"https:\/\/akismet.com\/privacy\/\">\u30c7\u30fc\u30bf\u306e\u51e6\u7406\u65b9\u6cd5\u306e\u8a73\u7d30\u306f\u3053\u3061\u3089<\/a>\u3092\u3054\u89a7\u304f\u3060\u3055\u3044\u3002\n\t<\/p>\n<\/div><p style=\"display: none !important;\" class=\"akismet-fields-container\" data-prefix=\"_wpcf7_ak_\"><label>&#916;<textarea name=\"_wpcf7_ak_hp_textarea\" cols=\"45\" rows=\"8\" maxlength=\"100\"><\/textarea><\/label><input type=\"hidden\" id=\"ak_js_1\" name=\"_wpcf7_ak_js\" value=\"9\"\/><script>document.getElementById( \"ak_js_1\" ).setAttribute( \"value\", ( new Date() ).getTime() );<\/script><\/p><div class=\"wpcf7-response-output\" aria-hidden=\"true\"><\/div>\n<\/form>\n<\/div>\n<br \/><br \/>\u3010\u3054\u6ce8\u610f\u3011 <br \/>\u30fb\u8ff7\u60d1\u30e1\u30fc\u30eb\u3084\u60aa\u8cea\u306a\u30e1\u30c3\u30bb\u30fc\u30b8\u306b\u306f\u8fd4\u4fe1\u3044\u305f\u3057\u307e\u305b\u3093\u3002 <br \/>\u30fb\u65e5\u672c\u8a9e\u30fb\u82f1\u8a9e\u30fb\u30c8\u30eb\u30b3\u8a9e\u30fb\u30c9\u30a4\u30c4\u8a9e\u3067\u5bfe\u5fdc\u53ef\u80fd\u3067\u3059\u3002 <br \/>\u30fb\u8fd4\u4fe1\u306b\u306f\u6570\u65e5\u304b\u304b\u308b\u5834\u5408\u304c\u3042\u308a\u307e\u3059\u3002\u3042\u3089\u304b\u3058\u3081\u3054\u4e86\u627f\u304f\u3060\u3055\u3044\u3002 <br \/>\u30fb\u30b9\u30d1\u30e0\u5bfe\u7b56\u306e\u305f\u3081\u3001Google\u306ereCAPTCHA\u3092\u4f7f\u7528\u3057\u3066\u3044\u307e\u3059<br \/><br \/><\/span><\/p>\n","protected":false},"excerpt":{"rendered":"<p>\u65e5\u672c\u8a9e English T\u00fcrk\u00e7e Deutsch<\/p>\n","protected":false},"author":1,"featured_media":4303,"parent":0,"menu_order":0,"comment_status":"closed","ping_status":"closed","template":"","meta":{"swell_btn_cv_data":"","footnotes":""},"class_list":["post-4279","page","type-page","status-publish","has-post-thumbnail","hentry"],"_links":{"self":[{"href":"https:\/\/worldwatch.tokyo\/ja\/wp-json\/wp\/v2\/pages\/4279","targetHints":{"allow":["GET"]}}],"collection":[{"href":"https:\/\/worldwatch.tokyo\/ja\/wp-json\/wp\/v2\/pages"}],"about":[{"href":"https:\/\/worldwatch.tokyo\/ja\/wp-json\/wp\/v2\/types\/page"}],"author":[{"embeddable":true,"href":"https:\/\/worldwatch.tokyo\/ja\/wp-json\/wp\/v2\/users\/1"}],"replies":[{"embeddable":true,"href":"https:\/\/worldwatch.tokyo\/ja\/wp-json\/wp\/v2\/comments?post=4279"}],"version-history":[{"count":23,"href":"https:\/\/worldwatch.tokyo\/ja\/wp-json\/wp\/v2\/pages\/4279\/revisions"}],"predecessor-version":[{"id":6898,"href":"https:\/\/worldwatch.tokyo\/ja\/wp-json\/wp\/v2\/pages\/4279\/revisions\/6898"}],"wp:featuredmedia":[{"embeddable":true,"href":"https:\/\/worldwatch.tokyo\/ja\/wp-json\/wp\/v2\/media\/4303"}],"wp:attachment":[{"href":"https:\/\/worldwatch.tokyo\/ja\/wp-json\/wp\/v2\/media?parent=4279"}],"curies":[{"name":"wp","href":"https:\/\/api.w.org\/{rel}","templated":true}]}}