{"id":8760,"date":"2026-05-10T15:11:59","date_gmt":"2026-05-10T06:11:59","guid":{"rendered":"https:\/\/worldwatch.tokyo\/?page_id=8760"},"modified":"2026-05-12T05:18:52","modified_gmt":"2026-05-11T20:18:52","slug":"%e3%82%a8%e3%83%94%e3%82%bd%e3%83%bc%e3%83%89%e4%b8%80%e8%a6%a7%ef%bd%9c%e3%83%90%e3%83%aa%e3%82%b7%e3%83%a5%e3%81%a8%e3%83%8e%e3%82%a2-%e2%80%95-%e8%a6%8b%e3%81%88%e3%81%aa%e3%81%84%e9%81%93%e3%82%92","status":"publish","type":"page","link":"https:\/\/worldwatch.tokyo\/ja\/baris-and-noah\/%e3%82%a8%e3%83%94%e3%82%bd%e3%83%bc%e3%83%89%e4%b8%80%e8%a6%a7%ef%bd%9c%e3%83%90%e3%83%aa%e3%82%b7%e3%83%a5%e3%81%a8%e3%83%8e%e3%82%a2-%e2%80%95-%e8%a6%8b%e3%81%88%e3%81%aa%e3%81%84%e9%81%93%e3%82%92\/","title":{"rendered":"\u30a8\u30d4\u30bd\u30fc\u30c9\u4e00\u89a7\uff5c\u30d0\u30ea\u30b7\u30e5\u3068\u30ce\u30a2 \u2015 \u898b\u3048\u306a\u3044\u9053\u3092\u6b69\u304f"},"content":{"rendered":"\n<figure class=\"wp-block-image size-large\"><img decoding=\"async\" src=\"https:\/\/worldwatch.tokyo\/wp-content\/uploads\/2026\/05\/baris-noah-cappadocia-sunset.jpg-1024x576.webp\" alt=\"Bar\u0131\u015f and Noah overlooking Cappadocia at sunset\" class=\"wp-image-8765\"\/><figcaption class=\"wp-element-caption\">Bar\u0131\u015f and Noah sitting quietly above the valleys of Cappadocia during sunset. The warm evening light, distant hot air balloons, and rocky landscape reflect the calm and cinematic atmosphere of the Bar\u0131\u015f &#038; Noah story world.<\/figcaption><\/figure>\n\n\n\n<p>\u9759\u304b\u306a\u65c5\u306f\u3001\u3053\u3053\u304b\u3089\u59cb\u307e\u308b\u3002<br>\u30a2\u30f3\u30ab\u30e9\u304b\u3089\u30ab\u30c3\u30d1\u30c9\u30ad\u30a2\u3078\u3002<br>\u305d\u3057\u3066\u3001\u898b\u3048\u306a\u3044\u9053\u306e\u5965\u3078\u3002<\/p>\n\n\n\n<p>\u300e\u30d0\u30ea\u30b7\u30e5\u3068\u30ce\u30a2 \u2015 \u898b\u3048\u306a\u3044\u9053\u3092\u6b69\u304f\u300f\u306e\u30a8\u30d4\u30bd\u30fc\u30c9\u4e00\u89a7\u3067\u3059\u3002<br>\u7b2c1\u8a71\u304b\u3089\u9806\u756a\u306b\u8aad\u3080\u3053\u3068\u3092\u304a\u3059\u3059\u3081\u3057\u307e\u3059\u3002<\/p>\n\n\n\n<div class=\"swell-block-button red_ -size-l is-style-btn_normal\"><a href=\"\" class=\"swell-block-button__link\"><span>&#x25b6; \u7b2c1\u8a71\uff5c\u65c5\u306e\u59cb\u307e\u308a\u3092\u8aad\u3080<\/span><\/a><\/div>\n\n\n\n<hr class=\"wp-block-separator has-alpha-channel-opacity\"\/>\n\n\n\n<figure class=\"wp-block-image size-large\"><img decoding=\"async\" src=\"https:\/\/worldwatch.tokyo\/wp-content\/uploads\/2026\/05\/baris-noah-ankara-castle-1024x576.webp\" alt=\"Bar\u0131\u015f overlooking Ankara Castle above the old city\" class=\"wp-image-8773\"\/><figcaption class=\"wp-element-caption\">The city stretched quietly beneath the old stone walls.<\/figcaption><\/figure>\n\n\n\n<div id=\"ez-toc-container\" class=\"ez-toc-v2_0_83 counter-hierarchy ez-toc-counter ez-toc-grey ez-toc-container-direction\">\n<div class=\"ez-toc-title-container\">\n<p class=\"ez-toc-title\" style=\"cursor:inherit\">Table of Contents<\/p>\n<span class=\"ez-toc-title-toggle\"><a href=\"#\" class=\"ez-toc-pull-right ez-toc-btn ez-toc-btn-xs ez-toc-btn-default ez-toc-toggle\" aria-label=\"Toggle Table of Content\"><span class=\"ez-toc-js-icon-con\"><span class=\"\"><span class=\"eztoc-hide\" style=\"display:none;\">Toggle<\/span><span class=\"ez-toc-icon-toggle-span\"><svg style=\"fill: #999;color:#999\" xmlns=\"http:\/\/www.w3.org\/2000\/svg\" class=\"list-377408\" width=\"20px\" height=\"20px\" viewBox=\"0 0 24 24\" fill=\"none\"><path d=\"M6 6H4v2h2V6zm14 0H8v2h12V6zM4 11h2v2H4v-2zm16 0H8v2h12v-2zM4 16h2v2H4v-2zm16 0H8v2h12v-2z\" fill=\"currentColor\"><\/path><\/svg><svg style=\"fill: #999;color:#999\" class=\"arrow-unsorted-368013\" xmlns=\"http:\/\/www.w3.org\/2000\/svg\" width=\"10px\" height=\"10px\" viewBox=\"0 0 24 24\" version=\"1.2\" baseProfile=\"tiny\"><path d=\"M18.2 9.3l-6.2-6.3-6.2 6.3c-.2.2-.3.4-.3.7s.1.5.3.7c.2.2.4.3.7.3h11c.3 0 .5-.1.7-.3.2-.2.3-.5.3-.7s-.1-.5-.3-.7zM5.8 14.7l6.2 6.3 6.2-6.3c.2-.2.3-.5.3-.7s-.1-.5-.3-.7c-.2-.2-.4-.3-.7-.3h-11c-.3 0-.5.1-.7.3-.2.2-.3.5-.3.7s.1.5.3.7z\"\/><\/svg><\/span><\/span><\/span><\/a><\/span><\/div>\n<nav><ul class='ez-toc-list ez-toc-list-level-1 ' ><li class='ez-toc-page-1 ez-toc-heading-level-2'><a class=\"ez-toc-link ez-toc-heading-1\" href=\"https:\/\/worldwatch.tokyo\/ja\/baris-and-noah\/%e3%82%a8%e3%83%94%e3%82%bd%e3%83%bc%e3%83%89%e4%b8%80%e8%a6%a7%ef%bd%9c%e3%83%90%e3%83%aa%e3%82%b7%e3%83%a5%e3%81%a8%e3%83%8e%e3%82%a2-%e2%80%95-%e8%a6%8b%e3%81%88%e3%81%aa%e3%81%84%e9%81%93%e3%82%92\/#%E7%AC%AC1%E7%AB%A0%EF%BD%9C%E3%82%A2%E3%83%B3%E3%82%AB%E3%83%A9_%E2%80%95_%E9%9D%99%E3%81%8B%E3%81%AA%E5%87%BA%E7%99%BA\" >\u7b2c1\u7ae0\uff5c\u30a2\u30f3\u30ab\u30e9 \u2015 \u9759\u304b\u306a\u51fa\u767a<\/a><\/li><li class='ez-toc-page-1 ez-toc-heading-level-2'><a class=\"ez-toc-link ez-toc-heading-2\" href=\"https:\/\/worldwatch.tokyo\/ja\/baris-and-noah\/%e3%82%a8%e3%83%94%e3%82%bd%e3%83%bc%e3%83%89%e4%b8%80%e8%a6%a7%ef%bd%9c%e3%83%90%e3%83%aa%e3%82%b7%e3%83%a5%e3%81%a8%e3%83%8e%e3%82%a2-%e2%80%95-%e8%a6%8b%e3%81%88%e3%81%aa%e3%81%84%e9%81%93%e3%82%92\/#%E7%AC%AC2%E7%AB%A0%EF%BD%9C%E3%82%AB%E3%83%83%E3%83%91%E3%83%89%E3%82%AD%E3%82%A2%E3%83%BB%E3%82%AE%E3%83%A7%E3%83%AC%E3%83%A1_%E2%80%95_%E8%A6%8B%E3%81%88%E3%81%AA%E3%81%84%E9%81%93%E3%81%AE%E5%A7%8B%E3%81%BE%E3%82%8A\" >\u7b2c2\u7ae0\uff5c\u30ab\u30c3\u30d1\u30c9\u30ad\u30a2\u30fb\u30ae\u30e7\u30ec\u30e1 \u2015 \u898b\u3048\u306a\u3044\u9053\u306e\u59cb\u307e\u308a<\/a><\/li><li class='ez-toc-page-1 ez-toc-heading-level-2'><a class=\"ez-toc-link ez-toc-heading-3\" href=\"https:\/\/worldwatch.tokyo\/ja\/baris-and-noah\/%e3%82%a8%e3%83%94%e3%82%bd%e3%83%bc%e3%83%89%e4%b8%80%e8%a6%a7%ef%bd%9c%e3%83%90%e3%83%aa%e3%82%b7%e3%83%a5%e3%81%a8%e3%83%8e%e3%82%a2-%e2%80%95-%e8%a6%8b%e3%81%88%e3%81%aa%e3%81%84%e9%81%93%e3%82%92\/#%E7%AC%AC3%E7%AB%A0%EF%BD%9C%E3%83%A9%E3%83%96%E3%83%90%E3%83%AC%E3%83%BC%E3%83%BB%E3%82%BC%E3%83%AB%E3%83%99_%E2%80%95_%E8%BF%91%E3%81%A5%E3%81%84%E3%81%A6%E3%81%8F%E3%82%8B%E5%BD%B1\" >\u7b2c3\u7ae0\uff5c\u30e9\u30d6\u30d0\u30ec\u30fc\u30fb\u30bc\u30eb\u30d9 \u2015 \u8fd1\u3065\u3044\u3066\u304f\u308b\u5f71<\/a><\/li><li class='ez-toc-page-1 ez-toc-heading-level-2'><a class=\"ez-toc-link ez-toc-heading-4\" href=\"https:\/\/worldwatch.tokyo\/ja\/baris-and-noah\/%e3%82%a8%e3%83%94%e3%82%bd%e3%83%bc%e3%83%89%e4%b8%80%e8%a6%a7%ef%bd%9c%e3%83%90%e3%83%aa%e3%82%b7%e3%83%a5%e3%81%a8%e3%83%8e%e3%82%a2-%e2%80%95-%e8%a6%8b%e3%81%88%e3%81%aa%e3%81%84%e9%81%93%e3%82%92\/#%E7%AC%AC4%E7%AB%A0%EF%BD%9C%E3%83%87%E3%83%AA%E3%83%B3%E3%82%AF%E3%83%A6%E5%9C%B0%E4%B8%8B%E9%83%BD%E5%B8%82_%E2%80%95_%E5%9C%B0%E4%B8%8B%E3%81%AB%E6%AE%8B%E3%82%8B%E7%88%B6%E3%81%AE%E5%BD%B1\" >\u7b2c4\u7ae0\uff5c\u30c7\u30ea\u30f3\u30af\u30e6\u5730\u4e0b\u90fd\u5e02 \u2015 \u5730\u4e0b\u306b\u6b8b\u308b\u7236\u306e\u5f71<\/a><\/li><\/ul><\/nav><\/div>\n<h2 class=\"wp-block-heading\"><span class=\"ez-toc-section\" id=\"%E7%AC%AC1%E7%AB%A0%EF%BD%9C%E3%82%A2%E3%83%B3%E3%82%AB%E3%83%A9_%E2%80%95_%E9%9D%99%E3%81%8B%E3%81%AA%E5%87%BA%E7%99%BA\"><\/span>\u7b2c1\u7ae0\uff5c\u30a2\u30f3\u30ab\u30e9 \u2015 \u9759\u304b\u306a\u51fa\u767a<span class=\"ez-toc-section-end\"><\/span><\/h2>\n\n\n\n<ul class=\"wp-block-list\">\n<li><a href=\"#\">\u7b2c1\u8a71\u3000\u30a2\u30f3\u30ab\u30e9\u306e\u9759\u304b\u306a\u671d\uff5c\u4eba\u751f\u306e\u610f\u5473\u3092\u63a2\u3059\u65c5\u306e\u59cb\u307e\u308a<\/a><\/li>\n\n\n\n<li><a href=\"#\">\u7b2c2\u8a71\u3000\u7236\u306e\u3044\u306a\u3044\u5bb6\uff5c\u30a2\u30f3\u30ab\u30e9\u306b\u6b8b\u308b\u6c88\u9ed9\u3068\u5bb6\u65cf\u306e\u8a18\u61b6<\/a><\/li>\n\n\n\n<li><a href=\"#\">\u7b2c3\u8a71\u3000\u30a2\u30f3\u30ab\u30e9\u306e\u5915\u66ae\u308c\u306e\u98df\u5353\uff5c\u30e0\u30b9\u30bf\u30d5\u30a1\u3068\u3044\u3046\u7236\u306e\u540d\u524d<\/a><\/li>\n\n\n\n<li><a href=\"#\">\u7b2c4\u8a71\u3000\u6bcd\u306e\u6c88\u9ed9\uff5c\u30a2\u30f3\u30ab\u30e9\u306e\u591c\u306b\u6b8b\u308b\u8a00\u3048\u306a\u3044\u8a18\u61b6<\/a><\/li>\n\n\n\n<li><a href=\"#\">\u7b2c5\u8a71\u3000\u53e4\u3044\u5f15\u304d\u51fa\u3057\uff5c\u6bcd\u306e\u6c88\u9ed9\u306e\u5965\u306b\u6b8b\u3055\u308c\u305f\u7236\u306e\u75d5\u8de1<\/a><\/li>\n\n\n\n<li><a href=\"#\">\u7b2c6\u8a71\u3000\u898b\u6163\u308c\u306a\u3044\u5730\u56f3\uff5c\u30a2\u30f3\u30ab\u30e9\u306e\u5bb6\u306b\u7720\u3063\u3066\u3044\u305f\u7236\u306e\u884c\u304d\u5148<\/a><\/li>\n\n\n\n<li><a href=\"#\">\u7b2c7\u8a71\u3000\u66f8\u304b\u308c\u3066\u3044\u306a\u3044\u884c\u304d\u5148\uff5c\u5730\u56f3\u306b\u6b8b\u3089\u306a\u304b\u3063\u305f\u7236\u306e\u76ee\u7684\u5730<\/a><\/li>\n\n\n\n<li><a href=\"#\">\u7b2c8\u8a71\u3000\u98a8\u306e\u9055\u548c\u611f\uff5c\u30a2\u30f3\u30ab\u30e9\u306e\u9759\u5bc2\u306b\u307e\u304e\u308c\u305f\u898b\u3048\u306a\u3044\u6c17\u914d<\/a><\/li>\n\n\n\n<li><a href=\"#\">\u7b2c9\u8a71\u3000\u7236\u306e\u9774\uff5c\u30a2\u30f3\u30ab\u30e9\u306e\u5bb6\u306b\u6b8b\u3055\u308c\u305f\u6700\u5f8c\u306e\u8db3\u8de1<\/a><\/li>\n\n\n\n<li><a href=\"#\">\u7b2c10\u8a71\u3000\u4f55\u3092\u3057\u3066\u3044\u305f\u4eba\u3060\uff1f\uff5c\u7236\u306e\u75d5\u8de1\u306b\u6b8b\u3055\u308c\u305f\u77db\u76fe\u306e\u8f2a\u90ed<\/a><\/li>\n\n\n\n<li><a href=\"#\">\u7b2c11\u8a71\u3000\u59b9\u306e\u6012\u308a\uff5c\u30a2\u30f3\u30ab\u30e9\u306e\u5bb6\u3067\u3053\u307c\u308c\u305f\u7236\u3078\u306e\u611f\u60c5<\/a><\/li>\n\n\n\n<li><a href=\"#\">\u7b2c12\u8a71\u3000\u4fe1\u3058\u3089\u308c\u306a\u3044\u8a18\u61b6\uff5c\u7236\u3092\u3081\u3050\u308b\u5bb6\u65cf\u306e\u98df\u3044\u9055\u3046\u904e\u53bb<\/a><\/li>\n\n\n\n<li><a href=\"#\">\u7b2c13\u8a71\u3000\u6bcd\u306e\u4e00\u8a00\uff5c\u300c\u77e5\u3089\u3055\u308c\u306a\u304b\u3063\u305f\u300d\u771f\u5b9f\u306b\u6c17\u3065\u304f\u671d<\/a><\/li>\n\n\n\n<li><a href=\"#\">\u7b2c14\u8a71\u3000\u30af\u30ba\u30e9\u30a4\u3067\u7acb\u3061\u6b62\u307e\u3063\u305f\u7406\u7531\uff5c\u51fa\u767a\u306e\u8ff7\u3044\u3068\u52d5\u3051\u306a\u3044\u77ac\u9593<\/a><\/li>\n\n\n\n<li><a href=\"#\">\u7b2c15\u8a71\u3000\u30af\u30ba\u30e9\u30a4\u306e\u30d0\u30b9\u505c\u3067\u8ff7\u3046\u5348\u5f8c\uff5c\u9032\u3080\u304b\u623b\u308b\u304b\u3092\u6c7a\u3081\u304d\u308c\u306a\u3044\u65e5<\/a><\/li>\n\n\n\n<li><a href=\"#\">\u7b2c16\u8a71\u3000\u30a2\u30f3\u30ab\u30e9\u30fb\u30a6\u30eb\u30b9\u3067\u99c5\u3078\u5411\u304b\u3046\u671d\uff5c\u9032\u3080\u304b\u623b\u308b\u304b\u3092\u6c7a\u3081\u304d\u308c\u306a\u3044\u65e5<\/a><\/li>\n\n\n\n<li><a href=\"#\">\u7b2c17\u8a71\u3000\u30a2\u30f3\u30ab\u30e9\u306e\u81ea\u5b85\u524d\u3067\u632f\u308a\u8fd4\u308b\u5bb6\uff5c\u7236\u306e\u8a18\u61b6\u3068\u72ac\u306e\u5f71\u304c\u6b8b\u308b\u671d<\/a><\/li>\n\n\n\n<li><a href=\"#\">\u7b2c18\u8a71\u3000\u30a2\u30f3\u30ab\u30e9\u30fb\u30cf\u30de\u30e2\u30cb\u30e5\u3067\u611f\u3058\u305f\u5fc3\u306e\u9055\u548c\u611f\uff5c\u9759\u304b\u306a\u8857\u3067\u306a\u305c\u304b\u843d\u3061\u7740\u304b\u306a\u3044\u5348\u5f8c<\/a><\/li>\n\n\n\n<li><a href=\"#\">\u7b2c19\u8a71\u3000\u30a2\u30f3\u30ab\u30e9\u306e\u4e18\u3067\u98a8\u304c\u80cc\u4e2d\u3092\u62bc\u3059\uff5c\u8a00\u8449\u306b\u3067\u304d\u306a\u3044\u51fa\u767a\u306e\u6c7a\u65ad<\/a><\/li>\n\n\n\n<li><a href=\"#\">\u7b2c20\u8a71\u3000\u30a2\u30f3\u30ab\u30e9\u306e\u30d0\u30b9\u30bf\u30fc\u30df\u30ca\u30eb\u3067\u8e0f\u307f\u51fa\u3059\u6700\u521d\u306e\u4e00\u6b69\uff5c\u8a00\u8449\u306b\u3067\u304d\u306a\u3044\u65c5\u7acb\u3061\u306e\u6c7a\u65ad<\/a><\/li>\n<\/ul>\n\n\n\n<div style=\"height:32px\" aria-hidden=\"true\" class=\"wp-block-spacer\"><\/div>\n\n\n\n<figure class=\"wp-block-image size-large\"><img decoding=\"async\" src=\"https:\/\/worldwatch.tokyo\/wp-content\/uploads\/2026\/05\/baris-noah-goreme-sunset-1024x576.webp\" alt=\"Bar\u0131\u015f overlooking G\u00f6reme at sunset in Cappadocia\" class=\"wp-image-8774\"\/><figcaption class=\"wp-element-caption\">The light faded slowly across the stone valleys of Cappadocia.<\/figcaption><\/figure>\n\n\n\n<h2 class=\"wp-block-heading\"><span class=\"ez-toc-section\" id=\"%E7%AC%AC2%E7%AB%A0%EF%BD%9C%E3%82%AB%E3%83%83%E3%83%91%E3%83%89%E3%82%AD%E3%82%A2%E3%83%BB%E3%82%AE%E3%83%A7%E3%83%AC%E3%83%A1_%E2%80%95_%E8%A6%8B%E3%81%88%E3%81%AA%E3%81%84%E9%81%93%E3%81%AE%E5%A7%8B%E3%81%BE%E3%82%8A\"><\/span>\u7b2c2\u7ae0\uff5c\u30ab\u30c3\u30d1\u30c9\u30ad\u30a2\u30fb\u30ae\u30e7\u30ec\u30e1 \u2015 \u898b\u3048\u306a\u3044\u9053\u306e\u59cb\u307e\u308a<span class=\"ez-toc-section-end\"><\/span><\/h2>\n\n\n\n<ul class=\"wp-block-list\">\n<li><a href=\"#\">\u7b2c21\u8a71\u3000\u30ae\u30e7\u30ec\u30e1\u306e\u671d\uff5c\u30ab\u30c3\u30d1\u30c9\u30ad\u30a2\u3067\u59cb\u307e\u308b\u898b\u3048\u306a\u3044\u9053<\/a><\/li>\n\n\n\n<li><a href=\"#\">\u7b2c22\u8a71\u3000\u30ae\u30e7\u30ec\u30e1\u306e\u6d1e\u7a9f\u4f4f\u5c45\uff5c\u7236\u306e\u5730\u56f3\u306b\u6b8b\u3055\u308c\u305f\u5730\u4e0b\u306e\u5165\u53e3<\/a><\/li>\n\n\n\n<li><a href=\"#\">\u7b2c23\u8a71\u3000\u30ae\u30e7\u30ec\u30e1\u306e\u7d30\u3044\u77f3\u306e\u8def\u5730\uff5c\u8ab0\u3082\u3044\u306a\u3044\u306f\u305a\u306e\u8db3\u97f3<\/a><\/li>\n\n\n\n<li><a href=\"#\">\u7b2c24\u8a71\u3000\u30ae\u30e7\u30ec\u30e1\u306e\u5ca9\u306e\u5c0f\u9053\uff5c\u8ab0\u3082\u3044\u306a\u3044\u5834\u6240\u304b\u3089\u306e\u8996\u7dda<\/a><\/li>\n\n\n\n<li><a href=\"#\">\u7b2c25\u8a71\u3000\u30ae\u30e7\u30ec\u30e1\u306e\u8c37\u306b\u898b\u3048\u305f\u9060\u304f\u306e\u72ac\uff5c\u30ab\u30c3\u30d1\u30c9\u30ad\u30a2\u3067\u52d5\u304d\u59cb\u3081\u308b\u5f71<\/a><\/li>\n\n\n\n<li><a href=\"#\">\u7b2c26\u8a71\u3000\u30ae\u30e7\u30ec\u30e1\u5c55\u671b\u53f0\u306b\u623b\u3063\u305f\u72ac\uff5c\u6628\u65e5\u3068\u540c\u3058\u5834\u6240\u306b\u6b8b\u308b\u9055\u548c\u611f<\/a><\/li>\n\n\n\n<li><a href=\"#\">\u7b2c27\u8a71\u3000\u30ae\u30e7\u30ec\u30e1\u306e\u5915\u66ae\u308c\u3068\u5947\u5ca9\u306e\u5f71\uff5c\u6d88\u3048\u305f\u72ac\u304c\u6b8b\u3057\u305f\u3082\u306e<\/a><\/li>\n\n\n\n<li><a href=\"#\">\u7b2c28\u8a71\u3000\u30ae\u30e7\u30ec\u30e1\u306e\u5206\u5c90\u3059\u308b\u7d30\u9053\uff5c\u8ffd\u3046\u304b\u623b\u308b\u304b\u3092\u9078\u3076\u5915\u66ae\u308c<\/a><\/li>\n\n\n\n<li><a href=\"#\">\u7b2c29\u8a71\u3000\u30ae\u30e7\u30ec\u30e1\u306e\u591c\u306e\u4e18\uff5c\u9759\u3051\u3055\u306e\u4e2d\u306b\u6b8b\u308b\u9055\u548c\u611f<\/a><\/li>\n\n\n\n<li><a href=\"#\">\u7b2c30\u8a71\u3000\u30ae\u30e7\u30ec\u30e1\u306e\u5bbf\u306e\u30c6\u30e9\u30b9\uff5c\u3053\u308c\u306f\u6c17\u306e\u305b\u3044\u306a\u306e\u304b<\/a><\/li>\n<\/ul>\n\n\n\n<div style=\"height:32px\" aria-hidden=\"true\" class=\"wp-block-spacer\"><\/div>\n\n\n\n<figure class=\"wp-block-image size-large\"><img decoding=\"async\" src=\"https:\/\/worldwatch.tokyo\/wp-content\/uploads\/2026\/05\/noah-cappadocia-valley-sunset-1024x576.webp\" alt=\"Noah watching the Cappadocia valleys at sunset\" class=\"wp-image-8775\"\/><figcaption class=\"wp-element-caption\">The valley remained still as evening settled over the stone paths.<\/figcaption><\/figure>\n\n\n\n<h2 class=\"wp-block-heading\"><span class=\"ez-toc-section\" id=\"%E7%AC%AC3%E7%AB%A0%EF%BD%9C%E3%83%A9%E3%83%96%E3%83%90%E3%83%AC%E3%83%BC%E3%83%BB%E3%82%BC%E3%83%AB%E3%83%99_%E2%80%95_%E8%BF%91%E3%81%A5%E3%81%84%E3%81%A6%E3%81%8F%E3%82%8B%E5%BD%B1\"><\/span>\u7b2c3\u7ae0\uff5c\u30e9\u30d6\u30d0\u30ec\u30fc\u30fb\u30bc\u30eb\u30d9 \u2015 \u8fd1\u3065\u3044\u3066\u304f\u308b\u5f71<span class=\"ez-toc-section-end\"><\/span><\/h2>\n\n\n\n<ul class=\"wp-block-list\">\n<li><a href=\"#\">\u7b2c31\u8a71\u3000\u30e9\u30d6\u30d0\u30ec\u30fc\u306b\u307e\u305f\u3044\u308b\u5f71\uff5c\u30ab\u30c3\u30d1\u30c9\u30ad\u30a2\u3067\u6d88\u3048\u306a\u3044\u72ac\u306e\u9055\u548c\u611f<\/a><\/li>\n\n\n\n<li><a href=\"#\">\u7b2c32\u8a71\u3000\u8ddd\u96e2\u304c\u5909\u308f\u3089\u306a\u3044\u72ac\uff5c\u30e9\u30d6\u30d0\u30ec\u30fc\u3067\u6df1\u307e\u308b\u30ab\u30c3\u30d1\u30c9\u30ad\u30a2\u306e\u9055\u548c\u611f<\/a><\/li>\n\n\n\n<li><a href=\"#\">\u7b2c33\u8a71\u3000\u9003\u3052\u306a\u3044\u5b58\u5728\uff5c\u30ab\u30c3\u30d1\u30c9\u30ad\u30a2\u30fb\u30e9\u30d6\u30d0\u30ec\u30fc\u3067\u6df1\u307e\u308b\u72ac\u306e\u8b0e<\/a><\/li>\n\n\n\n<li><a href=\"#\">\u7b2c34\u8a71\u3000\u76ee\u304c\u5408\u3046\u77ac\u9593\uff5c\u30ab\u30c3\u30d1\u30c9\u30ad\u30a2\u30fb\u30e9\u30d6\u30d0\u30ec\u30fc\u3067\u72ac\u306e\u8b0e\u304c\u8fd1\u3065\u304f<\/a><\/li>\n\n\n\n<li><a href=\"#\">\u7b2c35\u8a71\u3000\u7406\u89e3\u3067\u304d\u306a\u3044\u72ac\uff5c\u30bc\u30eb\u30d9\u306e\u5ec3\u589f\u3067\u5d29\u308c\u59cb\u3081\u308b\u30ab\u30c3\u30d1\u30c9\u30ad\u30a2\u306e\u73fe\u5b9f<\/a><\/li>\n\n\n\n<li><a href=\"#\">\u7b2c36\u8a71\u3000\u611f\u899a\u306e\u30ba\u30ec\uff5c\u30bc\u30eb\u30d9\u306e\u5d29\u308c\u305f\u6d1e\u7a9f\u3067\u6df1\u307e\u308b\u30ab\u30c3\u30d1\u30c9\u30ad\u30a2\u306e\u8b0e<\/a><\/li>\n\n\n\n<li><a href=\"#\">\u7b2c37\u8a71\u3000\u540c\u3058\u72ac\u3060\uff5c\u30bc\u30eb\u30d9\u306e\u5e83\u5834\u3067\u78ba\u4fe1\u306b\u5909\u308f\u308b\u30ab\u30c3\u30d1\u30c9\u30ad\u30a2\u306e\u8b0e<\/a><\/li>\n\n\n\n<li><a href=\"#\">\u7b2c38\u8a71\u3000\u5fc3\u304c\u63fa\u308c\u308b\uff5c\u30bc\u30eb\u30d9\u306e\u8c37\u306e\u51fa\u53e3\u3067\u8fd1\u3065\u3051\u306a\u3044\u72ac\u306e\u8b0e<\/a><\/li>\n\n\n\n<li><a href=\"#\">\u7b2c39\u8a71\u3000\u8fd1\u3065\u3051\u306a\u3044\u72ac\uff5c\u30bc\u30eb\u30d9\u306e\u72ed\u3044\u901a\u8def\u3067\u6b62\u307e\u308b\u30ab\u30c3\u30d1\u30c9\u30ad\u30a2\u306e\u8b0e<\/a><\/li>\n\n\n\n<li><a href=\"#\">\u7b2c40\u8a71\u3000\u3042\u306e\u72ac\u306f\u4f55\u3060\uff1f\uff5c\u30bc\u30eb\u30d9\u306e\u9ad8\u53f0\u3067\u78ba\u4fe1\u306b\u5909\u308f\u308b\u30ab\u30c3\u30d1\u30c9\u30ad\u30a2\u306e\u8b0e<\/a><\/li>\n<\/ul>\n\n\n\n<div style=\"height:32px\" aria-hidden=\"true\" class=\"wp-block-spacer\"><\/div>\n\n\n\n<figure class=\"wp-block-image size-large\"><img decoding=\"async\" src=\"https:\/\/worldwatch.tokyo\/wp-content\/uploads\/2026\/05\/noah-underground-city-cappadocia-1024x576.webp\" alt=\"Noah inside an underground cave city in Cappadocia\" class=\"wp-image-8776\"\/><figcaption class=\"wp-element-caption\">Warm light drifted quietly through the hidden passages below the valley.<\/figcaption><\/figure>\n\n\n\n<h2 class=\"wp-block-heading\"><span class=\"ez-toc-section\" id=\"%E7%AC%AC4%E7%AB%A0%EF%BD%9C%E3%83%87%E3%83%AA%E3%83%B3%E3%82%AF%E3%83%A6%E5%9C%B0%E4%B8%8B%E9%83%BD%E5%B8%82_%E2%80%95_%E5%9C%B0%E4%B8%8B%E3%81%AB%E6%AE%8B%E3%82%8B%E7%88%B6%E3%81%AE%E5%BD%B1\"><\/span>\u7b2c4\u7ae0\uff5c\u30c7\u30ea\u30f3\u30af\u30e6\u5730\u4e0b\u90fd\u5e02 \u2015 \u5730\u4e0b\u306b\u6b8b\u308b\u7236\u306e\u5f71<span class=\"ez-toc-section-end\"><\/span><\/h2>\n\n\n\n<ul class=\"wp-block-list\">\n<li><a href=\"#\">\u7b2c41\u8a71\u3000\u518d\u3073\u5730\u4e0b\u3078\uff5c\u30c7\u30ea\u30f3\u30af\u30e6\u5730\u4e0b\u90fd\u5e02\u3067\u7236\u306e\u5f71\u3092\u8ffd\u3046<\/a><\/li>\n\n\n\n<li><a href=\"#\">\u7b2c42\u8a71\u3000\u30c7\u30ea\u30f3\u30af\u30e6\u5730\u4e0b\u90fd\u5e02\u306b\u6b8b\u3055\u308c\u305f\u75d5\u8de1<\/a><\/li>\n\n\n\n<li><a href=\"#\">\u7b2c43\u8a71\u3000\u30c7\u30ea\u30f3\u30af\u30e6\u5730\u4e0b\u90fd\u5e02\u306b\u4f3c\u3066\u3044\u308b\u6587\u5b57<\/a><\/li>\n\n\n\n<li><a href=\"#\">\u7b2c44\u8a71\u3000\u30c7\u30ea\u30f3\u30af\u30e6\u5730\u4e0b\u90fd\u5e02\u3001\u8ab0\u3082\u3044\u306a\u3044\u306f\u305a\u306e\u901a\u8def<\/a><\/li>\n\n\n\n<li><a href=\"#\">\u7b2c45\u8a71\u3000\u30c7\u30ea\u30f3\u30af\u30e6\u5730\u4e0b\u90fd\u5e02\u306b\u6f02\u3046\u6c17\u914d<\/a><\/li>\n\n\n\n<li><a href=\"#\">\u7b2c46\u8a71\u3000\u30c7\u30ea\u30f3\u30af\u30e6\u5730\u4e0b\u90fd\u5e02\u3001\u305d\u3053\u306b\u3044\u308b\u5b58\u5728<\/a><\/li>\n\n\n\n<li><a href=\"#\">\u7b2c47\u8a71\u3000\u30c7\u30ea\u30f3\u30af\u30e6\u5730\u4e0b\u90fd\u5e02\u3067\u76ee\u304c\u5408\u3046<\/a><\/li>\n\n\n\n<li><a href=\"#\">\u7b2c48\u8a71\u3000\u30c7\u30ea\u30f3\u30af\u30e6\u5730\u4e0b\u90fd\u5e02\u3067\u4e00\u6b69\u8fd1\u3065\u304f<\/a><\/li>\n\n\n\n<li><a href=\"#\">\u7b2c49\u8a71\u3000\u30c7\u30ea\u30f3\u30af\u30e6\u5730\u4e0b\u90fd\u5e02\u306e\u9003\u3052\u306a\u3044\u5b58\u5728<\/a><\/li>\n\n\n\n<li><a href=\"#\">\u7b2c50\u8a71\u3000\u30c7\u30ea\u30f3\u30af\u30e6\u5730\u4e0b\u90fd\u5e02\u3067\u624b\u3092\u4f38\u3070\u3059<\/a><\/li>\n<\/ul>\n\n\n\n<hr class=\"wp-block-separator has-alpha-channel-opacity\"\/>\n\n\n\n<p>\u3053\u306e\u7269\u8a9e\u306f\u5168300\u8a71\u3067\u69cb\u6210\u3055\u308c\u3066\u3044\u307e\u3059\u3002<br>\u65b0\u3057\u3044\u30a8\u30d4\u30bd\u30fc\u30c9\u306f\u9806\u6b21\u8ffd\u52a0\u3057\u3066\u3044\u304d\u307e\u3059\u3002<\/p>\n\n\n\n<div class=\"swell-block-button red_ -size-l is-style-btn_normal\"><a href=\"\" class=\"swell-block-button__link\"><span>&#x25b6; \u7b2c1\u8a71\uff5c\u65c5\u306e\u59cb\u307e\u308a\u3092\u8aad\u3080<\/span><\/a><\/div>\n","protected":false},"excerpt":{"rendered":"<p>\u9759\u304b\u306a\u65c5\u306f\u3001\u3053\u3053\u304b\u3089\u59cb\u307e\u308b\u3002\u30a2\u30f3\u30ab\u30e9\u304b\u3089\u30ab\u30c3\u30d1\u30c9\u30ad\u30a2\u3078\u3002\u305d\u3057\u3066\u3001\u898b\u3048\u306a\u3044\u9053\u306e\u5965\u3078\u3002 \u300e\u30d0\u30ea\u30b7\u30e5\u3068\u30ce\u30a2 \u2015 \u898b\u3048\u306a\u3044\u9053\u3092\u6b69\u304f\u300f\u306e\u30a8\u30d4\u30bd\u30fc\u30c9\u4e00\u89a7\u3067\u3059\u3002\u7b2c1\u8a71\u304b\u3089\u9806\u756a\u306b\u8aad\u3080\u3053\u3068\u3092\u304a\u3059\u3059\u3081\u3057\u307e\u3059\u3002 \u7b2c1\u7ae0\uff5c\u30a2\u30f3\u30ab\u30e9 \u2015 \u9759\u304b\u306a\u51fa [&hellip;]<\/p>\n","protected":false},"author":1,"featured_media":8891,"parent":9083,"menu_order":0,"comment_status":"closed","ping_status":"closed","template":"","meta":{"swell_btn_cv_data":"","footnotes":""},"class_list":["post-8760","page","type-page","status-publish","has-post-thumbnail","hentry"],"_links":{"self":[{"href":"https:\/\/worldwatch.tokyo\/ja\/wp-json\/wp\/v2\/pages\/8760","targetHints":{"allow":["GET"]}}],"collection":[{"href":"https:\/\/worldwatch.tokyo\/ja\/wp-json\/wp\/v2\/pages"}],"about":[{"href":"https:\/\/worldwatch.tokyo\/ja\/wp-json\/wp\/v2\/types\/page"}],"author":[{"embeddable":true,"href":"https:\/\/worldwatch.tokyo\/ja\/wp-json\/wp\/v2\/users\/1"}],"replies":[{"embeddable":true,"href":"https:\/\/worldwatch.tokyo\/ja\/wp-json\/wp\/v2\/comments?post=8760"}],"version-history":[{"count":3,"href":"https:\/\/worldwatch.tokyo\/ja\/wp-json\/wp\/v2\/pages\/8760\/revisions"}],"predecessor-version":[{"id":8892,"href":"https:\/\/worldwatch.tokyo\/ja\/wp-json\/wp\/v2\/pages\/8760\/revisions\/8892"}],"up":[{"embeddable":true,"href":"https:\/\/worldwatch.tokyo\/ja\/wp-json\/wp\/v2\/pages\/9083"}],"wp:featuredmedia":[{"embeddable":true,"href":"https:\/\/worldwatch.tokyo\/ja\/wp-json\/wp\/v2\/media\/8891"}],"wp:attachment":[{"href":"https:\/\/worldwatch.tokyo\/ja\/wp-json\/wp\/v2\/media?parent=8760"}],"curies":[{"name":"wp","href":"https:\/\/api.w.org\/{rel}","templated":true}]}}