{"id":4370,"date":"2025-08-06T03:25:17","date_gmt":"2025-08-05T18:25:17","guid":{"rendered":"https:\/\/worldwatch.tokyo\/?page_id=4370"},"modified":"2025-08-27T23:22:48","modified_gmt":"2025-08-27T14:22:48","slug":"iletisim","status":"publish","type":"page","link":"https:\/\/worldwatch.tokyo\/tr\/iletisim\/","title":{"rendered":"\u0130leti\u015fim"},"content":{"rendered":"<div class=\"wp-block-image\">\n<figure class=\"aligncenter size-full\"><img decoding=\"async\" width=\"900\" height=\"600\" src=\"https:\/\/worldwatch.tokyo\/wp-content\/uploads\/2025\/08\/Iletisim-tr.jpg\" alt=\"\u0130leti\u015fim--tr\" class=\"wp-image-4371\" srcset=\"https:\/\/worldwatch.tokyo\/wp-content\/uploads\/2025\/08\/Iletisim-tr.jpg 900w, https:\/\/worldwatch.tokyo\/wp-content\/uploads\/2025\/08\/Iletisim-tr-400x267.jpg 400w, https:\/\/worldwatch.tokyo\/wp-content\/uploads\/2025\/08\/Iletisim-tr-768x512.jpg 768w\" sizes=\"(max-width: 900px) 100vw, 900px\" \/><figcaption class=\"wp-element-caption\">\u0130leti\u015fim&#8211;tr<\/figcaption><\/figure>\n<\/div>\n\n\n<div class=\"contact-lang-switch\" aria-label=\"Language switch for contact page\">\n  <!-- \u65e5\u672c\u8a9e\uff08\u78ba\u5b9a\uff09 -->\n  <a href=\"https:\/\/worldwatch.tokyo\/contact-jp\/\" lang=\"ja\" title=\"\u65e5\u672c\u8a9e\u306e\u304a\u554f\u3044\u5408\u308f\u305b\u30da\u30fc\u30b8\">\u65e5\u672c\u8a9e<\/a>\n\n  <!-- \u4f8b: \u82f1\u8a9e\/\u30c8\u30eb\u30b3\u8a9e\/\u30c9\u30a4\u30c4\u8a9e\uff08\u5b9fURL\u306b\u7f6e\u304d\u63db\u3048\u3066OK\uff09 -->\n  <a href=\"https:\/\/worldwatch.tokyo\/contact\/\"  lang=\"en\" title=\"Contact page in English\">English<\/a>\n  <a href=\"https:\/\/worldwatch.tokyo\/iletisim\/\" lang=\"tr\" title=\"\u0130leti\u015fim sayfas\u0131 (T\u00fcrk\u00e7e)\">T\u00fcrk\u00e7e<\/a>\n  <a href=\"https:\/\/worldwatch.tokyo\/kontakt\/\"  lang=\"de\" title=\"Kontaktseite auf Deutsch\">Deutsch<\/a>\n<\/div>\n\n\n\n<h2>\u0130leti\u015fim Formu<\/h2>\n\n\n\n<p><span style=\"font-size: 20px;\">Blog <strong data-start=\"78\" data-end=\"101\">&#8220;Noah\u2019s Walk in Turkey&#8221;<\/strong>\u2019ye ziyaretiniz i\u00e7in te\u015fekk\u00fcr ederiz.<\/span><br data-start=\"138\" data-end=\"141\" \/><span style=\"font-size: 20px;\">Sorular\u0131n\u0131z, g\u00f6r\u00fc\u015fleriniz veya i\u015f birli\u011fi tekliflerinizi bizimle \u00e7ekinmeden payla\u015fabilirsiniz.<\/span><br data-start=\"235\" data-end=\"238\" \/><span style=\"font-size: 20px;\">\u203b T\u00fcrkiye ile ilgili seyahat bilgileri, ya\u015fam, k\u00fclt\u00fcr vb. konulardaki sorular\u0131n\u0131z\u0131 da memnuniyetle kar\u015f\u0131l\u0131yoruz.<\/span><br \/><br \/>\n<div class=\"wpcf7 no-js\" id=\"wpcf7-f6889-o1\" lang=\"tr-TR\" dir=\"ltr\" data-wpcf7-id=\"6889\">\n<div class=\"screen-reader-response\"><p role=\"status\" aria-live=\"polite\" aria-atomic=\"true\"><\/p> <ul><\/ul><\/div>\n<form action=\"\/tr\/wp-json\/wp\/v2\/pages\/4370#wpcf7-f6889-o1\" method=\"post\" class=\"wpcf7-form init\" aria-label=\"\u0130leti\u015fim Formu\" novalidate=\"novalidate\" data-status=\"init\">\n<fieldset class=\"hidden-fields-container\"><input type=\"hidden\" name=\"_wpcf7\" value=\"6889\" \/><input type=\"hidden\" name=\"_wpcf7_version\" value=\"6.1.5\" \/><input type=\"hidden\" name=\"_wpcf7_locale\" value=\"tr_TR\" \/><input type=\"hidden\" name=\"_wpcf7_unit_tag\" value=\"wpcf7-f6889-o1\" \/><input type=\"hidden\" name=\"_wpcf7_container_post\" value=\"0\" \/><input type=\"hidden\" name=\"_wpcf7_posted_data_hash\" value=\"\" \/><input type=\"hidden\" name=\"_wpcf7_recaptcha_response\" value=\"\" \/>\n<\/fieldset>\n<p><label>Ad\u0131n\u0131z (zorunlu)<br \/>\n<span class=\"wpcf7-form-control-wrap\" data-name=\"your-name\"><input size=\"40\" maxlength=\"400\" class=\"wpcf7-form-control wpcf7-text wpcf7-validates-as-required\" autocomplete=\"name\" aria-required=\"true\" aria-invalid=\"false\" placeholder=\"Ahmet Y\u0131lmaz\" value=\"\" type=\"text\" name=\"your-name\" \/><\/span><br \/>\n<\/label>\n<\/p>\n<p><label>E-posta adresiniz (zorunlu)<br \/>\n<span class=\"wpcf7-form-control-wrap\" data-name=\"your-email\"><input size=\"40\" maxlength=\"400\" class=\"wpcf7-form-control wpcf7-email wpcf7-validates-as-required wpcf7-text wpcf7-validates-as-email\" autocomplete=\"email\" aria-required=\"true\" aria-invalid=\"false\" placeholder=\"ahmet@example.com\" value=\"\" type=\"email\" name=\"your-email\" \/><\/span><br \/>\n<\/label>\n<\/p>\n<p><label>Konu (zorunlu)<br \/>\n<span class=\"wpcf7-form-control-wrap\" data-name=\"your-subject\"><input size=\"40\" maxlength=\"400\" class=\"wpcf7-form-control wpcf7-text wpcf7-validates-as-required\" aria-required=\"true\" aria-invalid=\"false\" placeholder=\"Hakk\u0131nda...\" value=\"\" type=\"text\" name=\"your-subject\" \/><\/span><br \/>\n<\/label>\n<\/p>\n<p><label>Mesaj\u0131n\u0131z (iste\u011fe ba\u011fl\u0131)<br \/>\n<span class=\"wpcf7-form-control-wrap\" data-name=\"your-message\"><textarea cols=\"40\" rows=\"10\" maxlength=\"2000\" class=\"wpcf7-form-control wpcf7-textarea\" aria-invalid=\"false\" placeholder=\"L\u00fctfen mesaj\u0131n\u0131z\u0131 yaz\u0131n\" name=\"your-message\"><\/textarea><\/span><br \/>\n<\/label>\n<\/p>\n<p><label class=\"cf7-acceptance\"> Gizlilik politikas\u0131n\u0131 kabul ediyorum (zorunlu)<br \/>\n[acceptance* privacy-consent]<br \/>\n<span class=\"cf7-privacy-note\"><br \/>\n<a target=\"_blank\" rel=\"nofollow noopener\" href=\"\/gizlilik-politikasi\/\">Gizlilik Politikas\u0131<\/a>.<br \/>\n<\/span><br \/>\n<\/label>\n<\/p>\n<p><input class=\"wpcf7-form-control wpcf7-submit has-spinner\" type=\"submit\" value=\"G\u00f6nder\" \/>\n<\/p>\n<div class=\"cf7-akismet-note\">\n\t<p>Bu site, istenmeyen postalar\u0131 azaltmak i\u00e7in Akismet kullan\u0131yor.<br \/>\n<a target=\"_blank\" rel=\"nofollow noopener\" href=\"https:\/\/akismet.com\/privacy\/\">Verilerinizin nas\u0131l i\u015flendi\u011fini \u00f6\u011frenin<\/a>.\n\t<\/p>\n<\/div>\n<p style=\"display: none !important;\" class=\"akismet-fields-container\" data-prefix=\"_wpcf7_ak_\"><label>&#916;<textarea name=\"_wpcf7_ak_hp_textarea\" cols=\"45\" rows=\"8\" maxlength=\"100\"><\/textarea><\/label><input type=\"hidden\" id=\"ak_js_1\" name=\"_wpcf7_ak_js\" value=\"120\"\/><script>document.getElementById( \"ak_js_1\" ).setAttribute( \"value\", ( new Date() ).getTime() );<\/script><\/p><div class=\"wpcf7-response-output\" aria-hidden=\"true\"><\/div>\n<\/form>\n<\/div>\n<\/p>\n<hr data-start=\"740\" data-end=\"743\" \/>\n<p data-start=\"745\" data-end=\"759\"><span style=\"font-size: 20px;\"><strong data-start=\"745\" data-end=\"757\">\u3010Dikkat\u3011<\/strong><\/span><\/p>\n<ul data-start=\"760\" data-end=\"1026\">\n<li data-start=\"760\" data-end=\"812\">\n<p data-start=\"762\" data-end=\"812\"><span style=\"font-size: 20px;\">Spam veya k\u00f6t\u00fc niyetli mesajlara yan\u0131t verilmez.<\/span><\/p>\n<\/li>\n<li data-start=\"813\" data-end=\"887\">\n<p data-start=\"815\" data-end=\"887\"><span style=\"font-size: 20px;\">Japonca, \u0130ngilizce, T\u00fcrk\u00e7e ve Almanca dillerinde ileti\u015fim kurulabilir.<\/span><\/p>\n<\/li>\n<li data-start=\"888\" data-end=\"962\">\n<p data-start=\"890\" data-end=\"962\"><span style=\"font-size: 20px;\">Yan\u0131t vermemiz birka\u00e7 g\u00fcn s\u00fcrebilir; anlay\u0131\u015f\u0131n\u0131z i\u00e7in te\u015fekk\u00fcr ederiz.<\/span><\/p>\n<\/li>\n<li data-start=\"963\" data-end=\"1026\">\n<p data-start=\"965\" data-end=\"1026\"><span style=\"font-size: 20px;\">Spam \u00f6nleme amac\u0131yla <strong data-start=\"986\" data-end=\"1006\">Google reCAPTCHA<\/strong> kullan\u0131lmaktad\u0131r.<\/span><\/p>\n<\/li>\n<\/ul>\n","protected":false},"excerpt":{"rendered":"<p>\u65e5\u672c\u8a9e English T\u00fcrk\u00e7e Deutsch<\/p>\n","protected":false},"author":1,"featured_media":4371,"parent":0,"menu_order":0,"comment_status":"closed","ping_status":"closed","template":"","meta":{"swell_btn_cv_data":"","footnotes":""},"class_list":["post-4370","page","type-page","status-publish","has-post-thumbnail","hentry"],"_links":{"self":[{"href":"https:\/\/worldwatch.tokyo\/tr\/wp-json\/wp\/v2\/pages\/4370","targetHints":{"allow":["GET"]}}],"collection":[{"href":"https:\/\/worldwatch.tokyo\/tr\/wp-json\/wp\/v2\/pages"}],"about":[{"href":"https:\/\/worldwatch.tokyo\/tr\/wp-json\/wp\/v2\/types\/page"}],"author":[{"embeddable":true,"href":"https:\/\/worldwatch.tokyo\/tr\/wp-json\/wp\/v2\/users\/1"}],"replies":[{"embeddable":true,"href":"https:\/\/worldwatch.tokyo\/tr\/wp-json\/wp\/v2\/comments?post=4370"}],"version-history":[{"count":10,"href":"https:\/\/worldwatch.tokyo\/tr\/wp-json\/wp\/v2\/pages\/4370\/revisions"}],"predecessor-version":[{"id":6901,"href":"https:\/\/worldwatch.tokyo\/tr\/wp-json\/wp\/v2\/pages\/4370\/revisions\/6901"}],"wp:featuredmedia":[{"embeddable":true,"href":"https:\/\/worldwatch.tokyo\/tr\/wp-json\/wp\/v2\/media\/4371"}],"wp:attachment":[{"href":"https:\/\/worldwatch.tokyo\/tr\/wp-json\/wp\/v2\/media?parent=4370"}],"curies":[{"name":"wp","href":"https:\/\/api.w.org\/{rel}","templated":true}]}}