{"id":4430,"date":"2025-08-14T18:03:55","date_gmt":"2025-08-14T09:03:55","guid":{"rendered":"https:\/\/worldwatch.tokyo\/?page_id=4430"},"modified":"2025-08-26T03:27:35","modified_gmt":"2025-08-25T18:27:35","slug":"main-page-2","status":"publish","type":"page","link":"https:\/\/worldwatch.tokyo\/tr\/","title":{"rendered":"Ana Sayfa"},"content":{"rendered":"\n<!-- Language CTA (Custom HTML block) -->\n<div class=\"lang-cta\" aria-label=\"Select your language\">\n  <p class=\"lang-cta__title\">Select your language<\/p>\n  <nav class=\"lang-cta__grid\" aria-label=\"Language selector\">\n\n    <!-- \u65e5\u672c\u8a9e -->\n    <a class=\"lang-cta__btn\" href=\"\/ja\/\" hreflang=\"ja\" aria-label=\"Switch to Japanese site\">\n      <span class=\"lang-cta__flag\" aria-hidden=\"true\">\n        <svg viewBox=\"0 0 3 2\" xmlns=\"http:\/\/www.w3.org\/2000\/svg\">\n          <rect width=\"3\" height=\"2\" fill=\"#fff\"\/>\n          <circle cx=\"1.5\" cy=\"1\" r=\"0.6\" fill=\"#bc002d\"\/>\n        <\/svg>\n      <\/span>\n      <span class=\"lang-cta__label\" lang=\"ja\">\u65e5\u672c\u8a9e<\/span>\n    <\/a>\n\n    <!-- English\uff08\u82f1\u8a9e\u304c\u65e2\u5b9a\u8a00\u8a9e\u306e\u305f\u3081 \/ \u3067OK\u3002\u5c06\u6765 \/en\/ \u904b\u7528\u306a\u3089 href \u3092 \/en\/ \u306b\u5909\u66f4\uff09-->\n    <a class=\"lang-cta__btn\" href=\"\/\" hreflang=\"en\" aria-label=\"Switch to English site\">\n      <span class=\"lang-cta__flag\" aria-hidden=\"true\">\n        <!-- Union Jack\uff08\u7c21\u6613\uff09 -->\n        <svg viewBox=\"0 0 60 30\" xmlns=\"http:\/\/www.w3.org\/2000\/svg\">\n          <rect width=\"60\" height=\"30\" fill=\"#012169\"\/>\n          <path d=\"M0,0 L60,30 M60,0 L0,30\" stroke=\"#fff\" stroke-width=\"6\"\/>\n          <rect x=\"0\" y=\"12\" width=\"60\" height=\"6\" fill=\"#fff\"\/>\n          <rect x=\"27\" y=\"0\" width=\"6\" height=\"30\" fill=\"#fff\"\/>\n          <path d=\"M0,0 L60,30 M60,0 L0,30\" stroke=\"#C8102E\" stroke-width=\"4\"\/>\n          <rect x=\"0\" y=\"13\" width=\"60\" height=\"4\" fill=\"#C8102E\"\/>\n          <rect x=\"28\" y=\"0\" width=\"4\" height=\"30\" fill=\"#C8102E\"\/>\n        <\/svg>\n      <\/span>\n      <span class=\"lang-cta__label\" lang=\"en\">English<\/span>\n    <\/a>\n\n    <!-- T\u00fcrk\u00e7e -->\n    <a class=\"lang-cta__btn\" href=\"\/tr\/\" hreflang=\"tr\" aria-label=\"Switch to Turkish site\">\n      <span class=\"lang-cta__flag\" aria-hidden=\"true\">\n        <svg viewBox=\"0 0 3 2\" xmlns=\"http:\/\/www.w3.org\/2000\/svg\">\n          <rect width=\"3\" height=\"2\" fill=\"#e30a17\"\/>\n          <circle cx=\"1.2\" cy=\"1\" r=\"0.50\" fill=\"#fff\"\/>\n          <circle cx=\"1.35\" cy=\"1\" r=\"0.40\" fill=\"#e30a17\"\/>\n          <polygon points=\"2.0,1 2.18,1.06 2.09,0.89 2.22,0.77 2.04,0.77 2.0,0.60 1.96,0.77 1.78,0.77 1.91,0.89 1.82,1.06\" fill=\"#fff\"\/>\n        <\/svg>\n      <\/span>\n      <span class=\"lang-cta__label\" lang=\"tr\">T\u00fcrk\u00e7e<\/span>\n    <\/a>\n\n    <!-- Deutsch -->\n    <a class=\"lang-cta__btn\" href=\"\/de\/\" hreflang=\"de\" aria-label=\"Switch to German site\">\n      <span class=\"lang-cta__flag\" aria-hidden=\"true\">\n        <svg viewBox=\"0 0 5 3\" xmlns=\"http:\/\/www.w3.org\/2000\/svg\">\n          <rect width=\"5\" height=\"3\" fill=\"#ffce00\"\/>\n          <rect width=\"5\" height=\"2\" y=\"0\" fill=\"#000\"\/>\n          <rect width=\"5\" height=\"1\" y=\"1\" fill=\"#dd0000\"\/>\n        <\/svg>\n      <\/span>\n      <span class=\"lang-cta__label\" lang=\"de\">Deutsch<\/span>\n    <\/a>\n\n  <\/nav>\n<\/div>\n\n\n\n<figure class=\"wp-block-image size-large is-resized\"><img decoding=\"async\" width=\"1024\" height=\"682\" src=\"https:\/\/worldwatch.tokyo\/wp-content\/uploads\/2025\/08\/Main-1024x682.jpg\" alt=\"An\u0131tkabir\" class=\"wp-image-4707\" style=\"width:1200px;height:auto\" srcset=\"https:\/\/worldwatch.tokyo\/wp-content\/uploads\/2025\/08\/Main-1024x682.jpg 1024w, https:\/\/worldwatch.tokyo\/wp-content\/uploads\/2025\/08\/Main-400x267.jpg 400w, https:\/\/worldwatch.tokyo\/wp-content\/uploads\/2025\/08\/Main-768x512.jpg 768w, https:\/\/worldwatch.tokyo\/wp-content\/uploads\/2025\/08\/Main-1536x1024.jpg 1536w, https:\/\/worldwatch.tokyo\/wp-content\/uploads\/2025\/08\/Main.jpg 2000w\" sizes=\"(max-width: 1024px) 100vw, 1024px\" \/><figcaption class=\"wp-element-caption\">Main<\/figcaption><\/figure>\n\n\n\n<div id=\"ez-toc-container\" class=\"ez-toc-v2_0_82_2 counter-hierarchy ez-toc-counter ez-toc-grey ez-toc-container-direction\">\n<div class=\"ez-toc-title-container\">\n<p class=\"ez-toc-title\" style=\"cursor:inherit\">Table of Contents<\/p>\n<span class=\"ez-toc-title-toggle\"><a href=\"#\" class=\"ez-toc-pull-right ez-toc-btn ez-toc-btn-xs ez-toc-btn-default ez-toc-toggle\" aria-label=\"\u0130\u00e7indekiler Tablosunu A\u00e7\/Kapat\"><span class=\"ez-toc-js-icon-con\"><span class=\"\"><span class=\"eztoc-hide\" style=\"display:none;\">Toggle<\/span><span class=\"ez-toc-icon-toggle-span\"><svg style=\"fill: #999;color:#999\" xmlns=\"http:\/\/www.w3.org\/2000\/svg\" class=\"list-377408\" width=\"20px\" height=\"20px\" viewBox=\"0 0 24 24\" fill=\"none\"><path d=\"M6 6H4v2h2V6zm14 0H8v2h12V6zM4 11h2v2H4v-2zm16 0H8v2h12v-2zM4 16h2v2H4v-2zm16 0H8v2h12v-2z\" fill=\"currentColor\"><\/path><\/svg><svg style=\"fill: #999;color:#999\" class=\"arrow-unsorted-368013\" xmlns=\"http:\/\/www.w3.org\/2000\/svg\" width=\"10px\" height=\"10px\" viewBox=\"0 0 24 24\" version=\"1.2\" baseProfile=\"tiny\"><path d=\"M18.2 9.3l-6.2-6.3-6.2 6.3c-.2.2-.3.4-.3.7s.1.5.3.7c.2.2.4.3.7.3h11c.3 0 .5-.1.7-.3.2-.2.3-.5.3-.7s-.1-.5-.3-.7zM5.8 14.7l6.2 6.3 6.2-6.3c.2-.2.3-.5.3-.7s-.1-.5-.3-.7c-.2-.2-.4-.3-.7-.3h-11c-.3 0-.5.1-.7.3-.2.2-.3.5-.3.7s.1.5.3.7z\"\/><\/svg><\/span><\/span><\/span><\/a><\/span><\/div>\n<nav><ul class='ez-toc-list ez-toc-list-level-1 ' ><li class='ez-toc-page-1 ez-toc-heading-level-2'><a class=\"ez-toc-link ez-toc-heading-1\" href=\"https:\/\/worldwatch.tokyo\/tr\/#Fotograf_ve_videolarla_Turkiye_yolculugunu_yasaBir_sonraki_rotan_burada_seni_bekliyor\" >Foto\u011fraf ve videolarla T\u00fcrkiye yolculu\u011funu ya\u015fa.Bir sonraki rotan burada seni bekliyor.<\/a><\/li><li class='ez-toc-page-1 ez-toc-heading-level-2'><a class=\"ez-toc-link ez-toc-heading-2\" href=\"https:\/\/worldwatch.tokyo\/tr\/#Turkiyenin_Neden_Ozel_Oldugunu_Kesfet\" >T\u00fcrkiye\u2019nin Neden \u00d6zel Oldu\u011funu Ke\u015ffet<\/a><ul class='ez-toc-list-level-3' ><li class='ez-toc-heading-level-3'><a class=\"ez-toc-link ez-toc-heading-3\" href=\"https:\/\/worldwatch.tokyo\/tr\/#Istanbul%EF%BD%9CTarihin_ve_Modernitenin_Bulustugu_Sehir\" >\u0130stanbul\uff5cTarihin ve Modernitenin Bulu\u015ftu\u011fu \u015eehir<\/a><\/li><li class='ez-toc-page-1 ez-toc-heading-level-3'><a class=\"ez-toc-link ez-toc-heading-4\" href=\"https:\/\/worldwatch.tokyo\/tr\/#Ege_Kiyilari%EF%BD%9CAntik_Kalintilar_ve_Mavi_Deniz\" >Ege K\u0131y\u0131lar\u0131\uff5cAntik Kal\u0131nt\u0131lar ve Mavi Deniz<\/a><\/li><li class='ez-toc-page-1 ez-toc-heading-level-3'><a class=\"ez-toc-link ez-toc-heading-5\" href=\"https:\/\/worldwatch.tokyo\/tr\/#Kapadokya%EF%BD%9CBalonlar_ve_Peribacalarinin_Masalsi_Dunyasi\" >Kapadokya\uff5cBalonlar ve Peribacalar\u0131n\u0131n Masals\u0131 D\u00fcnyas\u0131<\/a><\/li><li class='ez-toc-page-1 ez-toc-heading-level-3'><a class=\"ez-toc-link ez-toc-heading-6\" href=\"https:\/\/worldwatch.tokyo\/tr\/#Dogu_ve_Guneydogu_Anadolu%EF%BD%9CMedeniyetin_Besigi_ve_Zengin_Mutfagi\" >Do\u011fu ve G\u00fcneydo\u011fu Anadolu\uff5cMedeniyetin Be\u015fi\u011fi ve Zengin Mutfa\u011f\u0131<\/a><\/li><\/ul><\/li><li class='ez-toc-page-1 ez-toc-heading-level-2'><a class=\"ez-toc-link ez-toc-heading-7\" href=\"https:\/\/worldwatch.tokyo\/tr\/#Fotograf_ve_Videolarla_Seyahat_Deneyimi\" >Foto\u011fraf ve Videolarla Seyahat Deneyimi<\/a><\/li><li class='ez-toc-page-1 ez-toc-heading-level-2'><a class=\"ez-toc-link ez-toc-heading-8\" href=\"https:\/\/worldwatch.tokyo\/tr\/#Google_Haritalar_ile_Dogru_Konum_Bilgisi\" >Google Haritalar ile Do\u011fru Konum Bilgisi<\/a><\/li><li class='ez-toc-page-1 ez-toc-heading-level-2'><a class=\"ez-toc-link ez-toc-heading-9\" href=\"https:\/\/worldwatch.tokyo\/tr\/#Yayin_Tarzimiz%EF%BD%9CNicelikten_Cok_Nitelik\" >Yay\u0131n Tarz\u0131m\u0131z\uff5cNicelikten \u00c7ok Nitelik<\/a><\/li><li class='ez-toc-page-1 ez-toc-heading-level-2'><a class=\"ez-toc-link ez-toc-heading-10\" href=\"https:\/\/worldwatch.tokyo\/tr\/#Dunyaya_Cok_Dilli_Yayin\" >D\u00fcnyaya \u00c7ok Dilli Yay\u0131n<\/a><\/li><li class='ez-toc-page-1 ez-toc-heading-level-2'><a class=\"ez-toc-link ez-toc-heading-11\" href=\"https:\/\/worldwatch.tokyo\/tr\/#Bu_Sitede_Seni_Neler_Bekliyor\" >Bu Sitede Seni Neler Bekliyor?<\/a><\/li><li class='ez-toc-page-1 ez-toc-heading-level-2'><a class=\"ez-toc-link ez-toc-heading-12\" href=\"https:\/\/worldwatch.tokyo\/tr\/#Okuyucularimiza_Mesaj\" >Okuyucular\u0131m\u0131za Mesaj<\/a><\/li><\/ul><\/nav><\/div>\n<h2 data-start=\"217\" data-end=\"231\"><span class=\"ez-toc-section\" id=\"Fotograf_ve_videolarla_Turkiye_yolculugunu_yasaBir_sonraki_rotan_burada_seni_bekliyor\"><\/span><strong data-start=\"151\" data-end=\"203\">Foto\u011fraf ve videolarla T\u00fcrkiye yolculu\u011funu ya\u015fa.<\/strong><br data-start=\"203\" data-end=\"206\" \/>Bir sonraki rotan burada seni bekliyor.<span class=\"ez-toc-section-end\"><\/span><\/h2>\n<p data-start=\"249\" data-end=\"516\"><strong data-start=\"284\" data-end=\"305\">Noah&#8217;s Walk in Turkey<\/strong>, T\u00fcrkiye merkezli \u00e7ok dilli bir medya platformudur.<br data-start=\"322\" data-end=\"325\" \/>K\u00fclt\u00fcr, tarih ve seyahatin b\u00fcy\u00fcs\u00fcn\u00fc, yerinde \u00e7ekilmi\u015f <strong data-start=\"379\" data-end=\"433\">foto\u011fraflar, YouTube videolar\u0131 ve Google Haritalar<\/strong> arac\u0131l\u0131\u011f\u0131yla sunar.<br data-start=\"453\" data-end=\"456\" \/>Okuyucular, adeta oradaym\u0131\u015f gibi ger\u00e7ek bir deneyim ya\u015far.<\/p>\n<p data-start=\"518\" data-end=\"701\">Yay\u0131nlar\u0131m\u0131z haftal\u0131k de\u011fil, <strong data-start=\"547\" data-end=\"587\">\u00f6zenle haz\u0131rlanan \u201car\u015fivlik\u201d yaz\u0131lar<\/strong> \u015feklindedir.<br data-start=\"600\" data-end=\"603\" \/>Her makale y\u00fcksek kaliteye odaklan\u0131r, b\u00f6ylece siteyi her ziyaretinde yeni bir ke\u015fif seni bekler.<\/p>\n<hr data-start=\"450\" data-end=\"453\" \/>\n<h2 data-start=\"455\" data-end=\"469\"><span class=\"ez-toc-section\" id=\"Turkiyenin_Neden_Ozel_Oldugunu_Kesfet\"><\/span>T\u00fcrkiye\u2019nin Neden \u00d6zel Oldu\u011funu Ke\u015ffet<span class=\"ez-toc-section-end\"><\/span><\/h2>\n<p><img decoding=\"async\" src=\"https:\/\/worldwatch.tokyo\/wp-content\/uploads\/2025\/08\/Main-Tureky.jpg\" alt=\"\" width=\"690\" height=\"460\" class=\"aligncenter\" \/><\/p>\n<h3 data-start=\"471\" data-end=\"497\"><span class=\"ez-toc-section\" id=\"Istanbul%EF%BD%9CTarihin_ve_Modernitenin_Bulustugu_Sehir\"><\/span>\u0130stanbul\uff5cTarihin ve Modernitenin Bulu\u015ftu\u011fu \u015eehir<span class=\"ez-toc-section-end\"><\/span><\/h3>\n<p data-start=\"806\" data-end=\"938\">Bo\u011faz k\u0131y\u0131s\u0131ndaki g\u00f6rkemli camiler, canl\u0131 pazarlar.<br data-start=\"857\" data-end=\"860\" \/>Do\u011fu ile Bat\u0131 uygarl\u0131klar\u0131n\u0131n kesi\u015fti\u011fi noktada k\u00fclt\u00fcrel derinli\u011fi hissedin.<\/p>\n<h3 data-start=\"560\" data-end=\"582\"><span class=\"ez-toc-section\" id=\"Ege_Kiyilari%EF%BD%9CAntik_Kalintilar_ve_Mavi_Deniz\"><\/span>Ege K\u0131y\u0131lar\u0131\uff5cAntik Kal\u0131nt\u0131lar ve Mavi Deniz<span class=\"ez-toc-section-end\"><\/span><\/h3>\n<p data-start=\"583\" data-end=\"644\">Yunan-Roma d\u00f6nemine ait antik kentler aras\u0131nda dola\u015f\u0131rken, Akdeniz mutfa\u011f\u0131n\u0131 ve masmavi g\u00f6ky\u00fcz\u00fcn\u00fc deneyimleyin.<br data-start=\"1101\" data-end=\"1104\" \/>Ge\u00e7mi\u015f ile g\u00fcn\u00fcm\u00fcz tatil anlay\u0131\u015f\u0131 burada birle\u015fiyor.<\/p>\n<h3 data-start=\"646\" data-end=\"669\"><span class=\"ez-toc-section\" id=\"Kapadokya%EF%BD%9CBalonlar_ve_Peribacalarinin_Masalsi_Dunyasi\"><\/span>Kapadokya\uff5cBalonlar ve Peribacalar\u0131n\u0131n Masals\u0131 D\u00fcnyas\u0131<span class=\"ez-toc-section-end\"><\/span><\/h3>\n<p data-start=\"670\" data-end=\"712\">G\u00fcne\u015f do\u011farken y\u00fckselen balonlar ve e\u015fsiz kaya olu\u015fumlar\u0131yla hayat\u0131n\u0131zda bir kez g\u00f6rmeniz gereken manzara.<\/p>\n<h3 data-start=\"714\" data-end=\"740\"><span class=\"ez-toc-section\" id=\"Dogu_ve_Guneydogu_Anadolu%EF%BD%9CMedeniyetin_Besigi_ve_Zengin_Mutfagi\"><\/span>Do\u011fu ve G\u00fcneydo\u011fu Anadolu\uff5cMedeniyetin Be\u015fi\u011fi ve Zengin Mutfa\u011f\u0131<span class=\"ez-toc-section-end\"><\/span><\/h3>\n<p data-start=\"741\" data-end=\"780\">Mezopotamya\u2019dan izler ta\u015f\u0131yan \u015fehirler ve b\u00f6lgeye \u00f6zg\u00fc yemek k\u00fclt\u00fcr\u00fcyle tarihin derinliklerine yolculuk.<\/p>\n<hr data-start=\"782\" data-end=\"785\" \/>\n<h2 data-start=\"787\" data-end=\"804\"><span class=\"ez-toc-section\" id=\"Fotograf_ve_Videolarla_Seyahat_Deneyimi\"><\/span>Foto\u011fraf ve Videolarla Seyahat Deneyimi<span class=\"ez-toc-section-end\"><\/span><\/h2>\n<p data-start=\"806\" data-end=\"845\"><img decoding=\"async\" src=\"https:\/\/worldwatch.tokyo\/wp-content\/uploads\/2025\/08\/Main-Youtube.jpg\" alt=\"\" width=\"438\" height=\"246\" class=\"aligncenter\" \/><\/p>\n<ul data-start=\"847\" data-end=\"910\">\n<li data-start=\"847\" data-end=\"870\">\n<p data-start=\"849\" data-end=\"870\">&#x1f4f8; <strong data-start=\"1561\" data-end=\"1577\">Foto\u011fraflar:<\/strong> Y\u00fcksek \u00e7\u00f6z\u00fcn\u00fcrl\u00fckl\u00fc karelerle mek\u00e2n\u0131 hissedin.<\/p>\n<\/li>\n<li data-start=\"871\" data-end=\"910\">\n<p data-start=\"873\" data-end=\"910\">&#x1f3a5; \u00a0<a href=\"https:\/\/www.youtube.com\/@Noahswalk-zb8fh\" target=\"_blank\" rel=\"noopener\"><strong data-start=\"1630\" data-end=\"1652\"><span style=\"color: #33cccc;\">YouTube videolar\u0131:<\/span><\/strong><\/a> R\u00fczg\u00e2r\u0131n sesi, insanlar\u0131n konu\u015fmalar\u0131, \u015fehrin atmosferi\u2014her \u015fey ger\u00e7ek\u00e7i bir \u015fekilde yans\u0131r.<\/p>\n<\/li>\n<\/ul>\n<p data-start=\"912\" data-end=\"935\">\u00d6rne\u011fin, <strong data-start=\"1761\" data-end=\"1778\">Ortak\u00f6y Camii<\/strong> yaz\u0131m\u0131zda:<\/p>\n<ul data-start=\"936\" data-end=\"988\">\n<li data-start=\"936\" data-end=\"951\">\n<p data-start=\"938\" data-end=\"951\">Bo\u011faz\u2019a naz\u0131r beyaz cami<\/p>\n<\/li>\n<li data-start=\"952\" data-end=\"988\">\n<p data-start=\"954\" data-end=\"988\">Arkas\u0131nda uzanan k\u00f6pr\u00fc ve kafe manzaralar\u0131<\/p>\n<\/li>\n<\/ul>\n<p>hem foto\u011fraf hem de video ile aktar\u0131l\u0131r.<\/p>\n<p><img decoding=\"async\" src=\"https:\/\/worldwatch.tokyo\/wp-content\/uploads\/2025\/08\/\u30a4\u30b9\u30bf\u30f3\u30d6\u30fc\u30eb.png\" width=\"626\" height=\"470\" alt=\"\" class=\"aligncenter\" \/><\/p>\n<hr data-start=\"990\" data-end=\"993\" \/>\n<h2 data-start=\"995\" data-end=\"1018\"><span class=\"ez-toc-section\" id=\"Google_Haritalar_ile_Dogru_Konum_Bilgisi\"><\/span>Google Haritalar ile Do\u011fru Konum Bilgisi<span class=\"ez-toc-section-end\"><\/span><\/h2>\n<p><img decoding=\"async\" src=\"https:\/\/worldwatch.tokyo\/wp-content\/uploads\/2025\/08\/Main-map.jpg\" alt=\"\" width=\"398\" height=\"265\" class=\"aligncenter\" \/><\/p>\n<p data-start=\"1020\" data-end=\"1071\">Bir\u00e7ok seyahat sitesinde sadece yer ad\u0131 verilir.<br data-start=\"2013\" data-end=\"2016\" \/>Biz ise <strong data-start=\"2024\" data-end=\"2074\">Google Haritalar ba\u011flant\u0131s\u0131n\u0131 mutlaka ekleriz.<\/strong><\/p>\n<ul data-start=\"1073\" data-end=\"1113\">\n<li data-start=\"1073\" data-end=\"1084\">\n<p data-start=\"1075\" data-end=\"1084\">Net konum bilgisi<\/p>\n<\/li>\n<li data-start=\"1085\" data-end=\"1097\">\n<p data-start=\"1087\" data-end=\"1097\">En yak\u0131n metro veya otob\u00fcs dura\u011f\u0131<\/p>\n<\/li>\n<li data-start=\"1098\" data-end=\"1113\">\n<p data-start=\"1100\" data-end=\"1113\">\u00c7evredeki \u00f6nerilen noktalar<\/p>\n<\/li>\n<\/ul>\n<p data-start=\"1115\" data-end=\"1181\">&#x1f4f8; Foto\u011frafla ilgi uyand\u0131r \u2192 &#x1f3a5; Video ile atmosferi ya\u015fa \u2192 &#x1f5fa;&#xfe0f; Harita ile plan\u0131n\u0131 yap.<\/p>\n<hr data-start=\"1183\" data-end=\"1186\" \/>\n<h2 data-start=\"1188\" data-end=\"1208\"><span class=\"ez-toc-section\" id=\"Yayin_Tarzimiz%EF%BD%9CNicelikten_Cok_Nitelik\"><\/span>Yay\u0131n Tarz\u0131m\u0131z\uff5cNicelikten \u00c7ok Nitelik<span class=\"ez-toc-section-end\"><\/span><\/h2>\n<p data-start=\"2321\" data-end=\"2418\">Her hafta yaz\u0131 yay\u0131nlam\u0131yoruz.<br data-start=\"2351\" data-end=\"2354\" \/>Bunun yerine <strong data-start=\"2367\" data-end=\"2416\">her yaz\u0131y\u0131 \u201car\u015fivlik\u201d kaliteyle haz\u0131rl\u0131yoruz.<\/strong><\/p>\n<p data-start=\"2420\" data-end=\"2605\">Foto\u011fraf, video ve haritayla zenginle\u015ftirilmi\u015f, uzun soluklu okunabilir i\u00e7erikler sunuyoruz.<br data-start=\"2512\" data-end=\"2515\" \/>Yay\u0131nlar\u0131m\u0131z d\u00fczensiz olsa da, <strong data-start=\"2546\" data-end=\"2603\">\u201ciyi ki okudum\u201d dedirtecek kaliteyi garanti ediyoruz.<\/strong><\/p>\n<hr data-start=\"1336\" data-end=\"1339\" \/>\n<h2 data-start=\"1341\" data-end=\"1355\"><span class=\"ez-toc-section\" id=\"Dunyaya_Cok_Dilli_Yayin\"><\/span>D\u00fcnyaya \u00c7ok Dilli Yay\u0131n<span class=\"ez-toc-section-end\"><\/span><\/h2>\n<p data-start=\"2642\" data-end=\"2809\"><strong data-start=\"284\" data-end=\"305\">Noah&#8217;s Walk in Turkey<\/strong>, Japonca\u30fb\u0130ngilizce\u30fbT\u00fcrk\u00e7e\u30fbAlmanca dillerinde yay\u0131n yapar.<br data-start=\"2721\" data-end=\"2724\" \/>D\u00fcnyan\u0131n d\u00f6rt bir yan\u0131ndaki gezginler, ayn\u0131 g\u00f6rselleri farkl\u0131 dillerde anlayabilir.<\/p>\n<p data-start=\"2811\" data-end=\"2910\">Bu sayede, uluslararas\u0131 okuyucular\u0131 birle\u015ftiren ve yolculuk tutkusunu payla\u015fan bir platform olur.<\/p>\n<p data-start=\"1453\" data-end=\"1495\"><img decoding=\"async\" src=\"https:\/\/worldwatch.tokyo\/wp-content\/uploads\/2025\/08\/Main-Language.jpg\" alt=\"Language\" width=\"677\" height=\"451\" class=\"aligncenter\" \/><\/p>\n<h2 data-start=\"1502\" data-end=\"1520\"><span class=\"ez-toc-section\" id=\"Bu_Sitede_Seni_Neler_Bekliyor\"><\/span>Bu Sitede Seni Neler Bekliyor?<span class=\"ez-toc-section-end\"><\/span><\/h2>\n<ol data-start=\"1522\" data-end=\"1702\">\n<li data-start=\"1522\" data-end=\"1563\">\n<p data-start=\"1525\" data-end=\"1563\"><strong data-start=\"2954\" data-end=\"2975\">Ger\u00e7ek\u00e7i Deneyim:<\/strong> Foto\u011fraf ve videolarla oradaym\u0131\u015f gibi hisset.<\/p>\n<\/li>\n<li data-start=\"1565\" data-end=\"1612\">\n<p data-start=\"1568\" data-end=\"1612\">\u00a0<strong data-start=\"3027\" data-end=\"3043\">Do\u011fru Bilgi:<\/strong> Google Haritalar ile kaybolmadan seyahat et.<\/p>\n<\/li>\n<li data-start=\"1614\" data-end=\"1657\">\n<p data-start=\"1617\" data-end=\"1657\"><strong data-start=\"3094\" data-end=\"3114\">Kaliteli \u0130\u00e7erik:<\/strong> Her yaz\u0131 \u201car\u015fivlik\u201d seviyede.<\/p>\n<\/li>\n<li data-start=\"1659\" data-end=\"1702\">\n<p data-start=\"1662\" data-end=\"1702\">\u00a0<strong data-start=\"3150\" data-end=\"3169\">K\u00fcresel Eri\u015fim:<\/strong> \u00c7ok dilli yay\u0131n ile d\u00fcnya gezginleriyle bulu\u015f.<\/p>\n<\/li>\n<\/ol>\n<hr data-start=\"1704\" data-end=\"1707\" \/>\n<h2 data-start=\"1709\" data-end=\"1723\"><span class=\"ez-toc-section\" id=\"Okuyucularimiza_Mesaj\"><\/span>Okuyucular\u0131m\u0131za Mesaj<span class=\"ez-toc-section-end\"><\/span><\/h2>\n<p data-start=\"3253\" data-end=\"3329\"><strong data-start=\"284\" data-end=\"305\">Noah&#8217;s Walk in Turkey<\/strong>, senin i\u00e7in <strong data-start=\"3287\" data-end=\"3312\">\u201cseyahatin ilk ad\u0131m\u0131\u201d<\/strong> olmak istiyor.<\/p>\n<p data-start=\"3331\" data-end=\"3417\">\u201cAcaba bir sonraki yaz\u0131da hangi manzara tan\u0131t\u0131lacak?\u201d<br data-start=\"3384\" data-end=\"3387\" \/>\u201cBuray\u0131 mutlaka g\u00f6rmeliyim!\u201d<\/p>\n<p data-start=\"3419\" data-end=\"3490\">i\u015fte bu heyecan\u0131 uyand\u0131rmak ve seni yeniden buraya getirmek amac\u0131m\u0131z.<\/p>\n<p data-start=\"3492\" data-end=\"3546\">\u00a0Kalbinde iz b\u0131rakacak yolculuk, buradan ba\u015flas\u0131n.<br \/><br \/><br \/><br \/><\/p>\n","protected":false},"excerpt":{"rendered":"<p>Select your language \u65e5\u672c\u8a9e English T\u00fcrk\u00e7e Deutsch<\/p>\n","protected":false},"author":1,"featured_media":4707,"parent":0,"menu_order":0,"comment_status":"closed","ping_status":"closed","template":"","meta":{"swell_btn_cv_data":"","footnotes":""},"class_list":["post-4430","page","type-page","status-publish","has-post-thumbnail","hentry"],"_links":{"self":[{"href":"https:\/\/worldwatch.tokyo\/tr\/wp-json\/wp\/v2\/pages\/4430","targetHints":{"allow":["GET"]}}],"collection":[{"href":"https:\/\/worldwatch.tokyo\/tr\/wp-json\/wp\/v2\/pages"}],"about":[{"href":"https:\/\/worldwatch.tokyo\/tr\/wp-json\/wp\/v2\/types\/page"}],"author":[{"embeddable":true,"href":"https:\/\/worldwatch.tokyo\/tr\/wp-json\/wp\/v2\/users\/1"}],"replies":[{"embeddable":true,"href":"https:\/\/worldwatch.tokyo\/tr\/wp-json\/wp\/v2\/comments?post=4430"}],"version-history":[{"count":25,"href":"https:\/\/worldwatch.tokyo\/tr\/wp-json\/wp\/v2\/pages\/4430\/revisions"}],"predecessor-version":[{"id":6885,"href":"https:\/\/worldwatch.tokyo\/tr\/wp-json\/wp\/v2\/pages\/4430\/revisions\/6885"}],"wp:featuredmedia":[{"embeddable":true,"href":"https:\/\/worldwatch.tokyo\/tr\/wp-json\/wp\/v2\/media\/4707"}],"wp:attachment":[{"href":"https:\/\/worldwatch.tokyo\/tr\/wp-json\/wp\/v2\/media?parent=4430"}],"curies":[{"name":"wp","href":"https:\/\/api.w.org\/{rel}","templated":true}]}}