{"id":4487,"date":"2025-08-15T22:49:19","date_gmt":"2025-08-15T13:49:19","guid":{"rendered":"https:\/\/worldwatch.tokyo\/?page_id=4487"},"modified":"2025-08-28T01:03:35","modified_gmt":"2025-08-27T16:03:35","slug":"legal-3","status":"publish","type":"page","link":"https:\/\/worldwatch.tokyo\/tr\/legal-3\/","title":{"rendered":"Kullan\u0131m \u015eartlar\u0131 ve Feragatname"},"content":{"rendered":"\n<figure class=\"wp-block-image size-full\"><img decoding=\"async\" width=\"900\" height=\"600\" src=\"https:\/\/worldwatch.tokyo\/wp-content\/uploads\/2025\/08\/Terms-of-Service-Disclaimer.jpg\" alt=\"Terms-of-Service-&amp;-Disclaimer\" class=\"wp-image-4479\" srcset=\"https:\/\/worldwatch.tokyo\/wp-content\/uploads\/2025\/08\/Terms-of-Service-Disclaimer.jpg 900w, https:\/\/worldwatch.tokyo\/wp-content\/uploads\/2025\/08\/Terms-of-Service-Disclaimer-400x267.jpg 400w, https:\/\/worldwatch.tokyo\/wp-content\/uploads\/2025\/08\/Terms-of-Service-Disclaimer-768x512.jpg 768w\" sizes=\"(max-width: 900px) 100vw, 900px\" \/><figcaption class=\"wp-element-caption\">Terms-of-Service-&amp;-Disclaimer<\/figcaption><\/figure>\n\n\n\n\n\n<div id=\"ez-toc-container\" class=\"ez-toc-v2_0_82_2 counter-hierarchy ez-toc-counter ez-toc-grey ez-toc-container-direction\">\n<div class=\"ez-toc-title-container\">\n<p class=\"ez-toc-title\" style=\"cursor:inherit\">Table of Contents<\/p>\n<span class=\"ez-toc-title-toggle\"><a href=\"#\" class=\"ez-toc-pull-right ez-toc-btn ez-toc-btn-xs ez-toc-btn-default ez-toc-toggle\" aria-label=\"\u0130\u00e7indekiler Tablosunu A\u00e7\/Kapat\"><span class=\"ez-toc-js-icon-con\"><span class=\"\"><span class=\"eztoc-hide\" style=\"display:none;\">Toggle<\/span><span class=\"ez-toc-icon-toggle-span\"><svg style=\"fill: #999;color:#999\" xmlns=\"http:\/\/www.w3.org\/2000\/svg\" class=\"list-377408\" width=\"20px\" height=\"20px\" viewBox=\"0 0 24 24\" fill=\"none\"><path d=\"M6 6H4v2h2V6zm14 0H8v2h12V6zM4 11h2v2H4v-2zm16 0H8v2h12v-2zM4 16h2v2H4v-2zm16 0H8v2h12v-2z\" fill=\"currentColor\"><\/path><\/svg><svg style=\"fill: #999;color:#999\" class=\"arrow-unsorted-368013\" xmlns=\"http:\/\/www.w3.org\/2000\/svg\" width=\"10px\" height=\"10px\" viewBox=\"0 0 24 24\" version=\"1.2\" baseProfile=\"tiny\"><path d=\"M18.2 9.3l-6.2-6.3-6.2 6.3c-.2.2-.3.4-.3.7s.1.5.3.7c.2.2.4.3.7.3h11c.3 0 .5-.1.7-.3.2-.2.3-.5.3-.7s-.1-.5-.3-.7zM5.8 14.7l6.2 6.3 6.2-6.3c.2-.2.3-.5.3-.7s-.1-.5-.3-.7c-.2-.2-.4-.3-.7-.3h-11c-.3 0-.5.1-.7.3-.2.2-.3.5-.3.7s.1.5.3.7z\"\/><\/svg><\/span><\/span><\/span><\/a><\/span><\/div>\n<nav><ul class='ez-toc-list ez-toc-list-level-1 ' ><li class='ez-toc-page-1 ez-toc-heading-level-2'><a class=\"ez-toc-link ez-toc-heading-1\" href=\"https:\/\/worldwatch.tokyo\/tr\/legal-3\/#Bolum_1_Kullanim_Sartlari\" >B\u00f6l\u00fcm 1: Kullan\u0131m \u015eartlar\u0131<\/a><\/li><li class='ez-toc-page-1 ez-toc-heading-level-2'><a class=\"ez-toc-link ez-toc-heading-2\" href=\"https:\/\/worldwatch.tokyo\/tr\/legal-3\/#Bolum_2_Feragatname\" >B\u00f6l\u00fcm 2: Feragatname<\/a><\/li><\/ul><\/nav><\/div>\n<h2 data-start=\"163\" data-end=\"197\"><span class=\"ez-toc-section\" id=\"Bolum_1_Kullanim_Sartlari\"><\/span><strong data-start=\"167\" data-end=\"197\">B\u00f6l\u00fcm 1: Kullan\u0131m \u015eartlar\u0131<\/strong><span class=\"ez-toc-section-end\"><\/span><\/h2>\n<ol data-start=\"199\" data-end=\"1116\">\n<li data-start=\"199\" data-end=\"414\">\n<p data-start=\"202\" data-end=\"414\"><strong data-start=\"202\" data-end=\"212\">Kapsam<\/strong><br data-start=\"212\" data-end=\"215\" \/>Bu Kullan\u0131m \u015eartlar\u0131, \u201cHello from Turkey\u201d (bundan sonra \u201cbu site\u201d olarak an\u0131lacakt\u0131r) adl\u0131 web sitesinin kullan\u0131m ko\u015fullar\u0131n\u0131 belirler.<br data-start=\"353\" data-end=\"356\" \/>Bu siteyi kullanarak bu \u015fartlar\u0131 kabul etmi\u015f olursunuz.<\/p>\n<\/li>\n<li data-start=\"416\" data-end=\"672\">\n<p data-start=\"419\" data-end=\"672\"><strong data-start=\"419\" data-end=\"452\">Telif Hakk\u0131 ve Fikri M\u00fclkiyet<\/strong><br data-start=\"452\" data-end=\"455\" \/>Aksi belirtilmedik\u00e7e, bu sitede yer alan t\u00fcm metinler, g\u00f6rseller, videolar, tasar\u0131mlar ve di\u011fer i\u00e7erikler site i\u015fletmecisine aittir.<br data-start=\"590\" data-end=\"593\" \/>\u0130zinsiz \u00e7o\u011faltma, yeniden da\u011f\u0131tma, de\u011fi\u015ftirme veya tekrar kullanma yasakt\u0131r.<\/p>\n<\/li>\n<li data-start=\"674\" data-end=\"920\">\n<p data-start=\"677\" data-end=\"755\"><strong data-start=\"677\" data-end=\"700\">Yasakl\u0131 Davran\u0131\u015flar<\/strong><br data-start=\"700\" data-end=\"703\" \/>Kullan\u0131c\u0131lar a\u015fa\u011f\u0131daki davran\u0131\u015flarda bulunamaz:<\/p>\n<ul data-start=\"759\" data-end=\"920\">\n<li data-start=\"759\" data-end=\"819\">\n<p data-start=\"761\" data-end=\"819\">Yasalara veya genel ahlaka ayk\u0131r\u0131 faaliyetlerde bulunmak<\/p>\n<\/li>\n<li data-start=\"823\" data-end=\"882\">\n<p data-start=\"825\" data-end=\"882\">Bu sitenin veya \u00fc\u00e7\u00fcnc\u00fc \u015fah\u0131slar\u0131n haklar\u0131n\u0131 ihlal etmek<\/p>\n<\/li>\n<li data-start=\"886\" data-end=\"920\">\n<p data-start=\"888\" data-end=\"920\">Bu sitenin i\u015fleyi\u015fini engellemek<\/p>\n<\/li>\n<\/ul>\n<\/li>\n<li data-start=\"922\" data-end=\"1116\">\n<p data-start=\"925\" data-end=\"1116\"><strong data-start=\"925\" data-end=\"950\">Bu Siteye Ba\u011flant\u0131lar<\/strong><br data-start=\"950\" data-end=\"953\" \/>Genel olarak bu siteye ba\u011flant\u0131 verilmesine izin verilir; ancak yasa d\u0131\u015f\u0131, iftira niteli\u011finde veya uygunsuz i\u00e7erik bar\u0131nd\u0131ran sitelerden ba\u011flant\u0131 kabul edilmez.<\/p>\n<\/li>\n<\/ol>\n<hr data-start=\"1118\" data-end=\"1121\" \/>\n<h2 data-start=\"1123\" data-end=\"1151\"><span class=\"ez-toc-section\" id=\"Bolum_2_Feragatname\"><\/span><strong data-start=\"1127\" data-end=\"1151\">B\u00f6l\u00fcm 2: Feragatname<\/strong><span class=\"ez-toc-section-end\"><\/span><\/h2>\n<ol data-start=\"1153\" data-end=\"1852\">\n<li data-start=\"1153\" data-end=\"1316\">\n<p data-start=\"1156\" data-end=\"1316\"><strong data-start=\"1156\" data-end=\"1180\">Bilgilerin Do\u011frulu\u011fu<\/strong><br data-start=\"1180\" data-end=\"1183\" \/>Do\u011fru ve g\u00fcncel bilgiler sunmaya gayret etsek de, bilgilerin eksiksizli\u011fi, do\u011frulu\u011fu veya g\u00fcncelli\u011fi konusunda garanti vermiyoruz.<\/p>\n<\/li>\n<li data-start=\"1318\" data-end=\"1524\">\n<p data-start=\"1321\" data-end=\"1524\"><strong data-start=\"1321\" data-end=\"1343\">Harici Ba\u011flant\u0131lar<\/strong><br data-start=\"1343\" data-end=\"1346\" \/>Bu sitede \u00fc\u00e7\u00fcnc\u00fc taraf web sitelerine y\u00f6nlendiren ba\u011flant\u0131lar veya bannerlar bulunabilir.<br data-start=\"1438\" data-end=\"1441\" \/>Bu t\u00fcr harici sitelerde sunulan i\u00e7erik, hizmet veya bilgilerden sorumlu de\u011filiz.<\/p>\n<\/li>\n<li data-start=\"1526\" data-end=\"1753\">\n<p data-start=\"1529\" data-end=\"1753\"><strong data-start=\"1529\" data-end=\"1543\">Sorumluluk<\/strong><br data-start=\"1543\" data-end=\"1546\" \/>Bu sitenin kullan\u0131m\u0131ndan kaynaklanan herhangi bir kay\u0131p, zarar veya anla\u015fmazl\u0131ktan site i\u015fletmecisi sorumlu tutulamaz.<br data-start=\"1667\" data-end=\"1670\" \/>T\u00fcm seyahatler ve yerinde yap\u0131lan faaliyetler tamamen kendi sorumlulu\u011funuzdad\u0131r.<\/p>\n<\/li>\n<li data-start=\"1755\" data-end=\"1852\">\n<p data-start=\"1758\" data-end=\"1852\"><strong data-start=\"1758\" data-end=\"1775\">De\u011fi\u015fiklikler<\/strong><br data-start=\"1775\" data-end=\"1778\" \/>Bu \u015fartlar ve feragatname \u00f6nceden haber verilmeksizin de\u011fi\u015ftirilebilir.<\/p>\n<\/li>\n<\/ol>\n\n\n","protected":false},"excerpt":{"rendered":"","protected":false},"author":1,"featured_media":4479,"parent":0,"menu_order":0,"comment_status":"closed","ping_status":"closed","template":"","meta":{"swell_btn_cv_data":"","footnotes":""},"class_list":["post-4487","page","type-page","status-publish","has-post-thumbnail","hentry"],"_links":{"self":[{"href":"https:\/\/worldwatch.tokyo\/tr\/wp-json\/wp\/v2\/pages\/4487","targetHints":{"allow":["GET"]}}],"collection":[{"href":"https:\/\/worldwatch.tokyo\/tr\/wp-json\/wp\/v2\/pages"}],"about":[{"href":"https:\/\/worldwatch.tokyo\/tr\/wp-json\/wp\/v2\/types\/page"}],"author":[{"embeddable":true,"href":"https:\/\/worldwatch.tokyo\/tr\/wp-json\/wp\/v2\/users\/1"}],"replies":[{"embeddable":true,"href":"https:\/\/worldwatch.tokyo\/tr\/wp-json\/wp\/v2\/comments?post=4487"}],"version-history":[{"count":6,"href":"https:\/\/worldwatch.tokyo\/tr\/wp-json\/wp\/v2\/pages\/4487\/revisions"}],"predecessor-version":[{"id":6731,"href":"https:\/\/worldwatch.tokyo\/tr\/wp-json\/wp\/v2\/pages\/4487\/revisions\/6731"}],"wp:featuredmedia":[{"embeddable":true,"href":"https:\/\/worldwatch.tokyo\/tr\/wp-json\/wp\/v2\/media\/4479"}],"wp:attachment":[{"href":"https:\/\/worldwatch.tokyo\/tr\/wp-json\/wp\/v2\/media?parent=4487"}],"curies":[{"name":"wp","href":"https:\/\/api.w.org\/{rel}","templated":true}]}}