{"id":4510,"date":"2025-08-16T00:04:20","date_gmt":"2025-08-15T15:04:20","guid":{"rendered":"https:\/\/worldwatch.tokyo\/?page_id=4510"},"modified":"2025-08-28T00:52:56","modified_gmt":"2025-08-27T15:52:56","slug":"hakkimizda","status":"publish","type":"page","link":"https:\/\/worldwatch.tokyo\/tr\/hakkimizda\/","title":{"rendered":"Hakk\u0131m\u0131zda"},"content":{"rendered":"\n<figure class=\"wp-block-image size-full\"><img decoding=\"async\" width=\"900\" height=\"600\" src=\"https:\/\/worldwatch.tokyo\/wp-content\/uploads\/2025\/08\/Site-Overview.jpg\" alt=\"Site-Overview\" class=\"wp-image-4502\" srcset=\"https:\/\/worldwatch.tokyo\/wp-content\/uploads\/2025\/08\/Site-Overview.jpg 900w, https:\/\/worldwatch.tokyo\/wp-content\/uploads\/2025\/08\/Site-Overview-400x267.jpg 400w, https:\/\/worldwatch.tokyo\/wp-content\/uploads\/2025\/08\/Site-Overview-768x512.jpg 768w\" sizes=\"(max-width: 900px) 100vw, 900px\" \/><figcaption class=\"wp-element-caption\">Site-Overview<\/figcaption><\/figure>\n\n\n\n<p data-start=\"1717\" data-end=\"2009\">World Watch Tokyo, tarihi ve k\u00fclt\u00fcr\u00fcyle zengin olan T\u00fcrkiye\u2019nin cazibesini d\u00fcnyaya tan\u0131tan \u00e7ok dilli bir blogdur.<br data-start=\"1830\" data-end=\"1833\" \/><strong data-start=\"1833\" data-end=\"1845\">Sheepdog<\/strong> taraf\u0131ndan y\u00f6netilen bu site, T\u00fcrkiye\u2019yi bizzat ziyaret ederek edindi\u011fimiz ger\u00e7ek deneyimlere dayal\u0131, gezginler ve k\u00fclt\u00fcr merakl\u0131lar\u0131 i\u00e7in faydal\u0131 i\u00e7erikler sunar.<\/p>\n<div id=\"ez-toc-container\" class=\"ez-toc-v2_0_82_2 counter-hierarchy ez-toc-counter ez-toc-grey ez-toc-container-direction\">\n<div class=\"ez-toc-title-container\">\n<p class=\"ez-toc-title\" style=\"cursor:inherit\">Table of Contents<\/p>\n<span class=\"ez-toc-title-toggle\"><a href=\"#\" class=\"ez-toc-pull-right ez-toc-btn ez-toc-btn-xs ez-toc-btn-default ez-toc-toggle\" aria-label=\"\u0130\u00e7indekiler Tablosunu A\u00e7\/Kapat\"><span class=\"ez-toc-js-icon-con\"><span class=\"\"><span class=\"eztoc-hide\" style=\"display:none;\">Toggle<\/span><span class=\"ez-toc-icon-toggle-span\"><svg style=\"fill: #999;color:#999\" xmlns=\"http:\/\/www.w3.org\/2000\/svg\" class=\"list-377408\" width=\"20px\" height=\"20px\" viewBox=\"0 0 24 24\" fill=\"none\"><path d=\"M6 6H4v2h2V6zm14 0H8v2h12V6zM4 11h2v2H4v-2zm16 0H8v2h12v-2zM4 16h2v2H4v-2zm16 0H8v2h12v-2z\" fill=\"currentColor\"><\/path><\/svg><svg style=\"fill: #999;color:#999\" class=\"arrow-unsorted-368013\" xmlns=\"http:\/\/www.w3.org\/2000\/svg\" width=\"10px\" height=\"10px\" viewBox=\"0 0 24 24\" version=\"1.2\" baseProfile=\"tiny\"><path d=\"M18.2 9.3l-6.2-6.3-6.2 6.3c-.2.2-.3.4-.3.7s.1.5.3.7c.2.2.4.3.7.3h11c.3 0 .5-.1.7-.3.2-.2.3-.5.3-.7s-.1-.5-.3-.7zM5.8 14.7l6.2 6.3 6.2-6.3c.2-.2.3-.5.3-.7s-.1-.5-.3-.7c-.2-.2-.4-.3-.7-.3h-11c-.3 0-.5.1-.7.3-.2.2-.3.5-.3.7s.1.5.3.7z\"\/><\/svg><\/span><\/span><\/span><\/a><\/span><\/div>\n<nav><ul class='ez-toc-list ez-toc-list-level-1 ' ><li class='ez-toc-page-1 ez-toc-heading-level-2'><a class=\"ez-toc-link ez-toc-heading-1\" href=\"https:\/\/worldwatch.tokyo\/tr\/hakkimizda\/#Sitemizde_sunlari_bulabilirsiniz\" >Sitemizde \u015funlar\u0131 bulabilirsiniz:<\/a><\/li><li class='ez-toc-page-1 ez-toc-heading-level-2'><a class=\"ez-toc-link ez-toc-heading-2\" href=\"https:\/\/worldwatch.tokyo\/tr\/hakkimizda\/#Hedef_Kitle\" >Hedef Kitle:<\/a><\/li><li class='ez-toc-page-1 ez-toc-heading-level-2'><a class=\"ez-toc-link ez-toc-heading-3\" href=\"https:\/\/worldwatch.tokyo\/tr\/hakkimizda\/#Misyonumuz\" >Misyonumuz:<\/a><\/li><li class='ez-toc-page-1 ez-toc-heading-level-2'><a class=\"ez-toc-link ez-toc-heading-4\" href=\"https:\/\/worldwatch.tokyo\/tr\/hakkimizda\/#Iletisim\" >\u0130leti\u015fim:<\/a><\/li><\/ul><\/nav><\/div>\n<h2 data-start=\"2011\" data-end=\"2046\"><span class=\"ez-toc-section\" id=\"Sitemizde_sunlari_bulabilirsiniz\"><\/span>Sitemizde \u015funlar\u0131 bulabilirsiniz:<span class=\"ez-toc-section-end\"><\/span><\/h2>\n<ul data-start=\"2047\" data-end=\"2249\">\n<li data-start=\"2047\" data-end=\"2120\">\n<p data-start=\"2049\" data-end=\"2120\">\u0130stanbul, Ankara ve Kapadokya gibi \u00fcnl\u00fc destinasyonlar\u0131n g\u00fczellikleri<\/p>\n<\/li>\n<li data-start=\"2121\" data-end=\"2168\">\n<p data-start=\"2123\" data-end=\"2168\">T\u00fcrkiye\u2019nin tarihi miras\u0131 ve mimari k\u00fclt\u00fcr\u00fc<\/p>\n<\/li>\n<li data-start=\"2169\" data-end=\"2213\">\n<p data-start=\"2171\" data-end=\"2213\">Yerel mutfak ve g\u00fcnl\u00fck ya\u015fam gelenekleri<\/p>\n<\/li>\n<li data-start=\"2214\" data-end=\"2249\">\n<p data-start=\"2216\" data-end=\"2249\">Ke\u015ffedilmemi\u015f gizli g\u00fczellikler<\/p>\n<\/li>\n<\/ul>\n<p data-start=\"2251\" data-end=\"2313\">T\u00fcm bunlar\u0131 foto\u011fraflar ve YouTube videolar\u0131 ile payla\u015f\u0131yoruz.<\/p>\n<h2 data-start=\"2315\" data-end=\"2495\"><span class=\"ez-toc-section\" id=\"Hedef_Kitle\"><\/span><strong data-start=\"2315\" data-end=\"2331\">Hedef Kitle:<\/strong><span class=\"ez-toc-section-end\"><\/span><\/h2>\n<p data-start=\"2315\" data-end=\"2495\"><br data-start=\"2331\" data-end=\"2334\" \/>T\u00fcrk\u00e7e, \u0130ngilizce, Almanca veya Japonca okuyabilen ve T\u00fcrkiye\u2019ye ilgi duyan herkes. Seyahat planlayanlar ve farkl\u0131 k\u00fclt\u00fcrleri ke\u015ffetmek isteyenler i\u00e7in idealdir.<\/p>\n<h2 data-start=\"2497\" data-end=\"2637\"><span class=\"ez-toc-section\" id=\"Misyonumuz\"><\/span><strong data-start=\"2497\" data-end=\"2512\">Misyonumuz:<\/strong><span class=\"ez-toc-section-end\"><\/span><\/h2>\n<p data-start=\"2497\" data-end=\"2637\"><br data-start=\"2512\" data-end=\"2515\" \/>\u201cD\u00fcnyan\u0131n d\u00f6rt bir yan\u0131ndaki insanlara T\u00fcrkiye\u2019nin tarihi, k\u00fclt\u00fcr\u00fc ve insanlar\u0131n\u0131n s\u0131cakl\u0131\u011f\u0131n\u0131 deneyimleme ilham\u0131 vermek.\u201d<\/p>\n<h2 data-start=\"2639\" data-end=\"2714\"><span class=\"ez-toc-section\" id=\"Iletisim\"><\/span><strong data-start=\"2639\" data-end=\"2652\">\u0130leti\u015fim:<\/strong><span class=\"ez-toc-section-end\"><\/span><\/h2>\n<p data-start=\"2639\" data-end=\"2714\"><br data-start=\"2652\" data-end=\"2655\" \/>Bize <a href=\"https:\/\/worldwatch.tokyo\/tr\/iletisim\/\" target=\"_blank\" rel=\"noopener\">\u0130leti\u015fim Formu <\/a>\u00fczerinden ula\u015fabilirsiniz.<\/p>\n\n\n","protected":false},"excerpt":{"rendered":"","protected":false},"author":1,"featured_media":4502,"parent":0,"menu_order":0,"comment_status":"closed","ping_status":"closed","template":"","meta":{"swell_btn_cv_data":"","footnotes":""},"class_list":["post-4510","page","type-page","status-publish","has-post-thumbnail","hentry"],"_links":{"self":[{"href":"https:\/\/worldwatch.tokyo\/tr\/wp-json\/wp\/v2\/pages\/4510","targetHints":{"allow":["GET"]}}],"collection":[{"href":"https:\/\/worldwatch.tokyo\/tr\/wp-json\/wp\/v2\/pages"}],"about":[{"href":"https:\/\/worldwatch.tokyo\/tr\/wp-json\/wp\/v2\/types\/page"}],"author":[{"embeddable":true,"href":"https:\/\/worldwatch.tokyo\/tr\/wp-json\/wp\/v2\/users\/1"}],"replies":[{"embeddable":true,"href":"https:\/\/worldwatch.tokyo\/tr\/wp-json\/wp\/v2\/comments?post=4510"}],"version-history":[{"count":6,"href":"https:\/\/worldwatch.tokyo\/tr\/wp-json\/wp\/v2\/pages\/4510\/revisions"}],"predecessor-version":[{"id":6663,"href":"https:\/\/worldwatch.tokyo\/tr\/wp-json\/wp\/v2\/pages\/4510\/revisions\/6663"}],"wp:featuredmedia":[{"embeddable":true,"href":"https:\/\/worldwatch.tokyo\/tr\/wp-json\/wp\/v2\/media\/4502"}],"wp:attachment":[{"href":"https:\/\/worldwatch.tokyo\/tr\/wp-json\/wp\/v2\/media?parent=4510"}],"curies":[{"name":"wp","href":"https:\/\/api.w.org\/{rel}","templated":true}]}}