{"id":4636,"date":"2025-08-16T04:32:25","date_gmt":"2025-08-15T19:32:25","guid":{"rendered":"https:\/\/worldwatch.tokyo\/?page_id=4636"},"modified":"2025-08-28T00:44:58","modified_gmt":"2025-08-27T15:44:58","slug":"site-haritasi","status":"publish","type":"page","link":"https:\/\/worldwatch.tokyo\/tr\/site-haritasi\/","title":{"rendered":"Site Haritas\u0131"},"content":{"rendered":"\n<figure class=\"wp-block-image size-full\"><img decoding=\"async\" width=\"900\" height=\"600\" src=\"https:\/\/worldwatch.tokyo\/wp-content\/uploads\/2025\/08\/Site-Map.jpg\" alt=\"Site-Map\" class=\"wp-image-4616\" srcset=\"https:\/\/worldwatch.tokyo\/wp-content\/uploads\/2025\/08\/Site-Map.jpg 900w, https:\/\/worldwatch.tokyo\/wp-content\/uploads\/2025\/08\/Site-Map-400x267.jpg 400w, https:\/\/worldwatch.tokyo\/wp-content\/uploads\/2025\/08\/Site-Map-768x512.jpg 768w\" sizes=\"(max-width: 900px) 100vw, 900px\" \/><figcaption class=\"wp-element-caption\">Site-Map<\/figcaption><\/figure>\n\n\n\n<div id=\"ez-toc-container\" class=\"ez-toc-v2_0_82_2 counter-hierarchy ez-toc-counter ez-toc-grey ez-toc-container-direction\">\n<div class=\"ez-toc-title-container\">\n<p class=\"ez-toc-title\" style=\"cursor:inherit\">Table of Contents<\/p>\n<span class=\"ez-toc-title-toggle\"><a href=\"#\" class=\"ez-toc-pull-right ez-toc-btn ez-toc-btn-xs ez-toc-btn-default ez-toc-toggle\" aria-label=\"\u0130\u00e7indekiler Tablosunu A\u00e7\/Kapat\"><span class=\"ez-toc-js-icon-con\"><span class=\"\"><span class=\"eztoc-hide\" style=\"display:none;\">Toggle<\/span><span class=\"ez-toc-icon-toggle-span\"><svg style=\"fill: #999;color:#999\" xmlns=\"http:\/\/www.w3.org\/2000\/svg\" class=\"list-377408\" width=\"20px\" height=\"20px\" viewBox=\"0 0 24 24\" fill=\"none\"><path d=\"M6 6H4v2h2V6zm14 0H8v2h12V6zM4 11h2v2H4v-2zm16 0H8v2h12v-2zM4 16h2v2H4v-2zm16 0H8v2h12v-2z\" fill=\"currentColor\"><\/path><\/svg><svg style=\"fill: #999;color:#999\" class=\"arrow-unsorted-368013\" xmlns=\"http:\/\/www.w3.org\/2000\/svg\" width=\"10px\" height=\"10px\" viewBox=\"0 0 24 24\" version=\"1.2\" baseProfile=\"tiny\"><path d=\"M18.2 9.3l-6.2-6.3-6.2 6.3c-.2.2-.3.4-.3.7s.1.5.3.7c.2.2.4.3.7.3h11c.3 0 .5-.1.7-.3.2-.2.3-.5.3-.7s-.1-.5-.3-.7zM5.8 14.7l6.2 6.3 6.2-6.3c.2-.2.3-.5.3-.7s-.1-.5-.3-.7c-.2-.2-.4-.3-.7-.3h-11c-.3 0-.5.1-.7.3-.2.2-.3.5-.3.7s.1.5.3.7z\"\/><\/svg><\/span><\/span><\/span><\/a><\/span><\/div>\n<nav><ul class='ez-toc-list ez-toc-list-level-1 ' ><li class='ez-toc-page-1 ez-toc-heading-level-2'><a class=\"ez-toc-link ez-toc-heading-1\" href=\"https:\/\/worldwatch.tokyo\/tr\/site-haritasi\/#Site_Haritasi\" >Site Haritas\u0131<\/a><\/li><li class='ez-toc-page-1 ez-toc-heading-level-2'><a class=\"ez-toc-link ez-toc-heading-2\" href=\"https:\/\/worldwatch.tokyo\/tr\/site-haritasi\/#1_Hukuki_Sayfalar\" >1. Hukuki Sayfalar<\/a><\/li><li class='ez-toc-page-1 ez-toc-heading-level-2'><a class=\"ez-toc-link ez-toc-heading-3\" href=\"https:\/\/worldwatch.tokyo\/tr\/site-haritasi\/#2_Site_Bilgileri\" >2. Site Bilgileri<\/a><\/li><li class='ez-toc-page-1 ez-toc-heading-level-2'><a class=\"ez-toc-link ez-toc-heading-4\" href=\"https:\/\/worldwatch.tokyo\/tr\/site-haritasi\/#3_Son_Makaleler\" >3. Son Makaleler<\/a><\/li><li class='ez-toc-page-1 ez-toc-heading-level-2'><a class=\"ez-toc-link ez-toc-heading-5\" href=\"https:\/\/worldwatch.tokyo\/tr\/site-haritasi\/#4_Kategoriler\" >4. Kategoriler<\/a><\/li><\/ul><\/nav><\/div>\n<h2 data-start=\"1288\" data-end=\"1305\"><span class=\"ez-toc-section\" id=\"Site_Haritasi\"><\/span>Site Haritas\u0131<span class=\"ez-toc-section-end\"><\/span><\/h2>\n<p data-start=\"1306\" data-end=\"1437\">Bu sayfa, web sitemizdeki t\u00fcm ana sayfalar ve i\u00e7erikleri listeler. \u0130htiyac\u0131n\u0131z olan bilgiye h\u0131zl\u0131ca ula\u015fmak i\u00e7in kullanabilirsiniz.<\/p>\n<h2 data-start=\"1439\" data-end=\"1463\"><span class=\"ez-toc-section\" id=\"1_Hukuki_Sayfalar\"><\/span><strong data-start=\"1439\" data-end=\"1461\">1. Hukuki Sayfalar<\/strong><span class=\"ez-toc-section-end\"><\/span><\/h2>\n<ul data-start=\"1464\" data-end=\"1648\">\n<li data-start=\"1464\" data-end=\"1511\">\n<p data-start=\"1466\" data-end=\"1511\"><a data-start=\"1466\" data-end=\"1509\" class=\"cursor-pointer\" rel=\"noopener\" href=\"https:\/\/worldwatch.tokyo\/tr\/terms-5\/\" target=\"_blank\">Gizlilik Politikas\u0131<\/a><\/p>\n<\/li>\n<li data-start=\"1512\" data-end=\"1568\">\n<p data-start=\"1514\" data-end=\"1568\"><a data-start=\"1514\" data-end=\"1566\" class=\"cursor-pointer\" rel=\"noopener\" href=\"https:\/\/worldwatch.tokyo\/tr\/legal-3\/\" target=\"_blank\">Kullan\u0131m Ko\u015fullar\u0131 ve Feragat<\/a><\/p>\n<\/li>\n<li data-start=\"1569\" data-end=\"1610\">\n<p data-start=\"1571\" data-end=\"1610\"><a data-start=\"1571\" data-end=\"1608\" class=\"cursor-pointer\" rel=\"noopener\" href=\"https:\/\/worldwatch.tokyo\/tr\/cerez-politikasi\/\" target=\"_blank\">\u00c7erez Politikas\u0131<\/a><\/p>\n<\/li>\n<li data-start=\"1611\" data-end=\"1648\">\n<p data-start=\"1613\" data-end=\"1648\"><a data-start=\"1613\" data-end=\"1646\" class=\"cursor-pointer\" rel=\"noopener\" href=\"https:\/\/worldwatch.tokyo\/tr\/yasal-bilgiler\/\" target=\"_blank\">Yasal Bildirim<\/a><\/p>\n<\/li>\n<\/ul>\n<h2 data-start=\"1650\" data-end=\"1673\"><span class=\"ez-toc-section\" id=\"2_Site_Bilgileri\"><\/span><strong data-start=\"1650\" data-end=\"1671\">2. Site Bilgileri<\/strong><span class=\"ez-toc-section-end\"><\/span><\/h2>\n<ul data-start=\"1674\" data-end=\"1735\">\n<li data-start=\"1674\" data-end=\"1703\">\n<p data-start=\"1676\" data-end=\"1703\"><a data-start=\"1676\" data-end=\"1701\" class=\"cursor-pointer\" rel=\"noopener\" href=\"https:\/\/worldwatch.tokyo\/tr\/hakkimizda\/\" target=\"_blank\">Hakk\u0131m\u0131zda<\/a><\/p>\n<\/li>\n<li data-start=\"1704\" data-end=\"1735\">\n<p data-start=\"1706\" data-end=\"1735\"><a data-start=\"1706\" data-end=\"1733\" class=\"cursor-pointer\" rel=\"noopener\" href=\"https:\/\/worldwatch.tokyo\/tr\/iletisim\/\" target=\"_blank\">\u0130leti\u015fim Formu<\/a><\/p>\n<\/li>\n<\/ul>\n<h2 data-start=\"1737\" data-end=\"1759\"><span class=\"ez-toc-section\" id=\"3_Son_Makaleler\"><\/span><strong data-start=\"1737\" data-end=\"1757\">3. Son Makaleler<\/strong><span class=\"ez-toc-section-end\"><\/span><\/h2>\n<ul data-start=\"1760\" data-end=\"1861\">\n<li data-start=\"1760\" data-end=\"1793\">\n<p data-start=\"1762\" data-end=\"1793\"><a data-start=\"1762\" data-end=\"1791\" class=\"cursor-pointer\" rel=\"noopener\">Makale Ba\u015fl\u0131\u011f\u0131 1<\/a><\/p>\n<\/li>\n<li data-start=\"1794\" data-end=\"1827\">\n<p data-start=\"1796\" data-end=\"1827\"><a data-start=\"1796\" data-end=\"1825\" class=\"cursor-pointer\" rel=\"noopener\">Makale Ba\u015fl\u0131\u011f\u0131 2<\/a><\/p>\n<\/li>\n<li data-start=\"1828\" data-end=\"1861\">\n<p data-start=\"1830\" data-end=\"1861\"><a data-start=\"1830\" data-end=\"1859\" class=\"cursor-pointer\" rel=\"noopener\">Makale Ba\u015fl\u0131\u011f\u0131 3<\/a><\/p>\n<\/li>\n<\/ul>\n<h2 data-start=\"1863\" data-end=\"1883\"><span class=\"ez-toc-section\" id=\"4_Kategoriler\"><\/span><strong data-start=\"1863\" data-end=\"1881\">4. Kategoriler<\/strong><span class=\"ez-toc-section-end\"><\/span><\/h2>\n<ul data-start=\"1884\" data-end=\"1973\">\n<li data-start=\"1884\" data-end=\"1913\">\n<p data-start=\"1886\" data-end=\"1913\"><a data-start=\"1886\" data-end=\"1911\" class=\"cursor-pointer\" rel=\"noopener\">Kategori 1<\/a><\/p>\n<\/li>\n<li data-start=\"1914\" data-end=\"1943\">\n<p data-start=\"1916\" data-end=\"1943\"><a data-start=\"1916\" data-end=\"1941\" class=\"cursor-pointer\" rel=\"noopener\">Kategori 2<\/a><\/p>\n<\/li>\n<li data-start=\"1944\" data-end=\"1973\">\n<p data-start=\"1946\" data-end=\"1973\"><a data-start=\"1946\" data-end=\"1971\" class=\"cursor-pointer\" rel=\"noopener\">Kategori 3<\/a><\/p>\n<\/li>\n<\/ul>\n\n\n","protected":false},"excerpt":{"rendered":"","protected":false},"author":1,"featured_media":4616,"parent":0,"menu_order":0,"comment_status":"closed","ping_status":"closed","template":"","meta":{"swell_btn_cv_data":"","footnotes":""},"class_list":["post-4636","page","type-page","status-publish","has-post-thumbnail","hentry"],"_links":{"self":[{"href":"https:\/\/worldwatch.tokyo\/tr\/wp-json\/wp\/v2\/pages\/4636","targetHints":{"allow":["GET"]}}],"collection":[{"href":"https:\/\/worldwatch.tokyo\/tr\/wp-json\/wp\/v2\/pages"}],"about":[{"href":"https:\/\/worldwatch.tokyo\/tr\/wp-json\/wp\/v2\/types\/page"}],"author":[{"embeddable":true,"href":"https:\/\/worldwatch.tokyo\/tr\/wp-json\/wp\/v2\/users\/1"}],"replies":[{"embeddable":true,"href":"https:\/\/worldwatch.tokyo\/tr\/wp-json\/wp\/v2\/comments?post=4636"}],"version-history":[{"count":10,"href":"https:\/\/worldwatch.tokyo\/tr\/wp-json\/wp\/v2\/pages\/4636\/revisions"}],"predecessor-version":[{"id":6682,"href":"https:\/\/worldwatch.tokyo\/tr\/wp-json\/wp\/v2\/pages\/4636\/revisions\/6682"}],"wp:featuredmedia":[{"embeddable":true,"href":"https:\/\/worldwatch.tokyo\/tr\/wp-json\/wp\/v2\/media\/4616"}],"wp:attachment":[{"href":"https:\/\/worldwatch.tokyo\/tr\/wp-json\/wp\/v2\/media?parent=4636"}],"curies":[{"name":"wp","href":"https:\/\/api.w.org\/{rel}","templated":true}]}}