{"id":8761,"date":"2026-05-10T15:11:59","date_gmt":"2026-05-10T06:11:59","guid":{"rendered":"https:\/\/worldwatch.tokyo\/?page_id=8761"},"modified":"2026-05-12T05:16:39","modified_gmt":"2026-05-11T20:16:39","slug":"bolum-listesi-baris-ve-noah-gorunmeyen-bir-yolda","status":"publish","type":"page","link":"https:\/\/worldwatch.tokyo\/tr\/baris-and-noah\/bolum-listesi-baris-ve-noah-gorunmeyen-bir-yolda\/","title":{"rendered":"B\u00f6l\u00fcm Listesi | Bar\u0131\u015f ve Noah \u2014 G\u00f6r\u00fcnmeyen Bir Yolda"},"content":{"rendered":"\n<figure class=\"wp-block-image size-large\"><img decoding=\"async\" src=\"https:\/\/worldwatch.tokyo\/wp-content\/uploads\/2026\/05\/baris-noah-cappadocia-sunset.jpg-1024x576.webp\" alt=\"Bar\u0131\u015f and Noah overlooking Cappadocia at sunset\" class=\"wp-image-8766\"\/><figcaption class=\"wp-element-caption\">Bar\u0131\u015f and Noah sitting quietly above the valleys of Cappadocia during sunset. The warm evening light, distant hot air balloons, and rocky landscape reflect the calm and cinematic atmosphere of the Bar\u0131\u015f &#038; Noah story world.<\/figcaption><\/figure>\n\n\n\n<p>Sessiz yolculuk burada ba\u015fl\u0131yor.<br>Ankara\u2019dan Kapadokya\u2019ya.<br>Ve sonra, g\u00f6r\u00fcnmeyen yolun daha da derinine.<\/p>\n\n\n\n<p>Bu sayfa, <em>Bar\u0131\u015f ve Noah \u2014 G\u00f6r\u00fcnmeyen Bir Yolda<\/em> hik\u00e2yesinin b\u00f6l\u00fcm listesidir.<br>Hik\u00e2yeyi 1. b\u00f6l\u00fcmden itibaren s\u0131rayla okuman\u0131z\u0131 \u00f6neririz.<\/p>\n\n\n\n<div class=\"swell-block-button red_ -size-l is-style-btn_normal\"><a href=\"\" class=\"swell-block-button__link\"><span>&#x25b6; 1. B\u00f6l\u00fcm | Yolculu\u011fa Ba\u015fla<\/span><\/a><\/div>\n\n\n\n<hr class=\"wp-block-separator has-alpha-channel-opacity\"\/>\n\n\n\n<figure class=\"wp-block-image size-large\"><img decoding=\"async\" src=\"https:\/\/worldwatch.tokyo\/wp-content\/uploads\/2026\/05\/baris-noah-ankara-castle-1024x576.webp\" alt=\"Bar\u0131\u015f overlooking Ankara Castle above the old city\" class=\"wp-image-8778\"\/><figcaption class=\"wp-element-caption\">The city stretched quietly beneath the old stone walls.<\/figcaption><\/figure>\n\n\n\n<div id=\"ez-toc-container\" class=\"ez-toc-v2_0_83 counter-hierarchy ez-toc-counter ez-toc-grey ez-toc-container-direction\">\n<div class=\"ez-toc-title-container\">\n<p class=\"ez-toc-title\" style=\"cursor:inherit\">Table of Contents<\/p>\n<span class=\"ez-toc-title-toggle\"><a href=\"#\" class=\"ez-toc-pull-right ez-toc-btn ez-toc-btn-xs ez-toc-btn-default ez-toc-toggle\" aria-label=\"\u0130\u00e7indekiler Tablosunu A\u00e7\/Kapat\"><span class=\"ez-toc-js-icon-con\"><span class=\"\"><span class=\"eztoc-hide\" style=\"display:none;\">Toggle<\/span><span class=\"ez-toc-icon-toggle-span\"><svg style=\"fill: #999;color:#999\" xmlns=\"http:\/\/www.w3.org\/2000\/svg\" class=\"list-377408\" width=\"20px\" height=\"20px\" viewBox=\"0 0 24 24\" fill=\"none\"><path d=\"M6 6H4v2h2V6zm14 0H8v2h12V6zM4 11h2v2H4v-2zm16 0H8v2h12v-2zM4 16h2v2H4v-2zm16 0H8v2h12v-2z\" fill=\"currentColor\"><\/path><\/svg><svg style=\"fill: #999;color:#999\" class=\"arrow-unsorted-368013\" xmlns=\"http:\/\/www.w3.org\/2000\/svg\" width=\"10px\" height=\"10px\" viewBox=\"0 0 24 24\" version=\"1.2\" baseProfile=\"tiny\"><path d=\"M18.2 9.3l-6.2-6.3-6.2 6.3c-.2.2-.3.4-.3.7s.1.5.3.7c.2.2.4.3.7.3h11c.3 0 .5-.1.7-.3.2-.2.3-.5.3-.7s-.1-.5-.3-.7zM5.8 14.7l6.2 6.3 6.2-6.3c.2-.2.3-.5.3-.7s-.1-.5-.3-.7c-.2-.2-.4-.3-.7-.3h-11c-.3 0-.5.1-.7.3-.2.2-.3.5-.3.7s.1.5.3.7z\"\/><\/svg><\/span><\/span><\/span><\/a><\/span><\/div>\n<nav><ul class='ez-toc-list ez-toc-list-level-1 ' ><li class='ez-toc-page-1 ez-toc-heading-level-2'><a class=\"ez-toc-link ez-toc-heading-1\" href=\"https:\/\/worldwatch.tokyo\/tr\/baris-and-noah\/bolum-listesi-baris-ve-noah-gorunmeyen-bir-yolda\/#1_Kisim_Ankara_%E2%80%94_Sessiz_Bir_Ayrilis\" >1. K\u0131s\u0131m | Ankara \u2014 Sessiz Bir Ayr\u0131l\u0131\u015f<\/a><\/li><li class='ez-toc-page-1 ez-toc-heading-level-2'><a class=\"ez-toc-link ez-toc-heading-2\" href=\"https:\/\/worldwatch.tokyo\/tr\/baris-and-noah\/bolum-listesi-baris-ve-noah-gorunmeyen-bir-yolda\/#2_Kisim_Kapadokya_Goreme_%E2%80%94_Gorunmeyen_Yolun_Baslangici\" >2. K\u0131s\u0131m | Kapadokya, G\u00f6reme \u2014 G\u00f6r\u00fcnmeyen Yolun Ba\u015flang\u0131c\u0131<\/a><\/li><li class='ez-toc-page-1 ez-toc-heading-level-2'><a class=\"ez-toc-link ez-toc-heading-3\" href=\"https:\/\/worldwatch.tokyo\/tr\/baris-and-noah\/bolum-listesi-baris-ve-noah-gorunmeyen-bir-yolda\/#3_Kisim_Ask_Vadisi_ve_Zelve_%E2%80%94_Yaklasan_Golge\" >3. K\u0131s\u0131m | A\u015fk Vadisi ve Zelve \u2014 Yakla\u015fan G\u00f6lge<\/a><\/li><li class='ez-toc-page-1 ez-toc-heading-level-2'><a class=\"ez-toc-link ez-toc-heading-4\" href=\"https:\/\/worldwatch.tokyo\/tr\/baris-and-noah\/bolum-listesi-baris-ve-noah-gorunmeyen-bir-yolda\/#4_Kisim_Derinkuyu_Yeralti_Sehri_%E2%80%94_Topragin_Altinda_Kalan_Baba_Golgesi\" >4. K\u0131s\u0131m | Derinkuyu Yeralt\u0131 \u015eehri \u2014 Topra\u011f\u0131n Alt\u0131nda Kalan Baba G\u00f6lgesi<\/a><\/li><\/ul><\/nav><\/div>\n<h2 class=\"wp-block-heading\"><span class=\"ez-toc-section\" id=\"1_Kisim_Ankara_%E2%80%94_Sessiz_Bir_Ayrilis\"><\/span>1. K\u0131s\u0131m | Ankara \u2014 Sessiz Bir Ayr\u0131l\u0131\u015f<span class=\"ez-toc-section-end\"><\/span><\/h2>\n\n\n\n<ul class=\"wp-block-list\">\n<li><a href=\"#\">1. B\u00f6l\u00fcm | Ankara\u2019da Sessiz Bir Sabah \u2014 Hayat\u0131n Anlam\u0131n\u0131 Arayan Yolculu\u011fun Ba\u015flang\u0131c\u0131<\/a><\/li>\n\n\n\n<li><a href=\"#\">2. B\u00f6l\u00fcm | Babas\u0131z Bir Ev \u2014 Ankara\u2019da Kalan Sessizlik ve Ailenin Hat\u0131ras\u0131<\/a><\/li>\n\n\n\n<li><a href=\"#\">3. B\u00f6l\u00fcm | Ankara\u2019da Ak\u015fam Sofras\u0131 \u2014 Mustafa Ad\u0131ndaki Baba<\/a><\/li>\n\n\n\n<li><a href=\"#\">4. B\u00f6l\u00fcm | Annenin Sessizli\u011fi \u2014 Ankara Gecesinde Kalan S\u00f6ylenemeyen Hat\u0131ra<\/a><\/li>\n\n\n\n<li><a href=\"#\">5. B\u00f6l\u00fcm | Eski \u00c7ekmece \u2014 Annesinin Sessizli\u011finin Ard\u0131nda Kalan Babaya Ait \u0130z<\/a><\/li>\n\n\n\n<li><a href=\"#\">6. B\u00f6l\u00fcm | Yabanc\u0131 Gelen Harita \u2014 Ankara\u2019daki Evde Uyuyan Babas\u0131n\u0131n Gitmek \u0130stedi\u011fi Yer<\/a><\/li>\n\n\n\n<li><a href=\"#\">7. B\u00f6l\u00fcm | Yaz\u0131lmam\u0131\u015f Bir Var\u0131\u015f Noktas\u0131 \u2014 Haritada Kalmayan Bir Yer<\/a><\/li>\n\n\n\n<li><a href=\"#\">8. B\u00f6l\u00fcm | R\u00fczg\u00e2rdaki Tuhafl\u0131k \u2014 Ankara\u2019n\u0131n Sessizli\u011fine Kar\u0131\u015fan G\u00f6r\u00fcnmez Bir \u0130z<\/a><\/li>\n\n\n\n<li><a href=\"#\">9. B\u00f6l\u00fcm | Baban\u0131n Ayakkab\u0131lar\u0131 \u2014 Ankara\u2019daki Evde Kalan Son \u0130z<\/a><\/li>\n\n\n\n<li><a href=\"#\">10. B\u00f6l\u00fcm | Nas\u0131l Biriydi? \u2014 Babas\u0131n\u0131n \u0130zlerinde Kalan \u00c7eli\u015fkinin S\u0131n\u0131rlar\u0131<\/a><\/li>\n\n\n\n<li><a href=\"#\">11. B\u00f6l\u00fcm | K\u0131z Karde\u015fin \u00d6fkesi \u2014 Ankara\u2019daki Evde Babaya Dair Ta\u015fan Duygular<\/a><\/li>\n\n\n\n<li><a href=\"#\">12. B\u00f6l\u00fcm | \u0130nanmas\u0131 Zor Bir Hat\u0131ra \u2014 Baba \u00dczerine Ailenin \u00c7eli\u015fen Ge\u00e7mi\u015fi<\/a><\/li>\n\n\n\n<li><a href=\"#\">13. B\u00f6l\u00fcm | Annenin Bir S\u00f6z\u00fc \u2014 Bana S\u00f6ylenmemi\u015f Ger\u00e7e\u011fini Fark Etti\u011fi Sabah<\/a><\/li>\n\n\n\n<li><a href=\"#\">14. B\u00f6l\u00fcm | Bar\u0131\u015f\u2019\u0131n K\u0131z\u0131lay\u2019da Durma Nedeni \u2014 Yola \u00c7\u0131kmadan \u00d6nceki Teredd\u00fct<\/a><\/li>\n\n\n\n<li><a href=\"#\">15. B\u00f6l\u00fcm | K\u0131z\u0131lay Otob\u00fcs Dura\u011f\u0131nda Kaybolan Bir \u00d6\u011fleden Sonra<\/a><\/li>\n\n\n\n<li><a href=\"#\">16. B\u00f6l\u00fcm | Ankara Ulus\u2019ta \u0130stasyona Do\u011fru Bir Sabah<\/a><\/li>\n\n\n\n<li><a href=\"#\">17. B\u00f6l\u00fcm | Ankara\u2019daki Evin \u00d6n\u00fcnde Geriye Bakmak \u2014 Babas\u0131n\u0131n Hat\u0131ras\u0131 ve Bir K\u00f6pe\u011fin G\u00f6lgesi<\/a><\/li>\n\n\n\n<li><a href=\"#\">18. B\u00f6l\u00fcm | Hamam\u00f6n\u00fc, Ankara \u2014 Sessiz Bir Sokakta Dinmeyen Huzursuzluk<\/a><\/li>\n\n\n\n<li><a href=\"#\">19. B\u00f6l\u00fcm | Ankara\u2019n\u0131n Tepesinde R\u00fczg\u00e2r\u0131n Arkadan \u0130tti\u011fi An<\/a><\/li>\n\n\n\n<li><a href=\"#\">20. B\u00f6l\u00fcm | Ankara Otogar\u0131nda At\u0131lan \u0130lk Ad\u0131m<\/a><\/li>\n<\/ul>\n\n\n\n<div style=\"height:32px\" aria-hidden=\"true\" class=\"wp-block-spacer\"><\/div>\n\n\n\n<figure class=\"wp-block-image size-large\"><img decoding=\"async\" src=\"https:\/\/worldwatch.tokyo\/wp-content\/uploads\/2026\/05\/baris-noah-goreme-sunset-1024x576.webp\" alt=\"Bar\u0131\u015f overlooking G\u00f6reme at sunset in Cappadocia\" class=\"wp-image-8779\"\/><figcaption class=\"wp-element-caption\">The light faded slowly across the stone valleys of Cappadocia.<\/figcaption><\/figure>\n\n\n\n<h2 class=\"wp-block-heading\"><span class=\"ez-toc-section\" id=\"2_Kisim_Kapadokya_Goreme_%E2%80%94_Gorunmeyen_Yolun_Baslangici\"><\/span>2. K\u0131s\u0131m | Kapadokya, G\u00f6reme \u2014 G\u00f6r\u00fcnmeyen Yolun Ba\u015flang\u0131c\u0131<span class=\"ez-toc-section-end\"><\/span><\/h2>\n\n\n\n<ul class=\"wp-block-list\">\n<li><a href=\"#\">21. B\u00f6l\u00fcm | G\u00f6reme\u2019nin Sabah\u0131 \u2014 Kapadokya\u2019da Ba\u015flayan G\u00f6r\u00fcnmeyen Yol<\/a><\/li>\n\n\n\n<li><a href=\"#\">22. B\u00f6l\u00fcm | G\u00f6reme\u2019nin Kaya Evleri \u2014 Babas\u0131n\u0131n Haritas\u0131nda Kalan Yeralt\u0131 Giri\u015fi<\/a><\/li>\n\n\n\n<li><a href=\"#\">23. B\u00f6l\u00fcm | G\u00f6reme\u2019nin Dar Ta\u015f Sokaklar\u0131 \u2014 Kimsenin Olmamas\u0131 Gereken Yerdeki Ayak Sesi<\/a><\/li>\n\n\n\n<li><a href=\"#\">24. B\u00f6l\u00fcm | G\u00f6reme\u2019nin Kaya Yolu \u2014 Kimsenin Olmad\u0131\u011f\u0131 Yerden Gelen Bak\u0131\u015f<\/a><\/li>\n\n\n\n<li><a href=\"#\">25. B\u00f6l\u00fcm | G\u00f6reme Vadisindeki Uzak K\u00f6pek \u2014 Kapadokya\u2019da Hareket Etmeye Ba\u015flayan G\u00f6lge<\/a><\/li>\n\n\n\n<li><a href=\"#\">26. B\u00f6l\u00fcm | G\u00f6reme Seyir Noktas\u0131na D\u00f6nen K\u00f6pek \u2014 D\u00fcnle Ayn\u0131 Yerde Kalan Tuhafl\u0131k<\/a><\/li>\n\n\n\n<li><a href=\"#\">27. B\u00f6l\u00fcm | G\u00f6reme\u2019de G\u00fcn Bat\u0131m\u0131 ve Peri Bacalar\u0131n\u0131n G\u00f6lgeleri \u2014 Kaybolan K\u00f6pe\u011fin B\u0131rakt\u0131\u011f\u0131 \u015eey<\/a><\/li>\n\n\n\n<li><a href=\"#\">28. B\u00f6l\u00fcm | G\u00f6reme\u2019de Ayr\u0131lan Yol \u2014 Takip Etmek mi, Geri D\u00f6nmek mi?<\/a><\/li>\n\n\n\n<li><a href=\"#\">29. B\u00f6l\u00fcm | G\u00f6reme\u2019nin Gece Tepesi \u2014 Sessizli\u011fin \u0130\u00e7inde Kalan \u015eey<\/a><\/li>\n\n\n\n<li><a href=\"#\">30. B\u00f6l\u00fcm | G\u00f6reme\u2019deki Pansiyon Teras\u0131 \u2014 Sadece Hayal miydi?<\/a><\/li>\n<\/ul>\n\n\n\n<div style=\"height:32px\" aria-hidden=\"true\" class=\"wp-block-spacer\"><\/div>\n\n\n\n<figure class=\"wp-block-image size-large\"><img decoding=\"async\" src=\"https:\/\/worldwatch.tokyo\/wp-content\/uploads\/2026\/05\/noah-cappadocia-valley-sunset-1024x576.webp\" alt=\"Noah watching the Cappadocia valleys at sunset\" class=\"wp-image-8780\"\/><figcaption class=\"wp-element-caption\">The valley remained still as evening settled over the stone paths.<\/figcaption><\/figure>\n\n\n\n<h2 class=\"wp-block-heading\"><span class=\"ez-toc-section\" id=\"3_Kisim_Ask_Vadisi_ve_Zelve_%E2%80%94_Yaklasan_Golge\"><\/span>3. K\u0131s\u0131m | A\u015fk Vadisi ve Zelve \u2014 Yakla\u015fan G\u00f6lge<span class=\"ez-toc-section-end\"><\/span><\/h2>\n\n\n\n<ul class=\"wp-block-list\">\n<li><a href=\"#\">31. B\u00f6l\u00fcm | A\u015fk Vadisi\u2019nde Yeniden Beliren G\u00f6lge \u2014 Kapadokya\u2019da Kaybolmayan K\u00f6pek<\/a><\/li>\n\n\n\n<li><a href=\"#\">32. B\u00f6l\u00fcm | Mesafesi Hi\u00e7 De\u011fi\u015fmeyen K\u00f6pek \u2014 A\u015fk Vadisi\u2019nde Derinle\u015fen Huzursuzluk<\/a><\/li>\n\n\n\n<li><a href=\"#\">33. B\u00f6l\u00fcm | Ka\u00e7mayan Varl\u0131k \u2014 Kapadokya A\u015fk Vadisi\u2019nde Derinle\u015fen K\u00f6pek Gizemi<\/a><\/li>\n\n\n\n<li><a href=\"#\">34. B\u00f6l\u00fcm | G\u00f6z G\u00f6ze Gelinen An \u2014 Kapadokya A\u015fk Vadisi\u2019nde Yakla\u015fan Gizem<\/a><\/li>\n\n\n\n<li><a href=\"#\">35. B\u00f6l\u00fcm | Anla\u015f\u0131lamayan K\u00f6pek \u2014 Zelve Harabelerinde \u00c7\u00f6kmeye Ba\u015flayan Ger\u00e7eklik<\/a><\/li>\n\n\n\n<li><a href=\"#\">36. B\u00f6l\u00fcm | Duyular\u0131n Kaymas\u0131 \u2014 Zelve\u2019nin Y\u0131k\u0131k Ma\u011faralar\u0131nda Derinle\u015fen Gizem<\/a><\/li>\n\n\n\n<li><a href=\"#\">37. B\u00f6l\u00fcm | Ayn\u0131 K\u00f6pek \u2014 Zelve Meydan\u0131nda Kesinli\u011fe D\u00f6n\u00fc\u015fen Gizem<\/a><\/li>\n\n\n\n<li><a href=\"#\">38. B\u00f6l\u00fcm | Sars\u0131lan Kalp \u2014 Zelve Vadisi \u00c7\u0131k\u0131\u015f\u0131nda Yakla\u015f\u0131lamayan K\u00f6pek<\/a><\/li>\n\n\n\n<li><a href=\"#\">39. B\u00f6l\u00fcm | Yakla\u015f\u0131lamayan K\u00f6pek \u2014 Zelve\u2019nin Dar Ge\u00e7idinde Duran Gizem<\/a><\/li>\n\n\n\n<li><a href=\"#\">40. B\u00f6l\u00fcm | O K\u00f6pek Neydi? \u2014 Zelve Tepesinde Kesinli\u011fe D\u00f6n\u00fc\u015fen Gizem<\/a><\/li>\n<\/ul>\n\n\n\n<div style=\"height:32px\" aria-hidden=\"true\" class=\"wp-block-spacer\"><\/div>\n\n\n\n<figure class=\"wp-block-image size-large\"><img decoding=\"async\" src=\"https:\/\/worldwatch.tokyo\/wp-content\/uploads\/2026\/05\/noah-underground-city-cappadocia-1024x576.webp\" alt=\"Noah inside an underground cave city in Cappadocia\" class=\"wp-image-8781\"\/><figcaption class=\"wp-element-caption\">Warm light drifted quietly through the hidden passages below the valley.<\/figcaption><\/figure>\n\n\n\n<h2 class=\"wp-block-heading\"><span class=\"ez-toc-section\" id=\"4_Kisim_Derinkuyu_Yeralti_Sehri_%E2%80%94_Topragin_Altinda_Kalan_Baba_Golgesi\"><\/span>4. K\u0131s\u0131m | Derinkuyu Yeralt\u0131 \u015eehri \u2014 Topra\u011f\u0131n Alt\u0131nda Kalan Baba G\u00f6lgesi<span class=\"ez-toc-section-end\"><\/span><\/h2>\n\n\n\n<ul class=\"wp-block-list\">\n<li><a href=\"#\">41. B\u00f6l\u00fcm | Yeniden Yeralt\u0131na \u2014 Derinkuyu Yeralt\u0131 \u015eehrinde Baban\u0131n G\u00f6lgesini \u0130zlemek<\/a><\/li>\n\n\n\n<li><a href=\"#\">42. B\u00f6l\u00fcm | Derinkuyu Yeralt\u0131 \u015eehrinde Kalan \u0130zler<\/a><\/li>\n\n\n\n<li><a href=\"#\">43. B\u00f6l\u00fcm | Derinkuyu Yeralt\u0131 \u015eehrinde Bir \u015eeye Benzeyen Harfler<\/a><\/li>\n\n\n\n<li><a href=\"#\">44. B\u00f6l\u00fcm | Derinkuyu Yeralt\u0131 \u015eehrinde Kimsenin Olmamas\u0131 Gereken Koridor<\/a><\/li>\n\n\n\n<li><a href=\"#\">45. B\u00f6l\u00fcm | Derinkuyu Yeralt\u0131 \u015eehrinde Dola\u015fan Bir His<\/a><\/li>\n\n\n\n<li><a href=\"#\">46. B\u00f6l\u00fcm | Derinkuyu Yeralt\u0131 \u015eehrinde Orada Olan Varl\u0131k<\/a><\/li>\n\n\n\n<li><a href=\"#\">47. B\u00f6l\u00fcm | Derinkuyu Yeralt\u0131 \u015eehrinde G\u00f6z G\u00f6ze Gelmek<\/a><\/li>\n\n\n\n<li><a href=\"#\">48. B\u00f6l\u00fcm | Derinkuyu Yeralt\u0131 \u015eehrinde Bir Ad\u0131m Yakla\u015fmak<\/a><\/li>\n\n\n\n<li><a href=\"#\">49. B\u00f6l\u00fcm | Derinkuyu Yeralt\u0131 \u015eehrinde Ka\u00e7mayan Varl\u0131k<\/a><\/li>\n\n\n\n<li><a href=\"#\">50. B\u00f6l\u00fcm | Derinkuyu Yeralt\u0131 \u015eehrinde Elini Uzatmak<\/a><\/li>\n<\/ul>\n\n\n\n<hr class=\"wp-block-separator has-alpha-channel-opacity\"\/>\n\n\n\n<p>Bu hik\u00e2ye toplam 300 b\u00f6l\u00fcm olarak planlanm\u0131\u015ft\u0131r.<br>Yeni b\u00f6l\u00fcmler s\u0131rayla eklenecektir.<\/p>\n\n\n\n<div class=\"swell-block-button red_ -size-l is-style-btn_normal\"><a href=\"\" class=\"swell-block-button__link\"><span>&#x25b6; 1. B\u00f6l\u00fcm | Yolculu\u011fa Ba\u015fla<\/span><\/a><\/div>\n","protected":false},"excerpt":{"rendered":"<p>Sessiz yolculuk burada ba\u015fl\u0131yor.Ankara\u2019dan Kapadokya\u2019ya.Ve sonra, g\u00f6r\u00fcnmeyen yolun daha da derinine. Bu sayfa, Bar\u0131\u015f ve Noah \u2014 G\u00f6r\u00fcnmeyen Bir Yolda hik\u00e2yesinin b\u00f6l\u00fcm listesidir.Hik\u00e2yeyi 1. b\u00f6l\u00fcmden itibaren s\u0131rayla okuman\u0131z\u0131 \u00f6neririz. 1. K\u0131s\u0131m | Ankara \u2014 Sessiz Bir Ayr\u0131l\u0131\u015f 2. K\u0131s\u0131m | Kapadokya, G\u00f6reme \u2014 G\u00f6r\u00fcnmeyen Yolun Ba\u015flang\u0131c\u0131 3. K\u0131s\u0131m | A\u015fk Vadisi ve Zelve \u2014 Yakla\u015fan [&hellip;]<\/p>\n","protected":false},"author":1,"featured_media":8893,"parent":9085,"menu_order":0,"comment_status":"closed","ping_status":"closed","template":"","meta":{"swell_btn_cv_data":"","footnotes":""},"class_list":["post-8761","page","type-page","status-publish","has-post-thumbnail","hentry"],"_links":{"self":[{"href":"https:\/\/worldwatch.tokyo\/tr\/wp-json\/wp\/v2\/pages\/8761","targetHints":{"allow":["GET"]}}],"collection":[{"href":"https:\/\/worldwatch.tokyo\/tr\/wp-json\/wp\/v2\/pages"}],"about":[{"href":"https:\/\/worldwatch.tokyo\/tr\/wp-json\/wp\/v2\/types\/page"}],"author":[{"embeddable":true,"href":"https:\/\/worldwatch.tokyo\/tr\/wp-json\/wp\/v2\/users\/1"}],"replies":[{"embeddable":true,"href":"https:\/\/worldwatch.tokyo\/tr\/wp-json\/wp\/v2\/comments?post=8761"}],"version-history":[{"count":2,"href":"https:\/\/worldwatch.tokyo\/tr\/wp-json\/wp\/v2\/pages\/8761\/revisions"}],"predecessor-version":[{"id":8782,"href":"https:\/\/worldwatch.tokyo\/tr\/wp-json\/wp\/v2\/pages\/8761\/revisions\/8782"}],"up":[{"embeddable":true,"href":"https:\/\/worldwatch.tokyo\/tr\/wp-json\/wp\/v2\/pages\/9085"}],"wp:featuredmedia":[{"embeddable":true,"href":"https:\/\/worldwatch.tokyo\/tr\/wp-json\/wp\/v2\/media\/8893"}],"wp:attachment":[{"href":"https:\/\/worldwatch.tokyo\/tr\/wp-json\/wp\/v2\/media?parent=8761"}],"curies":[{"name":"wp","href":"https:\/\/api.w.org\/{rel}","templated":true}]}}