{"id":8942,"date":"2026-05-11T13:25:38","date_gmt":"2026-05-11T04:25:38","guid":{"rendered":"https:\/\/worldwatch.tokyo\/?page_id=8942"},"modified":"2026-05-12T05:15:44","modified_gmt":"2026-05-11T20:15:44","slug":"the-world","status":"publish","type":"page","link":"https:\/\/worldwatch.tokyo\/tr\/baris-and-noah\/the-world\/","title":{"rendered":"Bar\u0131\u015f ve Noah\u2019\u0131n D\u00fcnyas\u0131"},"content":{"rendered":"\n<figure class=\"wp-block-image size-large\"><img decoding=\"async\" width=\"1024\" height=\"576\" src=\"https:\/\/worldwatch.tokyo\/wp-content\/uploads\/2026\/05\/baris-noah-cappadocia-morning-valley-1024x576.webp\" alt=\"Bar\u0131\u015f ve Noah'\u0131n sabah \u0131\u015f\u0131\u011f\u0131nda Kapadokya vadilerine bakt\u0131\u011f\u0131 sahne\" class=\"wp-image-8937\" srcset=\"https:\/\/worldwatch.tokyo\/wp-content\/uploads\/2026\/05\/baris-noah-cappadocia-morning-valley-1024x576.webp 1024w, https:\/\/worldwatch.tokyo\/wp-content\/uploads\/2026\/05\/baris-noah-cappadocia-morning-valley-400x225.webp 400w, https:\/\/worldwatch.tokyo\/wp-content\/uploads\/2026\/05\/baris-noah-cappadocia-morning-valley-768x432.webp 768w, https:\/\/worldwatch.tokyo\/wp-content\/uploads\/2026\/05\/baris-noah-cappadocia-morning-valley-1536x864.webp 1536w, https:\/\/worldwatch.tokyo\/wp-content\/uploads\/2026\/05\/baris-noah-cappadocia-morning-valley.webp 1600w\" sizes=\"(max-width: 1024px) 100vw, 1024px\" \/><figcaption class=\"wp-element-caption\">Kapadokya vadilerinin \u00fczerinde sessiz bir sabah.<\/figcaption><\/figure>\n\n\n<div class=\"bn-world-page\">\n<p>Burada d\u00fcnyay\u0131 kurtaran<br \/>kahramanlar yok.<\/p>\n<p>Se\u00e7ilmi\u015f ki\u015filer yok.<br \/>Kaderden s\u00f6z eden peygamberler de yok.<\/p>\n<p>Sadece sessizce<br \/>y\u00fcr\u00fcmeye devam eden insanlar var.<\/p>\n<hr \/>\n<div id=\"ez-toc-container\" class=\"ez-toc-v2_0_83 counter-hierarchy ez-toc-counter ez-toc-grey ez-toc-container-direction\">\n<div class=\"ez-toc-title-container\">\n<p class=\"ez-toc-title\" style=\"cursor:inherit\">Table of Contents<\/p>\n<span class=\"ez-toc-title-toggle\"><a href=\"#\" class=\"ez-toc-pull-right ez-toc-btn ez-toc-btn-xs ez-toc-btn-default ez-toc-toggle\" aria-label=\"\u0130\u00e7indekiler Tablosunu A\u00e7\/Kapat\"><span class=\"ez-toc-js-icon-con\"><span class=\"\"><span class=\"eztoc-hide\" style=\"display:none;\">Toggle<\/span><span class=\"ez-toc-icon-toggle-span\"><svg style=\"fill: #999;color:#999\" xmlns=\"http:\/\/www.w3.org\/2000\/svg\" class=\"list-377408\" width=\"20px\" height=\"20px\" viewBox=\"0 0 24 24\" fill=\"none\"><path d=\"M6 6H4v2h2V6zm14 0H8v2h12V6zM4 11h2v2H4v-2zm16 0H8v2h12v-2zM4 16h2v2H4v-2zm16 0H8v2h12v-2z\" fill=\"currentColor\"><\/path><\/svg><svg style=\"fill: #999;color:#999\" class=\"arrow-unsorted-368013\" xmlns=\"http:\/\/www.w3.org\/2000\/svg\" width=\"10px\" height=\"10px\" viewBox=\"0 0 24 24\" version=\"1.2\" baseProfile=\"tiny\"><path d=\"M18.2 9.3l-6.2-6.3-6.2 6.3c-.2.2-.3.4-.3.7s.1.5.3.7c.2.2.4.3.7.3h11c.3 0 .5-.1.7-.3.2-.2.3-.5.3-.7s-.1-.5-.3-.7zM5.8 14.7l6.2 6.3 6.2-6.3c.2-.2.3-.5.3-.7s-.1-.5-.3-.7c-.2-.2-.4-.3-.7-.3h-11c-.3 0-.5.1-.7.3-.2.2-.3.5-.3.7s.1.5.3.7z\"\/><\/svg><\/span><\/span><\/span><\/a><\/span><\/div>\n<nav><ul class='ez-toc-list ez-toc-list-level-1 ' ><li class='ez-toc-page-1 ez-toc-heading-level-2'><a class=\"ez-toc-link ez-toc-heading-1\" href=\"https:\/\/worldwatch.tokyo\/tr\/baris-and-noah\/the-world\/#Hikayenin_Dunyasi\" >Hik\u00e2yenin D\u00fcnyas\u0131<\/a><\/li><li class='ez-toc-page-1 ez-toc-heading-level-2'><a class=\"ez-toc-link ez-toc-heading-2\" href=\"https:\/\/worldwatch.tokyo\/tr\/baris-and-noah\/the-world\/#Baris\" >Bar\u0131\u015f<\/a><\/li><li class='ez-toc-page-1 ez-toc-heading-level-2'><a class=\"ez-toc-link ez-toc-heading-3\" href=\"https:\/\/worldwatch.tokyo\/tr\/baris-and-noah\/the-world\/#Noah\" >Noah<\/a><\/li><li class='ez-toc-page-1 ez-toc-heading-level-2'><a class=\"ez-toc-link ez-toc-heading-4\" href=\"https:\/\/worldwatch.tokyo\/tr\/baris-and-noah\/the-world\/#Bu_Hikaye_Hakkinda\" >Bu Hik\u00e2ye Hakk\u0131nda<\/a><\/li><li class='ez-toc-page-1 ez-toc-heading-level-2'><a class=\"ez-toc-link ez-toc-heading-5\" href=\"https:\/\/worldwatch.tokyo\/tr\/baris-and-noah\/the-world\/#Gorunmeyen_Yol\" >G\u00f6r\u00fcnmeyen Yol<\/a><\/li><\/ul><\/nav><\/div>\n<h2><span class=\"ez-toc-section\" id=\"Hikayenin_Dunyasi\"><\/span>Hik\u00e2yenin D\u00fcnyas\u0131<span class=\"ez-toc-section-end\"><\/span><\/h2>\n<p><em>Bar\u0131\u015f ve Noah \u2014 G\u00f6r\u00fcnmeyen Bir Yolda Y\u00fcr\u00fcmek<\/em><br \/>T\u00fcrkiye\u2019nin topraklar\u0131nda ge\u00e7en bir yol hik\u00e2yesidir.<\/p>\n<p>Ankara\u2019n\u0131n kuru sokaklar\u0131.<br \/>Kapadokya\u2019n\u0131n r\u00fczg\u00e2r\u0131.<br \/>Karadeniz\u2019in ya\u011fmuru.<br \/>Do\u011fudaki sessiz da\u011flar.<br \/>Eski ta\u015f yollar.<br \/>G\u00fcn bat\u0131m\u0131ndaki camiler.<br \/>\u0130simsiz yollar.<\/p>\n<p>Bu yerler yaln\u0131zca bir arka plan de\u011fildir.<\/p>\n<p>Her yerin havas\u0131,<br \/>sessizli\u011fi ve uzakl\u0131\u011f\u0131,<br \/>Bar\u0131\u015f\u2019\u0131 yava\u015f yava\u015f i\u00e7ten de\u011fi\u015ftirmeye ba\u015flar.<\/p>\n<hr \/>\n<h2><span class=\"ez-toc-section\" id=\"Baris\"><\/span>Bar\u0131\u015f<span class=\"ez-toc-section-end\"><\/span><\/h2>\n<p>Bar\u0131\u015f,<br \/>hayat\u0131n bir yerinde durup kalm\u0131\u015f bir adamd\u0131r.<\/p>\n<p>Babas\u0131n\u0131n geride b\u0131rakt\u0131klar\u0131.<br \/>Ailesinin i\u00e7indeki mesafe.<br \/>Ad\u0131n\u0131 koyamad\u0131\u011f\u0131 bir bo\u015fluk.<\/p>\n<p>Bir \u015fey aramaktad\u0131r.<\/p>\n<p>Ama neyi arad\u0131\u011f\u0131n\u0131<br \/>kendisi bile tam olarak anlatamaz.<\/p>\n<hr \/>\n<h2><span class=\"ez-toc-section\" id=\"Noah\"><\/span>Noah<span class=\"ez-toc-section-end\"><\/span><\/h2>\n<p>Noah,<br \/>yolculuk s\u0131ras\u0131nda ortaya \u00e7\u0131kan bir Anadolu k\u00f6pe\u011fidir.<\/p>\n<p>Sessiz.<br \/>Dikkatli.<br \/>Neredeyse hi\u00e7 konu\u015fmayan biri gibi.<\/p>\n<p>Ama Noah ortaya \u00e7\u0131kt\u0131ktan sonra,<br \/>Bar\u0131\u015f\u2019\u0131n yolculu\u011funun y\u00f6n\u00fc yava\u015f\u00e7a de\u011fi\u015fmeye ba\u015flar.<\/p>\n<p>Noah sadece bir k\u00f6pek mi?<\/p>\n<p>Yoksa daha fazlas\u0131 m\u0131?<\/p>\n<p>Hik\u00e2ye bu cevab\u0131 vermek i\u00e7in acele etmiyor.<\/p>\n<hr \/>\n<h2><span class=\"ez-toc-section\" id=\"Bu_Hikaye_Hakkinda\"><\/span>Bu Hik\u00e2ye Hakk\u0131nda<span class=\"ez-toc-section-end\"><\/span><\/h2>\n<p>Bu hik\u00e2ye yaln\u0131zca b\u00fcy\u00fck olaylarla ilerlemiyor.<\/p>\n<p>Sessizlik.<br \/>Bak\u0131\u015flar.<br \/>R\u00fczg\u00e2r\u0131n sesi.<br \/>Kelimelere d\u00f6n\u00fc\u015fmeyen duygular.<\/p>\n<p>Yolculuk,<br \/>bazen b\u00f6yle k\u00fc\u00e7\u00fck anlarla ilerliyor.<\/p>\n<hr \/>\n<h2><span class=\"ez-toc-section\" id=\"Gorunmeyen_Yol\"><\/span>G\u00f6r\u00fcnmeyen Yol<span class=\"ez-toc-section-end\"><\/span><\/h2>\n<p>Hayatta<br \/>haritas\u0131 olmayan yollar vard\u0131r.<\/p>\n<p>Bazen insanlar,<br \/>cevab\u0131n nerede oldu\u011funu bilmeden<br \/>y\u00fcr\u00fcmeye devam etmek zorunda kal\u0131r.<\/p>\n<p>Ve yine de,<br \/>insan y\u00fcr\u00fcmeyi s\u00fcrd\u00fcr\u00fcr \u2014<\/p>\n<p>birini d\u00fc\u015f\u00fcnerek,<br \/>g\u00f6r\u00fcnmeyen bir \u015feye tutunarak,<br \/>inanmaya \u00e7al\u0131\u015farak.<\/p>\n<p><em>Bar\u0131\u015f ve Noah<\/em><br \/>g\u00f6r\u00fcnmeyen yollarda y\u00fcr\u00fcyen insanlar\u0131n hik\u00e2yesidir.<\/p>\n<\/div>","protected":false},"excerpt":{"rendered":"<p>Burada d\u00fcnyay\u0131 kurtarankahramanlar yok. Se\u00e7ilmi\u015f ki\u015filer yok.Kaderden s\u00f6z eden peygamberler de yok. Sadece sessizcey\u00fcr\u00fcmeye devam eden insanlar var. Hik\u00e2yenin D\u00fcnyas\u0131 Bar\u0131\u015f ve Noah \u2014 G\u00f6r\u00fcnmeyen Bir Yolda Y\u00fcr\u00fcmekT\u00fcrkiye\u2019nin topraklar\u0131nda ge\u00e7en bir yol hik\u00e2yesidir. Ankara\u2019n\u0131n kuru sokaklar\u0131.Kapadokya\u2019n\u0131n r\u00fczg\u00e2r\u0131.Karadeniz\u2019in ya\u011fmuru.Do\u011fudaki sessiz da\u011flar.Eski ta\u015f yollar.G\u00fcn bat\u0131m\u0131ndaki camiler.\u0130simsiz yollar. Bu yerler yaln\u0131zca bir arka plan de\u011fildir. Her yerin havas\u0131,sessizli\u011fi [&hellip;]<\/p>\n","protected":false},"author":1,"featured_media":8943,"parent":9085,"menu_order":0,"comment_status":"closed","ping_status":"closed","template":"","meta":{"swell_btn_cv_data":"","footnotes":""},"class_list":["post-8942","page","type-page","status-publish","has-post-thumbnail","hentry"],"_links":{"self":[{"href":"https:\/\/worldwatch.tokyo\/tr\/wp-json\/wp\/v2\/pages\/8942","targetHints":{"allow":["GET"]}}],"collection":[{"href":"https:\/\/worldwatch.tokyo\/tr\/wp-json\/wp\/v2\/pages"}],"about":[{"href":"https:\/\/worldwatch.tokyo\/tr\/wp-json\/wp\/v2\/types\/page"}],"author":[{"embeddable":true,"href":"https:\/\/worldwatch.tokyo\/tr\/wp-json\/wp\/v2\/users\/1"}],"replies":[{"embeddable":true,"href":"https:\/\/worldwatch.tokyo\/tr\/wp-json\/wp\/v2\/comments?post=8942"}],"version-history":[{"count":3,"href":"https:\/\/worldwatch.tokyo\/tr\/wp-json\/wp\/v2\/pages\/8942\/revisions"}],"predecessor-version":[{"id":8948,"href":"https:\/\/worldwatch.tokyo\/tr\/wp-json\/wp\/v2\/pages\/8942\/revisions\/8948"}],"up":[{"embeddable":true,"href":"https:\/\/worldwatch.tokyo\/tr\/wp-json\/wp\/v2\/pages\/9085"}],"wp:featuredmedia":[{"embeddable":true,"href":"https:\/\/worldwatch.tokyo\/tr\/wp-json\/wp\/v2\/media\/8943"}],"wp:attachment":[{"href":"https:\/\/worldwatch.tokyo\/tr\/wp-json\/wp\/v2\/media?parent=8942"}],"curies":[{"name":"wp","href":"https:\/\/api.w.org\/{rel}","templated":true}]}}