{"id":9085,"date":"2026-05-14T04:17:10","date_gmt":"2026-05-13T19:17:10","guid":{"rendered":"https:\/\/worldwatch.tokyo\/?page_id=9085"},"modified":"2026-05-14T04:17:10","modified_gmt":"2026-05-13T19:17:10","slug":"baris-and-noah","status":"publish","type":"page","link":"https:\/\/worldwatch.tokyo\/tr\/baris-and-noah\/","title":{"rendered":"Bar\u0131\u015f ve Noah \u2014 G\u00f6r\u00fcnmeyen Yolda Y\u00fcr\u00fcmek Kalbi iyile\u015ftiren bir yolculu\u011fun hikayesi"},"content":{"rendered":"\n<figure class=\"wp-block-image size-large\"><img decoding=\"async\" width=\"683\" height=\"1024\" src=\"https:\/\/worldwatch.tokyo\/wp-content\/uploads\/2026\/04\/baris-and-noah-invisible-road-turkey-story-cover-683x1024.webp\" alt=\"A man and his dog overlooking a sunset city in Turkey, representing the story of Bar\u0131\u015f and Noah walking an invisible road\" class=\"wp-image-8085\" srcset=\"https:\/\/worldwatch.tokyo\/wp-content\/uploads\/2026\/04\/baris-and-noah-invisible-road-turkey-story-cover-683x1024.webp 683w, https:\/\/worldwatch.tokyo\/wp-content\/uploads\/2026\/04\/baris-and-noah-invisible-road-turkey-story-cover-267x400.webp 267w, https:\/\/worldwatch.tokyo\/wp-content\/uploads\/2026\/04\/baris-and-noah-invisible-road-turkey-story-cover-768x1152.webp 768w, https:\/\/worldwatch.tokyo\/wp-content\/uploads\/2026\/04\/baris-and-noah-invisible-road-turkey-story-cover.webp 900w\" sizes=\"(max-width: 683px) 100vw, 683px\" \/><figcaption class=\"wp-element-caption\">The Path of Bar\u0131\u015f and Noah \u2014 Walking an Invisible Road (Aran Noor)<\/figcaption><\/figure>\n\n\n\n<!-- Language CTA -->\n<div class=\"lang-cta\" aria-label=\"Dil se\u00e7imi\">\n  <p class=\"lang-cta__title\">Dil se\u00e7imi<\/p>\n\n  <nav class=\"lang-cta__grid\" aria-label=\"Dil de\u011fi\u015ftirme\">\n\n    <!-- \u65e5\u672c\u8a9e -->\n    <a class=\"lang-cta__btn\" href=\"\/ja\/\" hreflang=\"ja\" aria-label=\"Japonca siteye ge\u00e7\">\n      <span class=\"lang-cta__flag\" aria-hidden=\"true\">\n        <svg viewBox=\"0 0 3 2\" xmlns=\"http:\/\/www.w3.org\/2000\/svg\">\n          <rect width=\"3\" height=\"2\" fill=\"#ffffff\"\/>\n          <circle cx=\"1.5\" cy=\"1\" r=\"0.6\" fill=\"#bc002d\"\/>\n        <\/svg>\n      <\/span>\n      <span class=\"lang-cta__label\" lang=\"ja\">\u65e5\u672c\u8a9e<\/span>\n    <\/a>\n\n    <!-- English -->\n    <a class=\"lang-cta__btn\" href=\"\/\" hreflang=\"en\" aria-label=\"\u0130ngilizce siteye ge\u00e7\">\n      <span class=\"lang-cta__flag\" aria-hidden=\"true\">\n        <svg viewBox=\"0 0 60 30\" xmlns=\"http:\/\/www.w3.org\/2000\/svg\">\n          <rect width=\"60\" height=\"30\" fill=\"#012169\"\/>\n          <path d=\"M0,0 L60,30 M60,0 L0,30\" stroke=\"#ffffff\" stroke-width=\"6\"\/>\n          <rect x=\"0\" y=\"12\" width=\"60\" height=\"6\" fill=\"#ffffff\"\/>\n          <rect x=\"27\" y=\"0\" width=\"6\" height=\"30\" fill=\"#ffffff\"\/>\n          <path d=\"M0,0 L60,30 M60,0 L0,30\" stroke=\"#C8102E\" stroke-width=\"4\"\/>\n          <rect x=\"0\" y=\"13\" width=\"60\" height=\"4\" fill=\"#C8102E\"\/>\n          <rect x=\"28\" y=\"0\" width=\"4\" height=\"30\" fill=\"#C8102E\"\/>\n        <\/svg>\n      <\/span>\n      <span class=\"lang-cta__label\" lang=\"en\">English<\/span>\n    <\/a>\n\n    <!-- T\u00fcrk\u00e7e -->\n    <a class=\"lang-cta__btn\" href=\"\/tr\/\" hreflang=\"tr\" aria-label=\"T\u00fcrk\u00e7e siteye ge\u00e7\">\n      <span class=\"lang-cta__flag\" aria-hidden=\"true\">\n        <svg viewBox=\"0 0 3 2\" xmlns=\"http:\/\/www.w3.org\/2000\/svg\">\n          <rect width=\"3\" height=\"2\" fill=\"#e30a17\"\/>\n          <circle cx=\"1.2\" cy=\"1\" r=\"0.50\" fill=\"#ffffff\"\/>\n          <circle cx=\"1.35\" cy=\"1\" r=\"0.40\" fill=\"#e30a17\"\/>\n          <polygon points=\"2.0,1 2.18,1.06 2.09,0.89 2.22,0.77 2.04,0.77 2.0,0.60 1.96,0.77 1.78,0.77 1.91,0.89 1.82,1.06\" fill=\"#ffffff\"\/>\n        <\/svg>\n      <\/span>\n      <span class=\"lang-cta__label\" lang=\"tr\">T\u00fcrk\u00e7e<\/span>\n    <\/a>\n\n    <!-- Deutsch -->\n    <a class=\"lang-cta__btn\" href=\"\/de\/\" hreflang=\"de\" aria-label=\"Almanca siteye ge\u00e7\">\n      <span class=\"lang-cta__flag\" aria-hidden=\"true\">\n        <svg viewBox=\"0 0 5 3\" xmlns=\"http:\/\/www.w3.org\/2000\/svg\">\n          <rect width=\"5\" height=\"3\" fill=\"#ffce00\"\/>\n          <rect width=\"5\" height=\"2\" y=\"0\" fill=\"#000000\"\/>\n          <rect width=\"5\" height=\"1\" y=\"1\" fill=\"#dd0000\"\/>\n        <\/svg>\n      <\/span>\n      <span class=\"lang-cta__label\" lang=\"de\">Deutsch<\/span>\n    <\/a>\n\n  <\/nav>\n<\/div>\n\n\n\n<div id=\"ez-toc-container\" class=\"ez-toc-v2_0_83 counter-hierarchy ez-toc-counter ez-toc-grey ez-toc-container-direction\">\n<div class=\"ez-toc-title-container\">\n<p class=\"ez-toc-title\" style=\"cursor:inherit\">Table of Contents<\/p>\n<span class=\"ez-toc-title-toggle\"><a href=\"#\" class=\"ez-toc-pull-right ez-toc-btn ez-toc-btn-xs ez-toc-btn-default ez-toc-toggle\" aria-label=\"\u0130\u00e7indekiler Tablosunu A\u00e7\/Kapat\"><span class=\"ez-toc-js-icon-con\"><span class=\"\"><span class=\"eztoc-hide\" style=\"display:none;\">Toggle<\/span><span class=\"ez-toc-icon-toggle-span\"><svg style=\"fill: #999;color:#999\" xmlns=\"http:\/\/www.w3.org\/2000\/svg\" class=\"list-377408\" width=\"20px\" height=\"20px\" viewBox=\"0 0 24 24\" fill=\"none\"><path d=\"M6 6H4v2h2V6zm14 0H8v2h12V6zM4 11h2v2H4v-2zm16 0H8v2h12v-2zM4 16h2v2H4v-2zm16 0H8v2h12v-2z\" fill=\"currentColor\"><\/path><\/svg><svg style=\"fill: #999;color:#999\" class=\"arrow-unsorted-368013\" xmlns=\"http:\/\/www.w3.org\/2000\/svg\" width=\"10px\" height=\"10px\" viewBox=\"0 0 24 24\" version=\"1.2\" baseProfile=\"tiny\"><path d=\"M18.2 9.3l-6.2-6.3-6.2 6.3c-.2.2-.3.4-.3.7s.1.5.3.7c.2.2.4.3.7.3h11c.3 0 .5-.1.7-.3.2-.2.3-.5.3-.7s-.1-.5-.3-.7zM5.8 14.7l6.2 6.3 6.2-6.3c.2-.2.3-.5.3-.7s-.1-.5-.3-.7c-.2-.2-.4-.3-.7-.3h-11c-.3 0-.5.1-.7.3-.2.2-.3.5-.3.7s.1.5.3.7z\"\/><\/svg><\/span><\/span><\/span><\/a><\/span><\/div>\n<nav><ul class='ez-toc-list ez-toc-list-level-1 ' ><li class='ez-toc-page-1 ez-toc-heading-level-2'><a class=\"ez-toc-link ez-toc-heading-1\" href=\"https:\/\/worldwatch.tokyo\/tr\/baris-and-noah\/#Insan_neden_gorunmeyen_yollarda_yurur\" >\u0130nsan neden g\u00f6r\u00fcnmeyen yollarda y\u00fcr\u00fcr?<\/a><\/li><li class='ez-toc-page-1 ez-toc-heading-level-2'><a class=\"ez-toc-link ez-toc-heading-2\" href=\"https:\/\/worldwatch.tokyo\/tr\/baris-and-noah\/#Hikaye\" >Hikaye<\/a><\/li><li class='ez-toc-page-1 ez-toc-heading-level-2'><a class=\"ez-toc-link ez-toc-heading-3\" href=\"https:\/\/worldwatch.tokyo\/tr\/baris-and-noah\/#Bu_hikayede_ne_bulacaksin\" >Bu hikayede ne bulacaks\u0131n?<\/a><\/li><li class='ez-toc-page-1 ez-toc-heading-level-2'><a class=\"ez-toc-link ez-toc-heading-4\" href=\"https:\/\/worldwatch.tokyo\/tr\/baris-and-noah\/#Nasil_okunur\" >Nas\u0131l okunur?<\/a><\/li><\/ul><\/nav><\/div>\n<h2 class=\"wp-block-heading\"><span class=\"ez-toc-section\" id=\"Insan_neden_gorunmeyen_yollarda_yurur\"><\/span>\u0130nsan neden g\u00f6r\u00fcnmeyen yollarda y\u00fcr\u00fcr?<span class=\"ez-toc-section-end\"><\/span><\/h2>\n\n\n\n<p>Hayatta, haritas\u0131 olmayan yollar vard\u0131r.<\/p>\n\n\n\n<p>Yine de insan y\u00fcr\u00fcmeye devam eder.<br>Sanki g\u00f6r\u00fcnmeyen bir \u015fey onu \u00e7a\u011f\u0131r\u0131yormu\u015f gibi.<\/p>\n\n\n\n<p>Bu, T\u00fcrkiye\u2019nin topraklar\u0131nda ge\u00e7en<br data-start=\"629\" data-end=\"632\">bir adam ve bir k\u00f6pe\u011fin hikayesidir.<\/p>\n\n\n\n<p>Sessiz kar\u015f\u0131la\u015fmalar, k\u00fc\u00e7\u00fck mucizeler<br data-start=\"707\" data-end=\"710\">ve kalbi derinden sarsan ger\u00e7ekler\u2026<\/p>\n\n\n\n<p>Bu hikaye, senin kalbine usulca bir soru f\u0131s\u0131ldar:<\/p>\n\n\n\n<p><strong>\u201cSen neden y\u00fcr\u00fcyorsun?\u201d<\/strong><br><br><\/p>\n\n\n\n<div class=\"swell-block-button red_ -size-l is-style-btn_normal\"><a href=\"\" class=\"swell-block-button__link\"><span>&#x25b6; 1.B\u00f6l\u00fcm\u00fc Oku \u2014 Yolculu\u011fun Ba\u015flang\u0131c\u0131<\/span><\/a><\/div>\n\n\n\n<!-- Bar\u0131\u015f & Noah Story Navigation -->\n<section style=\"\nmax-width:1280px;\nmargin:72px auto 88px;\ntext-align:center;\nfont-family:Georgia,'Times New Roman',serif;\n\">\n\n  <div style=\"position:relative; width:100%;\">\n\n    <img decoding=\"async\"\n      src=\"https:\/\/worldwatch.tokyo\/wp-content\/uploads\/2026\/05\/baris-noah-story-navigation.webp\"\n      alt=\"Watercolor-style navigation artwork for the Bar\u0131\u015f and Noah story world\"\n      style=\"width:100%; height:auto; display:block;\"\n    >\n\n    <!-- Episodes -->\n    <a href=\"\/baris-and-noah\/episodes\/\" style=\"\n    position:absolute;\n    left:39%;\n    bottom:13%;\n    transform:translateX(-50%);\n    text-decoration:none;\n    color:#082b55;\n    font-size:25px;\n    font-weight:700;\n    letter-spacing:0.05em;\n    \">\n      Episodes\n    <\/a>\n\n    <!-- Characters -->\n    <a href=\"\/baris-and-noah\/characters\/\" style=\"\n    position:absolute;\n    left:60.5%;\n    bottom:13%;\n    transform:translateX(-50%);\n    text-decoration:none;\n    color:#082b55;\n    font-size:25px;\n    font-weight:700;\n    letter-spacing:0.05em;\n    \">\n      Characters\n    <\/a>\n\n    <!-- World -->\n    <a href=\"\/baris-and-noah\/the-world\/\" style=\"\n    position:absolute;\n    left:83%;\n    bottom:13%;\n    transform:translateX(-50%);\n    text-decoration:none;\n    color:#082b55;\n    font-size:25px;\n    font-weight:700;\n    letter-spacing:0.05em;\n    \">\n      World\n    <\/a>\n\n  <\/div>\n\n<\/section>\n\n\n\n<h2 class=\"wp-block-heading\"><span class=\"ez-toc-section\" id=\"Hikaye\"><\/span>Hikaye<span class=\"ez-toc-section-end\"><\/span><\/h2>\n\n\n\n<p>Bar\u0131\u015f, Ankara\u2019da sakin bir hayat s\u00fcren bir adamd\u0131r.<\/p>\n\n\n\n<p>Bir g\u00fcn, nedenini tam olarak bilmeden<br data-start=\"1008\" data-end=\"1011\">yola \u00e7\u0131kmaya karar verir.<\/p>\n\n\n\n<p>Yolculu\u011fu s\u0131ras\u0131nda, Kapadokya\u2019da<br data-start=\"1071\" data-end=\"1074\">Noah ad\u0131nda bir k\u00f6pekle kar\u015f\u0131la\u015f\u0131r.<\/p>\n\n\n\n<p>Konu\u015famayan bu varl\u0131k,<br data-start=\"1133\" data-end=\"1136\">nedense onun kalbine derinden dokunur.<\/p>\n\n\n\n<p>Bu bir tesad\u00fcf m\u00fcyd\u00fc,<br data-start=\"1197\" data-end=\"1200\">yoksa bir \u00e7a\u011fr\u0131 m\u0131?<\/p>\n\n\n\n<p>T\u00fcrkiye\u2019nin farkl\u0131 \u015fehirlerini dola\u015f\u0131rken,<br data-start=\"1263\" data-end=\"1266\">ikisi de g\u00f6r\u00fcnmeyen bir \u015fey taraf\u0131ndan y\u00f6nlendirilir.<\/p>\n\n\n\n<p>Bu hikaye;<br>hayat\u0131n anlam\u0131n\u0131, g\u00fcveni, sevgiyi<br>ve \u201cg\u00f6r\u00fcnmeyen yolu\u201d arayan bir yolculu\u011fu anlat\u0131r.<\/p>\n\n\n\n<h2 class=\"wp-block-heading\"><span class=\"ez-toc-section\" id=\"Bu_hikayede_ne_bulacaksin\"><\/span>Bu hikayede ne bulacaks\u0131n?<span class=\"ez-toc-section-end\"><\/span><\/h2>\n\n\n\n<ul class=\"wp-block-list\">\n<li>Kalbine dokunan bir hikaye<\/li>\n\n\n\n<li>Hayat\u0131n anlam\u0131 \u00fczerine d\u00fc\u015f\u00fcnceler<\/li>\n\n\n\n<li>T\u00fcrkiye\u2019nin b\u00fcy\u00fcleyici manzaralar\u0131 ve k\u00fclt\u00fcr\u00fc<\/li>\n\n\n\n<li>\u0130nsan ile hayvan aras\u0131ndaki derin ba\u011f<\/li>\n\n\n\n<li>G\u00f6r\u00fcnmeyen bir rehberli\u011fin hissi<\/li>\n<\/ul>\n\n\n\n<h2 class=\"wp-block-heading\"><span class=\"ez-toc-section\" id=\"Nasil_okunur\"><\/span>Nas\u0131l okunur?<span class=\"ez-toc-section-end\"><\/span><\/h2>\n\n\n\n<p>\u0130lk defa okuyorsan\u2026<\/p>\n\n\n\n<p>Bu hikaye toplam 300 b\u00f6l\u00fcmden olu\u015fur.<\/p>\n\n\n\n<p>\u00d6nce <strong data-start=\"1778\" data-end=\"1813\">1. b\u00f6l\u00fcmden ba\u015flaman\u0131 \u00f6neririz.<\/strong><br data-start=\"1813\" data-end=\"1816\">Ama istersen ilgini \u00e7eken bir ba\u015fl\u0131ktan da ba\u015flayabilirsin.<\/p>\n\n\n\n<p>Bu yolculuk, belki de senin kalbinle bir yerde kesi\u015fiyor.<\/p>\n\n\n\n<p>\u0130stersen\u2026<br>bu hikayede biraz y\u00fcr\u00fcmeyi deneyebilirsin.<br><\/p>\n\n\n\n<div class=\"swell-block-button red_ -size-l is-style-btn_normal\"><a href=\"\" class=\"swell-block-button__link\"><span>&#x25b6; 1.B\u00f6l\u00fcm\u00fc Oku \u2014 Yolculu\u011fun Ba\u015flang\u0131c\u0131<\/span><\/a><\/div>\n\n\n\n<p>\u3000<br><\/p>\n\n\n\n<hr class=\"wp-block-separator has-alpha-channel-opacity\"\/>\n\n\n\n\n","protected":false},"excerpt":{"rendered":"<p>Dil se\u00e7imi \u65e5\u672c\u8a9e English T\u00fcrk\u00e7e Deutsch \u0130nsan neden g\u00f6r\u00fcnmeyen yollarda y\u00fcr\u00fcr? Hayatta, haritas\u0131 olmayan yollar vard\u0131r. Yine de insan y\u00fcr\u00fcmeye devam eder.Sanki g\u00f6r\u00fcnmeyen bir \u015fey onu \u00e7a\u011f\u0131r\u0131yormu\u015f gibi. Bu, T\u00fcrkiye\u2019nin topraklar\u0131nda ge\u00e7enbir adam ve bir k\u00f6pe\u011fin hikayesidir. Sessiz kar\u015f\u0131la\u015fmalar, k\u00fc\u00e7\u00fck mucizelerve kalbi derinden sarsan ger\u00e7ekler\u2026 Bu hikaye, senin kalbine usulca bir soru f\u0131s\u0131ldar: \u201cSen neden [&hellip;]<\/p>\n","protected":false},"author":1,"featured_media":8126,"parent":0,"menu_order":0,"comment_status":"closed","ping_status":"closed","template":"","meta":{"swell_btn_cv_data":"","footnotes":""},"class_list":["post-9085","page","type-page","status-publish","has-post-thumbnail","hentry"],"_links":{"self":[{"href":"https:\/\/worldwatch.tokyo\/tr\/wp-json\/wp\/v2\/pages\/9085","targetHints":{"allow":["GET"]}}],"collection":[{"href":"https:\/\/worldwatch.tokyo\/tr\/wp-json\/wp\/v2\/pages"}],"about":[{"href":"https:\/\/worldwatch.tokyo\/tr\/wp-json\/wp\/v2\/types\/page"}],"author":[{"embeddable":true,"href":"https:\/\/worldwatch.tokyo\/tr\/wp-json\/wp\/v2\/users\/1"}],"replies":[{"embeddable":true,"href":"https:\/\/worldwatch.tokyo\/tr\/wp-json\/wp\/v2\/comments?post=9085"}],"version-history":[{"count":5,"href":"https:\/\/worldwatch.tokyo\/tr\/wp-json\/wp\/v2\/pages\/9085\/revisions"}],"predecessor-version":[{"id":9100,"href":"https:\/\/worldwatch.tokyo\/tr\/wp-json\/wp\/v2\/pages\/9085\/revisions\/9100"}],"wp:featuredmedia":[{"embeddable":true,"href":"https:\/\/worldwatch.tokyo\/tr\/wp-json\/wp\/v2\/media\/8126"}],"wp:attachment":[{"href":"https:\/\/worldwatch.tokyo\/tr\/wp-json\/wp\/v2\/media?parent=9085"}],"curies":[{"name":"wp","href":"https:\/\/api.w.org\/{rel}","templated":true}]}}